{"id":86575,"date":"2019-02-10T14:03:42","date_gmt":"2019-02-10T13:03:42","guid":{"rendered":"https:\/\/www.seaflowerstore.com\/nl\/pab-cable-5mtr-profilux\/"},"modified":"2024-03-20T16:57:42","modified_gmt":"2024-03-20T15:57:42","slug":"pab-cable-5mtr-profilux","status":"publish","type":"product","link":"https:\/\/www.seaflowerstore.com\/de\/pab-cable-5mtr-profilux\/","title":{"rendered":"PAB cable 5mtr (profilux)"},"content":{"rendered":"<h2> PAB Cable with a length of 5 meters <\/h2>\n<p>Dieses Kabel ist f\u00fcr den Anschluss und die Verbindung Ihrer ProfiLux-Aquatic-Bus (PAB)-Ger\u00e4te konzipiert. Es ist eine zuverl\u00e4ssige Wahl, um eine reibungslose Verbindung zwischen Ihren Ger\u00e4ten zu gew\u00e4hrleisten.<\/p>\n","protected":false},"excerpt":{"rendered":"<p>PAB- Cable for connecting and connecting ProfiLux-Aquatic-Bus (PAB) devices<\/p>\n","protected":false},"featured_media":81265,"template":"","meta":[],"pwb-brand":[2157],"product_cat":[1537],"product_tag":[],"class_list":{"0":"post-86575","1":"product","2":"type-product","3":"status-publish","4":"has-post-thumbnail","6":"pwb-brand-ghl","7":"product_cat-aquarientechnik","8":"pa_show-myparcel-options-male-de","10":"first","11":"instock","12":"taxable","13":"shipping-taxable","14":"purchasable","15":"product-type-simple"},"acf":[],"brands":[{"id":2157,"name":"GHL","slug":"ghl"}],"_links":{"self":[{"href":"https:\/\/www.seaflowerstore.com\/de\/wp-json\/wp\/v2\/product\/86575","targetHints":{"allow":["GET"]}}],"collection":[{"href":"https:\/\/www.seaflowerstore.com\/de\/wp-json\/wp\/v2\/product"}],"about":[{"href":"https:\/\/www.seaflowerstore.com\/de\/wp-json\/wp\/v2\/types\/product"}],"wp:featuredmedia":[{"embeddable":true,"href":"https:\/\/www.seaflowerstore.com\/de\/wp-json\/wp\/v2\/media\/81265"}],"wp:attachment":[{"href":"https:\/\/www.seaflowerstore.com\/de\/wp-json\/wp\/v2\/media?parent=86575"}],"wp:term":[{"taxonomy":"pwb-brand","embeddable":true,"href":"https:\/\/www.seaflowerstore.com\/de\/wp-json\/wp\/v2\/pwb-brand?post=86575"},{"taxonomy":"product_cat","embeddable":true,"href":"https:\/\/www.seaflowerstore.com\/de\/wp-json\/wp\/v2\/product_cat?post=86575"},{"taxonomy":"product_tag","embeddable":true,"href":"https:\/\/www.seaflowerstore.com\/de\/wp-json\/wp\/v2\/product_tag?post=86575"}],"curies":[{"name":"wp","href":"https:\/\/api.w.org\/{rel}","templated":true}]}}