{"id":86576,"date":"2019-02-08T13:36:39","date_gmt":"2019-02-08T12:36:39","guid":{"rendered":"https:\/\/www.seaflowerstore.com\/nl\/kh-director-white\/"},"modified":"2024-03-20T16:57:40","modified_gmt":"2024-03-20T15:57:40","slug":"kh-director-white","status":"publish","type":"product","link":"https:\/\/www.seaflowerstore.com\/de\/kh-director-white\/","title":{"rendered":"KH Director, white"},"content":{"rendered":"<h2>KH Director, white Automated Alkalinity Monitoring and Control<\/h2>\n<p>Die Aufrechterhaltung der Alkalinit\u00e4t ist entscheidend f\u00fcr eine erfolgreiche Riffpflege; Stabilit\u00e4t ist unerl\u00e4sslich. Wenn Sie hervorragende Korallenwachstumsbedingungen anstreben, ist die Durchf\u00fchrung von Alkalinit\u00e4tstests unverzichtbar! Halten Sie sie stabil mit dem neuen KH Director. Mit diesem Ger\u00e4t k\u00f6nnen Sie die Alkalinit\u00e4t m\u00fchelos \u00fcberwachen, aufrechterhalten und steuern.<\/p>\n<p><strong>KH Director\u00ae \u2013 Funktionen:<\/strong><\/p>\n<ul>\n<li><strong>KH-Messgenauigkeit in Laborqualit\u00e4t.<\/strong> Messen Sie Ihre Alkalinit\u00e4t mit Laborpr\u00e4zision. Mit nur einer 100-ml-Wasserprobe kann KH Director\u00ae Messwerte mit einer Genauigkeit von 0,1\u00b0 dKH liefern.<\/li>\n<li><strong>Vom Benutzer einstellbares Testprobenvolumen.<\/strong> In der Praxis ist das Erreichen einer Genauigkeit von 0,1\u00b0 dKH nicht immer erforderlich. KH Director bietet die M\u00f6glichkeit, das Probenvolumen f\u00fcr jeden Test zu reduzieren und trotzdem mit einer kleineren Wasserprobe eine Genauigkeit von ca. 0,2\u00b0 dKH zu erreichen.<\/li>\n<li><strong>Messungen pro Tag einstellbar.<\/strong> Wenn der KH-Wert stabil bleibt, k\u00f6nnen Sie die Anzahl der Messungen reduzieren.<\/li>\n<li><strong>H\u00f6here Genauigkeit und Sicherheit durch zus\u00e4tzliche Ventile.<\/strong> Testen Sie Ihre Alkalinit\u00e4t mit Zuversicht und Konsistenz. Eingebaute Ventile sorgen f\u00fcr identische Messbedingungen und verhindern, dass Probenfl\u00fcssigkeit ins Aquarium zur\u00fcckflie\u00dft, selbst im seltenen Fall einer Fehlfunktion.<\/li>\n<li><strong>Kosteng\u00fcnstige und sichere Reagenzfl\u00fcssigkeit.<\/strong> Jeder Test erfordert nur 1 \u2013 3 ml pro Messung.<\/li>\n<li><strong>Automatische Datenaufzeichnung.<\/strong> \u00dcberpr\u00fcfen Sie vergangene Testergebnisse, identifizieren Sie pl\u00f6tzliche KH-Schwankungen und optimieren Sie Ihre KH-Dosierung mithilfe der automatischen Datenaufzeichnung.<\/li>\n<li><strong>Automatische Fl\u00fcssigkeitszufuhr.<\/strong> Genie\u00dfen Sie die automatische Zufuhr von KH-steigernden Fl\u00fcssigkeiten. Je nach Methode k\u00f6nnen eine oder mehrere zus\u00e4tzliche Dosierpumpen erforderlich sein.<\/li>\n<li><strong>Kalzreaktorsteuerung.<\/strong> Alternativ kann der KH-Wert auch durch die Steuerung eines Kalkreaktors angepasst werden.<\/li>\n<li><strong>Das integrierte GHL LED-Logo bietet farbcodierte Statusanzeigen.<\/strong> Die verschiedenen Farben zeigen auf einen Blick den Zustand Ihres Systems an:\n<ul>\n<li>Wei\u00df = Konfigurationsmodus<\/li>\n<li>Blau = Normalbetrieb<\/li>\n<li>Gr\u00fcn = Fl\u00fcssigkeitsmenge in einem Fl\u00fcssigkeitsbeh\u00e4lter ist in Ordnung<\/li>\n<li>Gelb = Warnschwelle \u2013 Fl\u00fcssigkeitsbeh\u00e4lter gehen zur Neige<\/li>\n<li>Rot = Alarmschwelle \u2013 Fl\u00fcssigkeitsbeh\u00e4lter sind leer<\/li>\n<\/ul>\n<\/li>\n<li><strong>myGHL-Cloud zug\u00e4nglich.<\/strong> Greifen Sie \u00fcber den myGHL\u00ae-Cloud-Dienst auf das KHD zu \u2013 \u00fcber GHL Doser 2 \/ 2.1 oder ProfiLux 3 \/ 3.1 \/ 4.<\/li>\n<li><strong>Nahtlose Integration mit dem GHL-System.<\/strong> Der KH Director\u00ae l\u00e4sst sich \u00fcber den PAB-Anschluss (ProfiLux Aquatic Bus) nahtlos in das modulare GHL-Aquariensystem integrieren. Dieser Anschluss gew\u00e4hrleistet eine st\u00f6rungsfreie Kommunikation mit anderen GHL PAB-Ger\u00e4ten wie dem GHL Doser 2.1 oder dem ProfiLux\u00ae 4.<\/li>\n<li><strong>Wartungsarmes Design.<\/strong> Das einzigartige Design des KH Director\u00ae erleichtert den Zugriff auf die mitgelieferte pH-Elektrode und deren Wartung. Kalibrierung und Austausch sind ein Kinderspiel.<\/li>\n<li><strong>Anzeige des KH-Werts.<\/strong> Sehen Sie Ihren KH-Wert jederzeit und \u00fcberall \u00fcber das ProfiLux-Display, ProfiLux Touch oder den Webbrowser (myGHL\u00ae) an. Eine zus\u00e4tzliche externe Anzeigeeinheit ist optional.<\/li>\n<li><strong>Robustes Design in Laborqualit\u00e4t.<\/strong> Jedes von uns hergestellte Produkt ist so konstruiert, dass es dem Test der Zeit standh\u00e4lt, und der KH Director\u00ae ist da keine Ausnahme. Es ist aus langlebigen Materialien gefertigt, die den Laborstandards entsprechen.<\/li>\n<\/ul>\n<p><strong>Technische Daten:<\/strong><\/p>\n<ul>\n<li>KH Director\u00ae ist in zwei Farboptionen erh\u00e4ltlich: Schwarz oder Wei\u00df.<\/li>\n<li>Abmessungen (mm): 220 x 150 x 75 mm (ohne pH-Elektrode).<\/li>\n<li>Abmessungen (Zoll): 8,66\u2033 x 5,9\u2033 x 2,95\u2033 (ohne pH-Elektrode).<\/li>\n<\/ul>\n<p><strong>KH Director\u00ae umfasst Folgendes:<\/strong><\/p>\n<ul>\n<li>Ger\u00e4t mit integrierter Messzelle.<\/li>\n<li>pH-Elektrode, speziell f\u00fcr den KHD entwickelt, einschlie\u00dflich Kalibrierfl\u00fcssigkeiten.<\/li>\n<li>Testreagenz 500 ml.<\/li>\n<li>Silikonschlauch 5 m.<\/li>\n<li>Stromversorgungssplitter Kabel.<\/li>\n<\/ul>\n<p><strong>Wie funktioniert der KH Director\u00ae?<\/strong><\/p>\n<p>Der KH Director\u00ae ist f\u00fcr den Betrieb neben einem GHL Doser 2 (2.1) Standalone oder einem ProfiLux\u00ae Aquarium Controller 3 oder 4 mit einem Doser 2 Slave konzipiert. Die zwei Einl\u00e4sse und ein Auslass des KH Directors werden mit drei Dosierpumpen am Doser 2 (2.1) verbunden. Diese Pumpen sind f\u00fcr die genaue Fl\u00fcssigkeits\u00fcbertragung zum und vom KH Director verantwortlich.<\/p>\n<p>Zuerst wird eine Probe des Aquarienwassers an den KH Director\u00ae gesendet. Anschlie\u00dfend wird der KH-Wert durch langsame Zugabe eines Reagenz und Messung des pH-Werts genau bestimmt. Das Probenwasser wird dann abgepumpt und in einem separaten Beh\u00e4lter zur sp\u00e4teren Entsorgung gesammelt.<\/p>\n<p><strong>Was sind die Kosten f\u00fcr Reagenz und pH-Elektrode?<\/strong><\/p>\n<p>Bei GHL sind wir uns der Bedeutung der laufenden Kosten bewusst, die mit der automatischen KH-\u00dcberwachung und -Steuerung verbunden sind. F\u00fcr den KH Director haben wir diese Kosten bei der Entwicklung eines hocheffizienten und kosteng\u00fcnstigen Produkts ber\u00fccksichtigt. Eine einzelne 1000-ml-Flasche Reagenz kann bis zu drei Monate halten, wenn viermal t\u00e4glich bei einem KH-Wert von 8 getestet wird. Die vom KH Director verwendete pH-Elektrode wurde speziell f\u00fcr die KH-Messung entwickelt und hat eine durchschnittliche Lebensdauer von ein bis zwei Jahren.<\/p>\n","protected":false},"excerpt":{"rendered":"<p>GHL KH Director white Automated Alkalinity Monitoring and Control, a separate dosing unit (2.1) is needed for this product<\/p>\n","protected":false},"featured_media":81262,"template":"","meta":[],"pwb-brand":[2157],"product_cat":[1387,1408],"product_tag":[],"class_list":{"0":"post-86576","1":"product","2":"type-product","3":"status-publish","4":"has-post-thumbnail","6":"pwb-brand-ghl","7":"product_cat-messsysteme","8":"product_cat-computer-de","9":"pa_show-myparcel-options-male-de","11":"first","12":"outofstock","13":"taxable","14":"shipping-taxable","15":"purchasable","16":"product-type-simple"},"acf":[],"brands":[{"id":2157,"name":"GHL","slug":"ghl"}],"_links":{"self":[{"href":"https:\/\/www.seaflowerstore.com\/de\/wp-json\/wp\/v2\/product\/86576","targetHints":{"allow":["GET"]}}],"collection":[{"href":"https:\/\/www.seaflowerstore.com\/de\/wp-json\/wp\/v2\/product"}],"about":[{"href":"https:\/\/www.seaflowerstore.com\/de\/wp-json\/wp\/v2\/types\/product"}],"wp:featuredmedia":[{"embeddable":true,"href":"https:\/\/www.seaflowerstore.com\/de\/wp-json\/wp\/v2\/media\/81262"}],"wp:attachment":[{"href":"https:\/\/www.seaflowerstore.com\/de\/wp-json\/wp\/v2\/media?parent=86576"}],"wp:term":[{"taxonomy":"pwb-brand","embeddable":true,"href":"https:\/\/www.seaflowerstore.com\/de\/wp-json\/wp\/v2\/pwb-brand?post=86576"},{"taxonomy":"product_cat","embeddable":true,"href":"https:\/\/www.seaflowerstore.com\/de\/wp-json\/wp\/v2\/product_cat?post=86576"},{"taxonomy":"product_tag","embeddable":true,"href":"https:\/\/www.seaflowerstore.com\/de\/wp-json\/wp\/v2\/product_tag?post=86576"}],"curies":[{"name":"wp","href":"https:\/\/api.w.org\/{rel}","templated":true}]}}