{"id":86577,"date":"2019-02-08T13:03:44","date_gmt":"2019-02-08T12:03:44","guid":{"rendered":"https:\/\/www.seaflowerstore.com\/nl\/ghl-profilux-4-mega-set-6e-black\/"},"modified":"2024-03-20T16:57:38","modified_gmt":"2024-03-20T15:57:38","slug":"ghl-profilux-4-mega-set-6e-black","status":"publish","type":"product","link":"https:\/\/www.seaflowerstore.com\/de\/ghl-profilux-4-mega-set-6e-black\/","title":{"rendered":"GHL ProfiLux 4 Mega-Set 6E black"},"content":{"rendered":"<h2>GHL ProfiLux 4 Mega-Set 6E black<\/h2>\n<p>Der ProfiLux 4 ist so konzipiert, dass er sich von seinen Mitbewerbern deutlich abhebt. Wir haben die Hardware verbessert und einige spannende neue Funktionen eingef\u00fchrt, die Sie bei anderen Controllern auf dem Markt nicht finden werden. Das Beste daran ist, dass alle vorhandenen GHL-Zubeh\u00f6rteile und Erweiterungskarten vollst\u00e4ndig mit dem ProfiLux 4 kompatibel sind!<\/p>\n<p>Die ProfiLux-Controller-Reihe ist weltweit f\u00fcr ihre au\u00dfergew\u00f6hnliche Genauigkeit und Zuverl\u00e4ssigkeit bekannt. Egal ob Sie Hobbyist oder Teil einer Forschungseinrichtung sind, Sie k\u00f6nnen sich darauf verlassen, dass Ihnen der ProfiLux hochpr\u00e4zise Daten und Leistung liefert.<\/p>\n<h3>Inklusive ProfiLux 4 Mega-Set<\/h3>\n<ul>\n<li>ProfiLux 4 Controller, Schwarz<\/li>\n<li>ProfiLux 4 Netzteil<\/li>\n<li>Wassertemperatursensor<\/li>\n<li>pH-Sonde<\/li>\n<li>Redox-Sonde (ORP wird f\u00fcr Ozon verwendet)<\/li>\n<li>Leitf\u00e4higkeitssonde (zur Salzgehaltsmessung)<\/li>\n<li>Powerbar 6E mit PAB-Kabel 2m und Schuko-Steckdosen (EU)<\/li>\n<li>Kalibrierfl\u00fcssigkeiten (pH 7 &amp; 9, 50ms, 220mV)<\/li>\n<li>USB-Kabel<\/li>\n<\/ul>\n","protected":false},"excerpt":{"rendered":"<p>GHL ProfiLux 4 Mega-Set 6E black advanced aquarium computer<\/p>\n","protected":false},"featured_media":81259,"template":"","meta":[],"pwb-brand":[2157],"product_cat":[1408],"product_tag":[],"class_list":{"0":"post-86577","1":"product","2":"type-product","3":"status-publish","4":"has-post-thumbnail","6":"pwb-brand-ghl","7":"product_cat-computer-de","8":"pa_show-myparcel-options-male-de","10":"first","11":"outofstock","12":"taxable","13":"shipping-taxable","14":"purchasable","15":"product-type-simple"},"acf":[],"brands":[{"id":2157,"name":"GHL","slug":"ghl"}],"_links":{"self":[{"href":"https:\/\/www.seaflowerstore.com\/de\/wp-json\/wp\/v2\/product\/86577","targetHints":{"allow":["GET"]}}],"collection":[{"href":"https:\/\/www.seaflowerstore.com\/de\/wp-json\/wp\/v2\/product"}],"about":[{"href":"https:\/\/www.seaflowerstore.com\/de\/wp-json\/wp\/v2\/types\/product"}],"wp:featuredmedia":[{"embeddable":true,"href":"https:\/\/www.seaflowerstore.com\/de\/wp-json\/wp\/v2\/media\/81259"}],"wp:attachment":[{"href":"https:\/\/www.seaflowerstore.com\/de\/wp-json\/wp\/v2\/media?parent=86577"}],"wp:term":[{"taxonomy":"pwb-brand","embeddable":true,"href":"https:\/\/www.seaflowerstore.com\/de\/wp-json\/wp\/v2\/pwb-brand?post=86577"},{"taxonomy":"product_cat","embeddable":true,"href":"https:\/\/www.seaflowerstore.com\/de\/wp-json\/wp\/v2\/product_cat?post=86577"},{"taxonomy":"product_tag","embeddable":true,"href":"https:\/\/www.seaflowerstore.com\/de\/wp-json\/wp\/v2\/product_tag?post=86577"}],"curies":[{"name":"wp","href":"https:\/\/api.w.org\/{rel}","templated":true}]}}