{"id":86578,"date":"2019-02-05T09:42:47","date_gmt":"2019-02-05T09:42:47","guid":{"rendered":"https:\/\/www.seaflowerstore.com\/nl\/circuit-board-theiling-roll-mat-3051100201\/"},"modified":"2026-02-12T12:16:42","modified_gmt":"2026-02-12T11:16:42","slug":"circuit-board-theiling-roll-mat-3051100201","status":"publish","type":"product","link":"https:\/\/www.seaflowerstore.com\/de\/circuit-board-theiling-roll-mat-3051100201\/","title":{"rendered":"Circuit board Theiling roll mat 3071100104"},"content":{"rendered":"<h2>Circuit board Theiling roll mat 3071100104<\/h2>\n<p>Die Theiling Rollermat-Platine ist f\u00fcr Rollermats konzipiert, die nach September 2015 hergestellt wurden und verf\u00fcgt \u00fcber eine rote LED und einen Motor mit wei\u00dfem Stecker.<\/p>\n<p><strong>Bitte beachten:<\/strong> R\u00fccksendungen von Elektroteilen werden nicht akzeptiert.<\/p>\n","protected":false},"excerpt":{"rendered":"<p>Theiling Rollermat PCB is suitable for Rollermats after sept 2015 (with red LED, motor with white plug)<\/p>\n","protected":false},"featured_media":81258,"template":"","meta":[],"pwb-brand":[2245],"product_cat":[1403],"product_tag":[],"class_list":{"0":"post-86578","1":"product","2":"type-product","3":"status-publish","4":"has-post-thumbnail","6":"pwb-brand-theiling","7":"product_cat-beutel-filterung","8":"pa_show-myparcel-options-male-de","10":"first","11":"instock","12":"taxable","13":"shipping-taxable","14":"purchasable","15":"product-type-simple"},"acf":[],"brands":[{"id":2245,"name":"Theiling","slug":"theiling"}],"_links":{"self":[{"href":"https:\/\/www.seaflowerstore.com\/de\/wp-json\/wp\/v2\/product\/86578","targetHints":{"allow":["GET"]}}],"collection":[{"href":"https:\/\/www.seaflowerstore.com\/de\/wp-json\/wp\/v2\/product"}],"about":[{"href":"https:\/\/www.seaflowerstore.com\/de\/wp-json\/wp\/v2\/types\/product"}],"wp:featuredmedia":[{"embeddable":true,"href":"https:\/\/www.seaflowerstore.com\/de\/wp-json\/wp\/v2\/media\/81258"}],"wp:attachment":[{"href":"https:\/\/www.seaflowerstore.com\/de\/wp-json\/wp\/v2\/media?parent=86578"}],"wp:term":[{"taxonomy":"pwb-brand","embeddable":true,"href":"https:\/\/www.seaflowerstore.com\/de\/wp-json\/wp\/v2\/pwb-brand?post=86578"},{"taxonomy":"product_cat","embeddable":true,"href":"https:\/\/www.seaflowerstore.com\/de\/wp-json\/wp\/v2\/product_cat?post=86578"},{"taxonomy":"product_tag","embeddable":true,"href":"https:\/\/www.seaflowerstore.com\/de\/wp-json\/wp\/v2\/product_tag?post=86578"}],"curies":[{"name":"wp","href":"https:\/\/api.w.org\/{rel}","templated":true}]}}