{"id":86580,"date":"2019-01-31T11:42:00","date_gmt":"2019-01-31T10:42:00","guid":{"rendered":"https:\/\/www.seaflowerstore.com\/nl\/reef-fix-500-ml\/"},"modified":"2024-03-20T16:57:34","modified_gmt":"2024-03-20T15:57:34","slug":"reef-fix-500-ml","status":"publish","type":"product","link":"https:\/\/www.seaflowerstore.com\/de\/reef-fix-500-ml\/","title":{"rendered":"Reef fix 500 ml"},"content":{"rendered":"<h2>Reef fix 500 ml<\/h2>\n<h2>Fauna Marin Reef Fix ist ein superschneller Kleber auf Zementbasis zum Verkleben von lebenden Steinen und Korallen.<\/h2>\n<p>REEF FIX bietet Ihnen die M\u00f6glichkeit, Ihr Aquarium auf aufregende neue Weise zu aquascapen! Mit unserem benutzerfreundlichen Korallenzement k\u00f6nnen Sie einzigartige Aquascapes mit \u00dcberh\u00e4ngen und gr\u00f6\u00dferen H\u00f6hlen erstellen. Dar\u00fcber hinaus eignet sich REEF FIX perfekt f\u00fcr die sichere Befestigung von Korallen in \u00fcberh\u00e4ngender Position. Korallenz\u00fcchter und -liebhaber k\u00f6nnen REEF FIX sogar verwenden, um ihre eigenen Frag Rocks zu erstellen!<\/p>\n<p>Seien Sie versichert, REEF FIX ist 100 % sicher f\u00fcr alle Aquarienbewohner und kann unter Wasser verwendet werden. Es ist extrem rein und frei von sch\u00e4dlichen Spurenelementen und Schwermetallen. Unsere Tests in unserer eigenen Korallenzuchtanlage haben fantastische Ergebnisse gezeigt.<\/p>\n<p><strong>DIE VORTEILE VON FAUNA MARIN REEF FIX &#8211; KORALLENZEMENT:<\/strong><\/p>\n<ul>\n<li>Erstellen Sie Ihre eigenen Frag Rocks, indem Sie sie mit Sand mischen.<\/li>\n<li>Der perfekte Korallenkleber f\u00fcr SPS- und LPS-Ableger.<\/li>\n<li>Erm\u00f6glicht die Befestigung auf Glas.<\/li>\n<li>F\u00f6rdert die Biomineralisierung von Korallenablegern.<\/li>\n<li>Enth\u00e4lt eine spezielle Mischung f\u00fcr eine schnelle Besiedlung durch Korallen und Korallenalgengewebe.<\/li>\n<li>Klebt und h\u00e4rtet unter Wasser aus.<\/li>\n<li>Haftet stark unter Wasser und h\u00e4rtet in sehr kurzer Zeit aus.<\/li>\n<li>Enth\u00e4lt keine Schwermetalle und ist frei von Chromaten und Silikate.<\/li>\n<\/ul>\n<p><strong>ANLEITUNG:<\/strong><\/p>\n<h4><strong>Zum Zusammenkleben von Steinen oder zum Befestigen von Korallen an Steinen:<\/strong><\/h4>\n<p>1 Essl\u00f6ffel mit ca. 5 ml kaltem Wasser ca. 30 Sekunden lang zu einer Knetmasse verkneten. Nach dem Mischen innerhalb von ca. 1 Minute verwenden, da die Mischung sehr schnell aush\u00e4rtet!<\/p>\n<h4><strong>Zum Herstellen von Ablegersteinen:<\/strong><\/h4>\n<p>2 Teile Korallensand mit 1 Teil Reef Fix mischen, um Ablegersteine \u200b\u200bherzustellen.<\/p>\n<p><strong>WICHTIGE INFORMATIONEN:<\/strong> Bitte k\u00fchl und trocken lagern, von Kindern fernhalten und Einatmen oder Verschlucken vermeiden. Es wird empfohlen, w\u00e4hrend der Verwendung eine Schutzbrille und Handschuhe zu tragen.<\/p>\n","protected":false},"excerpt":{"rendered":"<p>Fauna Marin Reef Fix is a super fast cement-based glue for gluing living stones and corals.<\/p>\n","protected":false},"featured_media":81254,"template":"","meta":[],"pwb-brand":[2177],"product_cat":[1405,1437],"product_tag":[],"class_list":{"0":"post-86580","1":"product","2":"type-product","3":"status-publish","4":"has-post-thumbnail","6":"pwb-brand-fauna-marin","7":"product_cat-korallenkleber-versiegelungsmittel","8":"product_cat-fauna-marin-de","9":"pa_show-myparcel-options-male-de","11":"first","12":"instock","13":"sale","14":"taxable","15":"shipping-taxable","16":"purchasable","17":"product-type-simple"},"acf":[],"brands":[{"id":2177,"name":"Fauna Marin","slug":"fauna-marin"}],"_links":{"self":[{"href":"https:\/\/www.seaflowerstore.com\/de\/wp-json\/wp\/v2\/product\/86580","targetHints":{"allow":["GET"]}}],"collection":[{"href":"https:\/\/www.seaflowerstore.com\/de\/wp-json\/wp\/v2\/product"}],"about":[{"href":"https:\/\/www.seaflowerstore.com\/de\/wp-json\/wp\/v2\/types\/product"}],"wp:featuredmedia":[{"embeddable":true,"href":"https:\/\/www.seaflowerstore.com\/de\/wp-json\/wp\/v2\/media\/81254"}],"wp:attachment":[{"href":"https:\/\/www.seaflowerstore.com\/de\/wp-json\/wp\/v2\/media?parent=86580"}],"wp:term":[{"taxonomy":"pwb-brand","embeddable":true,"href":"https:\/\/www.seaflowerstore.com\/de\/wp-json\/wp\/v2\/pwb-brand?post=86580"},{"taxonomy":"product_cat","embeddable":true,"href":"https:\/\/www.seaflowerstore.com\/de\/wp-json\/wp\/v2\/product_cat?post=86580"},{"taxonomy":"product_tag","embeddable":true,"href":"https:\/\/www.seaflowerstore.com\/de\/wp-json\/wp\/v2\/product_tag?post=86580"}],"curies":[{"name":"wp","href":"https:\/\/api.w.org\/{rel}","templated":true}]}}