{"id":86583,"date":"2019-01-30T11:33:19","date_gmt":"2019-01-30T10:33:19","guid":{"rendered":"https:\/\/www.seaflowerstore.com\/nl\/rollermat-gear-3051100188\/"},"modified":"2024-03-20T16:57:30","modified_gmt":"2024-03-20T15:57:30","slug":"rollermat-gear-3051100188","status":"publish","type":"product","link":"https:\/\/www.seaflowerstore.com\/de\/rollermat-gear-3051100188\/","title":{"rendered":"Rollermat gear 3051100188"},"content":{"rendered":"<h2>Rollermat gear 3051100188<\/h2>\n<p>Das Theiling Rollermat Kunststoffgetriebe verf\u00fcgt \u00fcber ein Kettenrad mit einem Durchmesser von ca. 30 mm. Damit ist es eine zuverl\u00e4ssige Wahl f\u00fcr Ihre Anforderungen.<\/p>\n","protected":false},"excerpt":{"rendered":"<p>Theiling rollermat plastic gear. Sprocket has a diameter of approx. 30 mm.<\/p>\n","protected":false},"featured_media":81248,"template":"","meta":[],"pwb-brand":[2245],"product_cat":[1403],"product_tag":[],"class_list":{"0":"post-86583","1":"product","2":"type-product","3":"status-publish","4":"has-post-thumbnail","6":"pwb-brand-theiling","7":"product_cat-beutel-filterung","8":"pa_show-myparcel-options-male-de","10":"first","11":"instock","12":"taxable","13":"shipping-taxable","14":"purchasable","15":"product-type-simple"},"acf":[],"brands":[{"id":2245,"name":"Theiling","slug":"theiling"}],"_links":{"self":[{"href":"https:\/\/www.seaflowerstore.com\/de\/wp-json\/wp\/v2\/product\/86583","targetHints":{"allow":["GET"]}}],"collection":[{"href":"https:\/\/www.seaflowerstore.com\/de\/wp-json\/wp\/v2\/product"}],"about":[{"href":"https:\/\/www.seaflowerstore.com\/de\/wp-json\/wp\/v2\/types\/product"}],"wp:featuredmedia":[{"embeddable":true,"href":"https:\/\/www.seaflowerstore.com\/de\/wp-json\/wp\/v2\/media\/81248"}],"wp:attachment":[{"href":"https:\/\/www.seaflowerstore.com\/de\/wp-json\/wp\/v2\/media?parent=86583"}],"wp:term":[{"taxonomy":"pwb-brand","embeddable":true,"href":"https:\/\/www.seaflowerstore.com\/de\/wp-json\/wp\/v2\/pwb-brand?post=86583"},{"taxonomy":"product_cat","embeddable":true,"href":"https:\/\/www.seaflowerstore.com\/de\/wp-json\/wp\/v2\/product_cat?post=86583"},{"taxonomy":"product_tag","embeddable":true,"href":"https:\/\/www.seaflowerstore.com\/de\/wp-json\/wp\/v2\/product_tag?post=86583"}],"curies":[{"name":"wp","href":"https:\/\/api.w.org\/{rel}","templated":true}]}}