{"id":86584,"date":"2019-01-30T11:26:11","date_gmt":"2019-01-30T10:26:11","guid":{"rendered":"https:\/\/www.seaflowerstore.com\/nl\/rollermat-motor-3051100174\/"},"modified":"2026-02-11T13:00:56","modified_gmt":"2026-02-11T12:00:56","slug":"rollermat-motor-3051100174","status":"publish","type":"product","link":"https:\/\/www.seaflowerstore.com\/de\/rollermat-motor-3051100174\/","title":{"rendered":"Rollermat motor 3051100174"},"content":{"rendered":"<h2>Rollmat motor 3051100174<\/h2>\n<p>Dies ist die neue Version des Ersatzmotors mit wei\u00dfem Stecker f\u00fcr die Theiling-Rollmatte. Der Motor wird mit 12V\/50 Hz.<\/p>\n<p><strong>Wichtiger Hinweis: Die R\u00fcckgabe von Elektroteilen ist nicht m\u00f6glich.<\/strong><\/p>\n<p><strong>Mit dem Kauf dieses Produkts erkl\u00e4rt sich der K\u00e4ufer damit einverstanden, dass er sein Widerrufsrecht f\u00fcr diesen Artikel verliert.<\/strong><\/p>\n","protected":false},"excerpt":{"rendered":"<p>New version Theiling Rollermat replacement motor with white plug.<\/p>\n","protected":false},"featured_media":81246,"template":"","meta":[],"pwb-brand":[2245],"product_cat":[1403],"product_tag":[],"class_list":{"0":"post-86584","1":"product","2":"type-product","3":"status-publish","4":"has-post-thumbnail","6":"pwb-brand-theiling","7":"product_cat-beutel-filterung","8":"pa_show-myparcel-options-male-de","10":"first","11":"outofstock","12":"taxable","13":"shipping-taxable","14":"purchasable","15":"product-type-simple"},"acf":[],"brands":[{"id":2245,"name":"Theiling","slug":"theiling"}],"_links":{"self":[{"href":"https:\/\/www.seaflowerstore.com\/de\/wp-json\/wp\/v2\/product\/86584","targetHints":{"allow":["GET"]}}],"collection":[{"href":"https:\/\/www.seaflowerstore.com\/de\/wp-json\/wp\/v2\/product"}],"about":[{"href":"https:\/\/www.seaflowerstore.com\/de\/wp-json\/wp\/v2\/types\/product"}],"wp:featuredmedia":[{"embeddable":true,"href":"https:\/\/www.seaflowerstore.com\/de\/wp-json\/wp\/v2\/media\/81246"}],"wp:attachment":[{"href":"https:\/\/www.seaflowerstore.com\/de\/wp-json\/wp\/v2\/media?parent=86584"}],"wp:term":[{"taxonomy":"pwb-brand","embeddable":true,"href":"https:\/\/www.seaflowerstore.com\/de\/wp-json\/wp\/v2\/pwb-brand?post=86584"},{"taxonomy":"product_cat","embeddable":true,"href":"https:\/\/www.seaflowerstore.com\/de\/wp-json\/wp\/v2\/product_cat?post=86584"},{"taxonomy":"product_tag","embeddable":true,"href":"https:\/\/www.seaflowerstore.com\/de\/wp-json\/wp\/v2\/product_tag?post=86584"}],"curies":[{"name":"wp","href":"https:\/\/api.w.org\/{rel}","templated":true}]}}