{"id":86585,"date":"2019-01-26T14:26:32","date_gmt":"2019-01-26T13:26:32","guid":{"rendered":"https:\/\/www.seaflowerstore.com\/nl\/aquaforest-skimmer-af-150\/"},"modified":"2024-03-20T16:57:28","modified_gmt":"2024-03-20T15:57:28","slug":"aquaforest-skimmer-af-150","status":"publish","type":"product","link":"https:\/\/www.seaflowerstore.com\/de\/aquaforest-skimmer-af-150\/","title":{"rendered":"Aquaforest skimmer AF 150"},"content":{"rendered":"<h2>Aquaforest Skimmer AF 150 with UP 2000 pump works best with a tank of 200 to 500 litres<\/h2>\n<p><strong>Eiwei\u00dfabsch\u00e4umer<\/strong> sind f\u00fcr die Erhaltung eines gesunden Salzwasseraquariums unerl\u00e4sslich. Sie dienen zwei Hauptzwecken: Sie entfernen nicht gefressenes Fischfutter, Abfall und sch\u00e4dliche Substanzen, die das empfindliche Gleichgewicht Ihres Aquariums st\u00f6ren k\u00f6nnen, und geben dem Wasser Sauerstoff.<\/p>\n<p>Aquaforest empfiehlt dringend die Verwendung der <strong>Probiotic Aquaforest-Methode<\/strong> zusammen mit dem Eiwei\u00dfabsch\u00e4umer, um Ihnen dabei zu helfen, Ihre ideale Riffumgebung zu schaffen. Der <strong>AF150 Skimmer<\/strong> ist f\u00fcr den optimalen Betrieb mit Tanks von <strong>200 bis 500 Litern<\/strong> ausgelegt.<\/p>\n<p>Die Pumpe <strong>AquaBee AC UP 2000\/1\/A<\/strong> ist speziell f\u00fcr den AF150 Skimmer konzipiert. Dank ihrer Keramikkomponenten ist diese Pumpe nicht nur langlebig und leise, sondern \u00fcberzeugt auch durch ihre lange Lebensdauer.<\/p>\n<ul>\n<li><strong>Leistung:<\/strong> 220\/230 V (18 W)<\/li>\n<li><strong>Luftpumpe:<\/strong> max. 650 l\/h<\/li>\n<\/ul>\n<p><strong>Abmessungen:<\/strong><\/p>\n<ul>\n<li>H\u00f6he: 56 cm<\/li>\n<li>Breite: 25 cm<\/li>\n<li>Breite mit Pumpe: 35 cm<\/li>\n<\/ul>\n","protected":false},"excerpt":{"rendered":"<p>The AF150 Skimmer works best with a tank of 200 to 500 litres<\/p>\n","protected":false},"featured_media":81244,"template":"","meta":[],"pwb-brand":[2199],"product_cat":[1414,1537,741],"product_tag":[],"class_list":{"0":"post-86585","1":"product","2":"type-product","3":"status-publish","4":"has-post-thumbnail","6":"pwb-brand-aquaforest","7":"product_cat-aquaforest-de","8":"product_cat-aquarientechnik","9":"product_cat-brands","10":"pa_show-myparcel-options-male-de","12":"first","13":"outofstock","14":"taxable","15":"shipping-taxable","16":"purchasable","17":"product-type-simple"},"acf":[],"brands":[{"id":2199,"name":"Aquaforest","slug":"aquaforest"}],"_links":{"self":[{"href":"https:\/\/www.seaflowerstore.com\/de\/wp-json\/wp\/v2\/product\/86585","targetHints":{"allow":["GET"]}}],"collection":[{"href":"https:\/\/www.seaflowerstore.com\/de\/wp-json\/wp\/v2\/product"}],"about":[{"href":"https:\/\/www.seaflowerstore.com\/de\/wp-json\/wp\/v2\/types\/product"}],"wp:featuredmedia":[{"embeddable":true,"href":"https:\/\/www.seaflowerstore.com\/de\/wp-json\/wp\/v2\/media\/81244"}],"wp:attachment":[{"href":"https:\/\/www.seaflowerstore.com\/de\/wp-json\/wp\/v2\/media?parent=86585"}],"wp:term":[{"taxonomy":"pwb-brand","embeddable":true,"href":"https:\/\/www.seaflowerstore.com\/de\/wp-json\/wp\/v2\/pwb-brand?post=86585"},{"taxonomy":"product_cat","embeddable":true,"href":"https:\/\/www.seaflowerstore.com\/de\/wp-json\/wp\/v2\/product_cat?post=86585"},{"taxonomy":"product_tag","embeddable":true,"href":"https:\/\/www.seaflowerstore.com\/de\/wp-json\/wp\/v2\/product_tag?post=86585"}],"curies":[{"name":"wp","href":"https:\/\/api.w.org\/{rel}","templated":true}]}}