{"id":86586,"date":"2019-01-26T12:20:25","date_gmt":"2019-01-26T11:20:25","guid":{"rendered":"https:\/\/www.seaflowerstore.com\/nl\/nyos-torq-body-0-75-g2\/"},"modified":"2024-03-20T16:57:26","modified_gmt":"2024-03-20T15:57:26","slug":"nyos-torq-body-0-75-g2","status":"publish","type":"product","link":"https:\/\/www.seaflowerstore.com\/de\/nyos-torq-body-0-75-g2\/","title":{"rendered":"NYOS Torq Body 0.75 G2"},"content":{"rendered":"<h2>NYOS Torq Body 0.75 G2 to make a fluidized bed filter together with a NYOS Torq dock<\/h2>\n<p><strong>Es muss ein separates NYOS Torq Dock erworben werden.<\/strong><\/p>\n<p><strong>Spezifikationen f\u00fcr TORQ Body 0.75:<\/strong><\/p>\n<ul>\n<li>GEN2-Upgrade<\/li>\n<li>Twistlock-Oberteil, passt auch auf ein G1-Geh\u00e4use<\/li>\n<li>Mikrogitter statt Schwamm<\/li>\n<li>Modifizierte Wasserd\u00fcse<\/li>\n<li>Volumen: 750 ml (25 fl oz)<\/li>\n<li>Durchmesser: 70 mm (2,75 Zoll)<\/li>\n<li>Mikrogitter enthalten<\/li>\n<li>H\u00f6he einschlie\u00dflich Dock: 47 cm (18,5 Zoll)<\/li>\n<\/ul>\n<p><strong>Das Problem:<\/strong> Filtermedien sind entscheidend f\u00fcr die Aufrechterhaltung einer guten Wasserqualit\u00e4t in einem Aquarium. Sie helfen dabei, \u00fcbersch\u00fcssige Schadstoffe zu entfernen und die Wasserqualit\u00e4t zu verbessern. H\u00e4ufig werden die Medien jedoch einfach in Filterbeutel gesteckt, was zur Bildung von Kan\u00e4len f\u00fchren kann, in denen nicht alle Medien mit dem Wasser in Ber\u00fchrung kommen, was zu einer Unterauslastung der Kapazit\u00e4t f\u00fchrt.<\/p>\n<p><strong>Die L\u00f6sung:<\/strong> Nyos hat den innovativen TORQ-Systemreaktor entwickelt, der eine unkomplizierte und elegante L\u00f6sung f\u00fcr die Herausforderungen der Aquarienfiltration bietet. Der TORQ sorgt f\u00fcr einen gleichm\u00e4\u00dfigen Wasserfluss durch den Zylinder und ist daher ideal f\u00fcr jede Filtermedienauswahl.<\/p>\n<p><strong>Die Vorteile:<\/strong><\/p>\n<ul>\n<li><strong>Modular:<\/strong> Der Nyos TORQ ist ein innovativer Systemreaktor, der f\u00fcr alle Arten von Filtermedien geeignet ist. Das TORQ-Dock verf\u00fcgt \u00fcber eine integrierte Pumpe und dient als Grundeinheit, ausgestattet mit einem Universalanschluss zum Einsetzen von TORQ-Zylindern verschiedener Gr\u00f6\u00dfen.<\/li>\n<li><strong>Frustfrei:<\/strong> Beim Nyos TORQ haben wir bewusst auf Schrauben, Schl\u00e4uche und Ventile verzichtet. Das Wechseln des Filtermediums geht schnell und problemlos.<\/li>\n<li><strong>Einstellbar:<\/strong> Durch Drehen der Kappe k\u00f6nnen Sie den Durchfluss nahtlos und pr\u00e4zise von Hand einstellen, ohne ins Wasser greifen zu m\u00fcssen. Diese erweiterte Steuerbarkeit erm\u00f6glicht es Ihnen, die Durchflussrate basierend auf der Art und Menge des verwendeten Filtermediums zu optimieren.<\/li>\n<li><strong>Hohe Kapazit\u00e4t:<\/strong> Die Pumpe in der TORQ-Dockingstation hat eine hohe maximale Kapazit\u00e4t von bis zu 1.000 l\/h (264 gph). Dies stellt sicher, dass das Filtermaterial effektiv genutzt wird, wodurch Kanalbildung und Ineffizienzen verhindert werden.<\/li>\n<li><strong>Plug and Play:<\/strong> Die erforderliche Pumpe ist bereits im TORQ-Dock enthalten. Stellen Sie den Zylinder mit dem Medium einfach auf das Dock <strong>(nicht im Lieferumfang enthalten) und schwenken Sie ihn<\/strong>.<\/li>\n<\/ul>\n","protected":false},"excerpt":{"rendered":"<p>NYOS Torq Body 0.75 G2 is the cylinder with 0.75 liter capacity to click on a NYOS Torq dock (order separately)<\/p>\n","protected":false},"featured_media":83811,"template":"","meta":[],"pwb-brand":[2209],"product_cat":[1389],"product_tag":[],"class_list":{"0":"post-86586","1":"product","2":"type-product","3":"status-publish","4":"has-post-thumbnail","6":"pwb-brand-nyos","7":"product_cat-wervelbedfilter-media-filter-de","8":"pa_show-myparcel-options-male-de","10":"first","11":"instock","12":"sale","13":"taxable","14":"shipping-taxable","15":"purchasable","16":"product-type-simple"},"acf":[],"brands":[{"id":2209,"name":"NYOS","slug":"nyos"}],"_links":{"self":[{"href":"https:\/\/www.seaflowerstore.com\/de\/wp-json\/wp\/v2\/product\/86586","targetHints":{"allow":["GET"]}}],"collection":[{"href":"https:\/\/www.seaflowerstore.com\/de\/wp-json\/wp\/v2\/product"}],"about":[{"href":"https:\/\/www.seaflowerstore.com\/de\/wp-json\/wp\/v2\/types\/product"}],"wp:featuredmedia":[{"embeddable":true,"href":"https:\/\/www.seaflowerstore.com\/de\/wp-json\/wp\/v2\/media\/83811"}],"wp:attachment":[{"href":"https:\/\/www.seaflowerstore.com\/de\/wp-json\/wp\/v2\/media?parent=86586"}],"wp:term":[{"taxonomy":"pwb-brand","embeddable":true,"href":"https:\/\/www.seaflowerstore.com\/de\/wp-json\/wp\/v2\/pwb-brand?post=86586"},{"taxonomy":"product_cat","embeddable":true,"href":"https:\/\/www.seaflowerstore.com\/de\/wp-json\/wp\/v2\/product_cat?post=86586"},{"taxonomy":"product_tag","embeddable":true,"href":"https:\/\/www.seaflowerstore.com\/de\/wp-json\/wp\/v2\/product_tag?post=86586"}],"curies":[{"name":"wp","href":"https:\/\/api.w.org\/{rel}","templated":true}]}}