{"id":86587,"date":"2019-01-22T13:45:16","date_gmt":"2019-01-22T12:45:16","guid":{"rendered":"https:\/\/www.seaflowerstore.com\/nl\/veggie-marine-flakes-250ml\/"},"modified":"2024-03-20T16:57:25","modified_gmt":"2024-03-20T15:57:25","slug":"veggie-marine-flakes-250ml","status":"publish","type":"product","link":"https:\/\/www.seaflowerstore.com\/de\/veggie-marine-flakes-250ml\/","title":{"rendered":"Veggie Marine Flakes 250ml"},"content":{"rendered":"<h2>Veggie Marine Flakes 250ml<\/h2>\n<p><strong>Veggie Marine Flakes<\/strong> ist eine k\u00f6stliche Mischung aus sieben Meeresalgenarten kombiniert mit frischem Phytoplankton, darunter Spirulina und Chlorella. Diese Mischung ist perfekt f\u00fcr die F\u00fctterung aller tropischen und marinen Pflanzenfresserarten. Sie verf\u00fcgt \u00fcber eine Formel mit geringer Auslaugung, die als Erg\u00e4nzung zu Umw\u00e4lzfiltersystemen konzipiert wurde.<\/p>\n<h2>Fischf\u00fctterung:<\/h2>\n<p>Wenn Sie Ihre Fische f\u00fcttern, geben Sie ihnen so viel, wie sie innerhalb von zwei Minuten fressen k\u00f6nnen. Keine Sorge, Veggie Flakes tr\u00fcben das Wasser nicht.<\/p>\n<h2>Zutaten\/Analyse:<\/h2>\n<ul>\n<li>Meeresalgen<\/li>\n<li>Fisch und Fischnebenprodukte<\/li>\n<li>Garnelen\/Muscheln und Garnelennebenprodukte<\/li>\n<li>\u00d6le und Fette<\/li>\n<li>Mineralstoffe<\/li>\n<li>Pflanzenextrakte<\/li>\n<\/ul>\n<h2>N\u00e4hrstoffaufschl\u00fcsselung:<\/h2>\n<ul>\n<li><strong>Rohprotein:<\/strong> 20 %<\/li>\n<li><strong>Rohfett:<\/strong> 8,5 %<\/li>\n<li><strong>Rohasche:<\/strong> 34,5 %<\/li>\n<li><strong>Rohfaser:<\/strong> 2,4 %<\/li>\n<li><strong>Phosphor:<\/strong> 0,3 %<\/li>\n<li><strong>Feuchtigkeit:<\/strong> 3 %<\/li>\n<li><strong>Kalzium:<\/strong> 2,3 %<\/li>\n<\/ul>\n","protected":false},"excerpt":{"rendered":"<p>Veggie Marine Flakes is a blend of seven verieties of seaweed mixed with fresh phytoplankton including Spirulina and Chlorella for all marine fish like tangs and angelfish.<\/p>\n","protected":false},"featured_media":81238,"template":"","meta":[],"pwb-brand":[2177],"product_cat":[1438,1437],"product_tag":[],"class_list":{"0":"post-86587","1":"product","2":"type-product","3":"status-publish","4":"has-post-thumbnail","6":"pwb-brand-fauna-marin","7":"product_cat-fischfutter","8":"product_cat-fauna-marin-de","9":"pa_show-myparcel-options-male-de","11":"first","12":"instock","13":"sale","14":"taxable","15":"shipping-taxable","16":"purchasable","17":"product-type-simple"},"acf":[],"brands":[{"id":2177,"name":"Fauna Marin","slug":"fauna-marin"}],"_links":{"self":[{"href":"https:\/\/www.seaflowerstore.com\/de\/wp-json\/wp\/v2\/product\/86587","targetHints":{"allow":["GET"]}}],"collection":[{"href":"https:\/\/www.seaflowerstore.com\/de\/wp-json\/wp\/v2\/product"}],"about":[{"href":"https:\/\/www.seaflowerstore.com\/de\/wp-json\/wp\/v2\/types\/product"}],"wp:featuredmedia":[{"embeddable":true,"href":"https:\/\/www.seaflowerstore.com\/de\/wp-json\/wp\/v2\/media\/81238"}],"wp:attachment":[{"href":"https:\/\/www.seaflowerstore.com\/de\/wp-json\/wp\/v2\/media?parent=86587"}],"wp:term":[{"taxonomy":"pwb-brand","embeddable":true,"href":"https:\/\/www.seaflowerstore.com\/de\/wp-json\/wp\/v2\/pwb-brand?post=86587"},{"taxonomy":"product_cat","embeddable":true,"href":"https:\/\/www.seaflowerstore.com\/de\/wp-json\/wp\/v2\/product_cat?post=86587"},{"taxonomy":"product_tag","embeddable":true,"href":"https:\/\/www.seaflowerstore.com\/de\/wp-json\/wp\/v2\/product_tag?post=86587"}],"curies":[{"name":"wp","href":"https:\/\/api.w.org\/{rel}","templated":true}]}}