{"id":86588,"date":"2019-01-22T13:10:50","date_gmt":"2019-01-22T12:10:50","guid":{"rendered":"https:\/\/www.seaflowerstore.com\/nl\/ocean-plankton-calanus-250ml\/"},"modified":"2024-03-20T16:57:24","modified_gmt":"2024-03-20T15:57:24","slug":"ocean-plankton-calanus-250ml","status":"publish","type":"product","link":"https:\/\/www.seaflowerstore.com\/de\/ocean-plankton-calanus-250ml\/","title":{"rendered":"Ocean Plankton (Calanus) 250ml"},"content":{"rendered":"<h2>Fauna Marin Ocean Plankton (Calanus) Fresh harvested Ocean Plankton (Calanus finmarchicus) in a bottle for easy use.<\/h2>\n<p>Fauna Marin Ocean Plankton ist reines Plankton, das frisch geerntet und sofort im Nordatlantik konserviert wird. Der Standort, aus dem es stammt, tr\u00e4gt wesentlich zur hohen Qualit\u00e4t unseres neuesten Futterprodukts f\u00fcr Fische und Korallen bei.<\/p>\n<p>Aufgrund ihrer langsamen Wachstumsraten in den kalten arktischen Gew\u00e4ssern sind diese Planktonorganismen reich an Omega-3- und Omega-6-Fetts\u00e4uren, was sie zu einer hervorragenden Quelle f\u00fcr Meeresproteine \u200b\u200bund -\u00f6le macht. <strong>Calanus finmarchicus<\/strong> ern\u00e4hrt sich auf nat\u00fcrliche Weise von wertvollen Meeresalgen, was es zu einer idealen Futterwahl f\u00fcr Ihre Aquarienfische und Korallen macht.<\/p>\n<p>Ocean Plankton bietet essentielle Omega-3-Fetts\u00e4uren wie EPA, DHA und SDA in optimalen Mengen f\u00fcr Ihre Rifffische und Korallen. Diese wichtigen Verbindungen sind entscheidend f\u00fcr die erfolgreiche Erhaltung vieler Azoox-Korallen. Durch eine einzigartige Behandlung w\u00e4hrend des Produktionsprozesses bleiben alle nat\u00fcrlichen Inhaltsstoffe erhalten und stabilisiert.<\/p>\n<ul>\n<li>Hochwertiges Futter f\u00fcr Fische und Korallen<\/li>\n<li>Einfache Handhabung und Dosierung<\/li>\n<li>Kein Auftauen \u2013 sofortige Verf\u00fctterung<\/li>\n<li>Perfekt f\u00fcr die Verwendung w\u00e4hrend der Abwesenheit oder als Urlaubsfutter<\/li>\n<li>Hochkonzentriert und ergiebig<\/li>\n<li>Enth\u00e4lt nat\u00fcrliche Enzyme und Fetts\u00e4uren<\/li>\n<li>F\u00f6rdert F\u00e4rbung, Wachstum und Widerstandskraft<\/li>\n<\/ul>\n<p><strong>Inhalt:<\/strong> Calanus finmarchicus von 0,5 \u2013 1,0 mm Gr\u00f6\u00dfe, 250ml Flasche<\/p>\n<p><strong>Nach dem \u00d6ffnen gek\u00fchlt aufbewahren.<\/strong><\/p>\n<p><strong>Zutaten:<\/strong> Calanus finmarchicus, Wasser, EG-zugelassene Antioxidantien<\/p>\n<p><strong>Analyse (Werte basierend auf bezogen auf Trockengewicht):<\/strong><\/p>\n<ul>\n<li>Rohprotein: 67,4 %<\/li>\n<li>Rohfett\/Lipide: 35,8 %<\/li>\n<li>Ballaststoffe: 2 %<\/li>\n<li>Asche: 8 %<\/li>\n<li>Carotinoide min.: 1000 mg<\/li>\n<\/ul>\n<p>Dieses Produkt ist ausschlie\u00dflich zur Verwendung als Futter in Aquarien bestimmt und nicht f\u00fcr den menschlichen Verzehr geeignet. Bitte au\u00dferhalb der Reichweite von Kindern aufbewahren.<\/p>\n","protected":false},"excerpt":{"rendered":"<p>Fauna Marin Ocean Plankton is pure Plankton freshly catched and immediately conserved from the north atlantic Ocean<\/p>\n","protected":false},"featured_media":81236,"template":"","meta":[],"pwb-brand":[2177],"product_cat":[1436,1437,1438],"product_tag":[],"class_list":{"0":"post-86588","1":"product","2":"type-product","3":"status-publish","4":"has-post-thumbnail","6":"pwb-brand-fauna-marin","7":"product_cat-korallenfutter","8":"product_cat-fauna-marin-de","9":"product_cat-fischfutter","10":"pa_inhoud-250-ml-de","11":"pa_show-myparcel-options-male-de","13":"first","14":"instock","15":"taxable","16":"shipping-taxable","17":"purchasable","18":"product-type-simple"},"acf":[],"brands":[{"id":2177,"name":"Fauna Marin","slug":"fauna-marin"}],"_links":{"self":[{"href":"https:\/\/www.seaflowerstore.com\/de\/wp-json\/wp\/v2\/product\/86588","targetHints":{"allow":["GET"]}}],"collection":[{"href":"https:\/\/www.seaflowerstore.com\/de\/wp-json\/wp\/v2\/product"}],"about":[{"href":"https:\/\/www.seaflowerstore.com\/de\/wp-json\/wp\/v2\/types\/product"}],"wp:featuredmedia":[{"embeddable":true,"href":"https:\/\/www.seaflowerstore.com\/de\/wp-json\/wp\/v2\/media\/81236"}],"wp:attachment":[{"href":"https:\/\/www.seaflowerstore.com\/de\/wp-json\/wp\/v2\/media?parent=86588"}],"wp:term":[{"taxonomy":"pwb-brand","embeddable":true,"href":"https:\/\/www.seaflowerstore.com\/de\/wp-json\/wp\/v2\/pwb-brand?post=86588"},{"taxonomy":"product_cat","embeddable":true,"href":"https:\/\/www.seaflowerstore.com\/de\/wp-json\/wp\/v2\/product_cat?post=86588"},{"taxonomy":"product_tag","embeddable":true,"href":"https:\/\/www.seaflowerstore.com\/de\/wp-json\/wp\/v2\/product_tag?post=86588"}],"curies":[{"name":"wp","href":"https:\/\/api.w.org\/{rel}","templated":true}]}}