{"id":86589,"date":"2019-01-22T11:24:22","date_gmt":"2019-01-22T10:24:22","guid":{"rendered":"https:\/\/www.seaflowerstore.com\/nl\/fauna-marin-red-x-250ml\/"},"modified":"2024-12-26T12:46:19","modified_gmt":"2024-12-26T11:46:19","slug":"fauna-marin-red-x-250ml","status":"publish","type":"product","link":"https:\/\/www.seaflowerstore.com\/de\/fauna-marin-red-x-250ml\/","title":{"rendered":"Fauna Marin RED X 250ml"},"content":{"rendered":"<h2>Fauna Marin RED X 250ml<\/h2>\n<p><strong>Fauna Marin RED X<\/strong> bek\u00e4mpft unerw\u00fcnschte Algen wirksam auf biologische und organische Weise und gew\u00e4hrleistet so die Sicherheit Ihrer Aquarienbewohner. Bei richtiger Anwendung ist es f\u00fcr Korallen, Fische und Wirbellose v\u00f6llig unsch\u00e4dlich.<\/p>\n<h4>RED X ist wirksam gegen:<\/h4>\n<ul>\n<li>Gr\u00fcne und rote Cyanobakterien<\/li>\n<li>Leichte Dinoflagellaten (Ostreopsis sp., Amphidinium sp., Prorocentrum sp., Coolia sp., Symbiodinium und andere)<\/li>\n<li>Gold- und Panzeralgen<\/li>\n<li>Kieselalgen<\/li>\n<\/ul>\n<h4><strong>Dosierung:<\/strong><\/h4>\n<ul>\n<li>F\u00fcgen Sie 6 Tage lang t\u00e4glich 10 ml pro 100 Liter Aquarienwasser hinzu.<\/li>\n<li>Warten Sie dann 5 Tage, bis eine deutliche Wirkung eintritt.<\/li>\n<li>Erneuern Sie das Wasser w\u00e4hrend der Behandlung NICHT.<\/li>\n<li>Vermeiden Sie die Verwendung von Kohlenstoff, PO4-Entferner, Ozon, UV oder anderen Absorber.<\/li>\n<li>Nach 11 Tagen k\u00f6nnen Sie Ihren normalen Tagesablauf wieder aufnehmen.<\/li>\n<\/ul>\n<h4><strong>Tipp:<\/strong><\/h4>\n<p>Nach Abschluss der Fauna Marin RED X-Behandlung wird empfohlen, <strong>Fauna Marin Rebiotic<\/strong> zu dosieren, um ein gesundes biologisches Gleichgewicht in Ihrem Aquarium wiederherzustellen und aufrechtzuerhalten. Durch die vorbeugende Zugabe von Rebiotic k\u00f6nnen Sie die Wiederkehr unerw\u00fcnschter Algen und Cyanobakterien verhindern.<\/p>\n<h4><strong>Inhaltsstoffe:<\/strong><\/h4>\n<p>Wasser, Natriumchlorid, Salicyls\u00e4ure.<\/p>\n<h4><strong>Sicherheitshinweise:<\/strong><\/h4>\n<ul>\n<li>RED X ist ausschlie\u00dflich f\u00fcr die Verwendung in Meerwasseraquarien vorgesehen.<\/li>\n<li>Au\u00dferhalb der Reichweite von Kindern aufbewahren und nicht einnehmen.<\/li>\n<li>ACHTUNG: \u00c4tzend!<\/li>\n<li>Biozide immer mit Vorsicht verwenden und vor Gebrauch die Gebrauchsanweisung lesen.<\/li>\n<li>Enth\u00e4lt keine Antibiotika oder verschreibungspflichtige Medikamente!<\/li>\n<\/ul>\n","protected":false},"excerpt":{"rendered":"<p>Fauna Marin RED X from Fauna Marin covers, among other things, the cyano bacteria<\/p>\n","protected":false},"featured_media":81235,"template":"","meta":[],"pwb-brand":[2177],"product_cat":[1531,1437],"product_tag":[],"class_list":{"0":"post-86589","1":"product","2":"type-product","3":"status-publish","4":"has-post-thumbnail","6":"pwb-brand-fauna-marin","7":"product_cat-cyano-kontrolle","8":"product_cat-fauna-marin-de","9":"pa_inhoud-250-ml-de","10":"pa_show-myparcel-options-male-de","12":"first","13":"outofstock","14":"taxable","15":"shipping-taxable","16":"purchasable","17":"product-type-simple"},"acf":[],"brands":[{"id":2177,"name":"Fauna Marin","slug":"fauna-marin"}],"_links":{"self":[{"href":"https:\/\/www.seaflowerstore.com\/de\/wp-json\/wp\/v2\/product\/86589","targetHints":{"allow":["GET"]}}],"collection":[{"href":"https:\/\/www.seaflowerstore.com\/de\/wp-json\/wp\/v2\/product"}],"about":[{"href":"https:\/\/www.seaflowerstore.com\/de\/wp-json\/wp\/v2\/types\/product"}],"wp:featuredmedia":[{"embeddable":true,"href":"https:\/\/www.seaflowerstore.com\/de\/wp-json\/wp\/v2\/media\/81235"}],"wp:attachment":[{"href":"https:\/\/www.seaflowerstore.com\/de\/wp-json\/wp\/v2\/media?parent=86589"}],"wp:term":[{"taxonomy":"pwb-brand","embeddable":true,"href":"https:\/\/www.seaflowerstore.com\/de\/wp-json\/wp\/v2\/pwb-brand?post=86589"},{"taxonomy":"product_cat","embeddable":true,"href":"https:\/\/www.seaflowerstore.com\/de\/wp-json\/wp\/v2\/product_cat?post=86589"},{"taxonomy":"product_tag","embeddable":true,"href":"https:\/\/www.seaflowerstore.com\/de\/wp-json\/wp\/v2\/product_tag?post=86589"}],"curies":[{"name":"wp","href":"https:\/\/api.w.org\/{rel}","templated":true}]}}