{"id":86590,"date":"2019-01-19T12:35:42","date_gmt":"2019-01-19T11:35:42","guid":{"rendered":"https:\/\/www.seaflowerstore.com\/nl\/easy-line-300\/"},"modified":"2024-03-20T16:57:19","modified_gmt":"2024-03-20T15:57:19","slug":"easy-line-300","status":"publish","type":"product","link":"https:\/\/www.seaflowerstore.com\/de\/easy-line-300\/","title":{"rendered":"Easy line 300"},"content":{"rendered":"<h2>Aqua Medic Easy line 300 osmosis device produces about 120-300 liters of osmosis water per day<\/h2>\n<p>Der Aqua Medic Easy line 300 ist f\u00fcr die Erzeugung von weichem und salzfreiem Wasser konzipiert, perfekt geeignet sowohl f\u00fcr Salz- als auch S\u00fc\u00dfwasseraquarien sowie zur Bew\u00e4sserung von Terrarien und f\u00fcr verschiedene andere Anwendungen.<\/p>\n<p>Dieses kompakte Umkehrosmoseger\u00e4t ist effizient und erf\u00fcllt die h\u00f6chsten Standards f\u00fcr Wasserqualit\u00e4t. Hier sind einige wichtige Funktionen:<\/p>\n<ul>\n<li><strong>Feinfilter:<\/strong> Entfernt Verunreinigungen gr\u00f6\u00dfer als 5 \u03bcm.<\/li>\n<li><strong>Vorfilter mit Aktivkohle:<\/strong> Entfernt Chlor, um die Membran zu sch\u00fctzen.<\/li>\n<li><strong>Membranmodul:<\/strong> Enth\u00e4lt einen Druckschlauch und ein Sp\u00fclventil, wobei die Membran die Kernkomponente ist, die die endg\u00fcltige Wasserreinheit gew\u00e4hrleistet.<\/li>\n<li><strong>Fortschrittliche Membranen:<\/strong> Wir verwenden TFC-Membranen (Polyamid\/Polysulfon) der neuesten Generation.<\/li>\n<li><strong>Abwasserverh\u00e4ltnis:<\/strong> Das Verh\u00e4ltnis von reinem Wasser zu Abwasser betr\u00e4gt ungef\u00e4hr 3-4:1.<\/li>\n<li><strong>Salzentfernung:<\/strong> Bis zu 98 % der Salze werden entfernt, w\u00e4hrend die Nitrat- und Silikatabweisung bei etwa 70 % liegt.<\/li>\n<\/ul>\n<p>Das Ger\u00e4t verf\u00fcgt praktischerweise \u00fcber einen Anschluss f\u00fcr ein Waschmaschinenhahn und ein 3-Meter-Schlauch machen die Einrichtung einfach und unkompliziert.<\/p>\n","protected":false},"excerpt":{"rendered":"<p>Aqua Medic Easy line 300 osmosis device produces about 120-300 liters of osmosis water per day<\/p>\n","protected":false},"featured_media":81233,"template":"","meta":[],"pwb-brand":[2149],"product_cat":[1468,1421],"product_tag":[],"class_list":{"0":"post-86590","1":"product","2":"type-product","3":"status-publish","4":"has-post-thumbnail","6":"pwb-brand-aqua-medic","7":"product_cat-osmose-ionenaustauscher","8":"product_cat-aqua-medic-de","9":"pa_show-myparcel-options-male-de","11":"first","12":"instock","13":"taxable","14":"shipping-taxable","15":"purchasable","16":"product-type-simple"},"acf":[],"brands":[{"id":2149,"name":"Aqua Medic","slug":"aqua-medic"}],"_links":{"self":[{"href":"https:\/\/www.seaflowerstore.com\/de\/wp-json\/wp\/v2\/product\/86590","targetHints":{"allow":["GET"]}}],"collection":[{"href":"https:\/\/www.seaflowerstore.com\/de\/wp-json\/wp\/v2\/product"}],"about":[{"href":"https:\/\/www.seaflowerstore.com\/de\/wp-json\/wp\/v2\/types\/product"}],"wp:featuredmedia":[{"embeddable":true,"href":"https:\/\/www.seaflowerstore.com\/de\/wp-json\/wp\/v2\/media\/81233"}],"wp:attachment":[{"href":"https:\/\/www.seaflowerstore.com\/de\/wp-json\/wp\/v2\/media?parent=86590"}],"wp:term":[{"taxonomy":"pwb-brand","embeddable":true,"href":"https:\/\/www.seaflowerstore.com\/de\/wp-json\/wp\/v2\/pwb-brand?post=86590"},{"taxonomy":"product_cat","embeddable":true,"href":"https:\/\/www.seaflowerstore.com\/de\/wp-json\/wp\/v2\/product_cat?post=86590"},{"taxonomy":"product_tag","embeddable":true,"href":"https:\/\/www.seaflowerstore.com\/de\/wp-json\/wp\/v2\/product_tag?post=86590"}],"curies":[{"name":"wp","href":"https:\/\/api.w.org\/{rel}","templated":true}]}}