{"id":86591,"date":"2019-01-19T12:30:07","date_gmt":"2019-01-19T11:30:07","guid":{"rendered":"https:\/\/www.seaflowerstore.com\/nl\/easy-line-190\/"},"modified":"2024-03-19T15:41:51","modified_gmt":"2024-03-19T14:41:51","slug":"easy-line-190","status":"publish","type":"product","link":"https:\/\/www.seaflowerstore.com\/de\/easy-line-190\/","title":{"rendered":"Easy line 190"},"content":{"rendered":"<h2>Aqua Medic Easy line 190 osmosis device produces about 75-190 liters of osmosis water per day<\/h2>\n<p>Der Aqua Medic Easy line 190 ist f\u00fcr die Produktion von weichem und salzarmem Wasser konzipiert und eignet sich daher sowohl f\u00fcr Salz- als auch S\u00fc\u00dfwasseraquarien sowie zur Bew\u00e4sserung von Terrarien und f\u00fcr viele weitere Anwendungen.<\/p>\n<p>Dieses kompakte Umkehrosmoseger\u00e4t \u00fcberzeugt durch hohe Leistung und erf\u00fcllt strengste Wasserqualit\u00e4tsstandards. Der Feinfilter entfernt effektiv Verunreinigungen gr\u00f6\u00dfer als 5 \u00b5m, w\u00e4hrend der Vorfilter mit Aktivkohle daf\u00fcr sorgt, dass jegliches Chlor aus dem Wasser entfernt wird, was zum Schutz der Membran beitr\u00e4gt.<\/p>\n<p>Das Modul besteht aus einer Membran, einem Druckschlauch und einem Sp\u00fclventil. Die Membran fungiert als Herzst\u00fcck des Systems und ist entscheidend f\u00fcr die optimale Wasserreinheit. Wir verwenden in unseren Ger\u00e4ten ausschlie\u00dflich TFC-Membranen (Polyamid\/Polysulfon) der neuesten Generation.<\/p>\n<p>Das typische Verh\u00e4ltnis von verunreinigtem Wasser zu reinem Wasser betr\u00e4gt etwa 3-4:1, mit einer beeindruckenden Salzentfernungsrate von bis zu 98 % und einer Nitrat- und Silikatreduktion von bis zu 70 %.<\/p>\n<p>Dieses Ger\u00e4t ist mit einem Anschluss f\u00fcr einen Waschmaschinenhahn und einem 3-Meter-Schlauch ausgestattet und erf\u00fcllt somit Ihre Anforderungen ganz bequem.<\/p>\n","protected":false},"excerpt":{"rendered":"<p>Aqua Medic Easy line 190 osmosis device produces about 75-190 liters of osmosis water per day<\/p>\n","protected":false},"featured_media":81230,"template":"","meta":[],"pwb-brand":[2149],"product_cat":[1468,1421],"product_tag":[],"class_list":{"0":"post-86591","1":"product","2":"type-product","3":"status-publish","4":"has-post-thumbnail","6":"pwb-brand-aqua-medic","7":"product_cat-osmose-ionenaustauscher","8":"product_cat-aqua-medic-de","10":"first","11":"instock","12":"sale","13":"taxable","14":"shipping-taxable","15":"purchasable","16":"product-type-simple"},"acf":[],"brands":[{"id":2149,"name":"Aqua Medic","slug":"aqua-medic"}],"_links":{"self":[{"href":"https:\/\/www.seaflowerstore.com\/de\/wp-json\/wp\/v2\/product\/86591","targetHints":{"allow":["GET"]}}],"collection":[{"href":"https:\/\/www.seaflowerstore.com\/de\/wp-json\/wp\/v2\/product"}],"about":[{"href":"https:\/\/www.seaflowerstore.com\/de\/wp-json\/wp\/v2\/types\/product"}],"wp:featuredmedia":[{"embeddable":true,"href":"https:\/\/www.seaflowerstore.com\/de\/wp-json\/wp\/v2\/media\/81230"}],"wp:attachment":[{"href":"https:\/\/www.seaflowerstore.com\/de\/wp-json\/wp\/v2\/media?parent=86591"}],"wp:term":[{"taxonomy":"pwb-brand","embeddable":true,"href":"https:\/\/www.seaflowerstore.com\/de\/wp-json\/wp\/v2\/pwb-brand?post=86591"},{"taxonomy":"product_cat","embeddable":true,"href":"https:\/\/www.seaflowerstore.com\/de\/wp-json\/wp\/v2\/product_cat?post=86591"},{"taxonomy":"product_tag","embeddable":true,"href":"https:\/\/www.seaflowerstore.com\/de\/wp-json\/wp\/v2\/product_tag?post=86591"}],"curies":[{"name":"wp","href":"https:\/\/api.w.org\/{rel}","templated":true}]}}