{"id":86593,"date":"2019-01-16T19:14:34","date_gmt":"2019-01-16T18:14:34","guid":{"rendered":"https:\/\/www.seaflowerstore.com\/nl\/bacto-therapy\/"},"modified":"2024-03-20T16:59:54","modified_gmt":"2024-03-20T15:59:54","slug":"bacto-therapy","status":"publish","type":"product","link":"https:\/\/www.seaflowerstore.com\/de\/bacto-therapy\/","title":{"rendered":"Bacto Therapy"},"content":{"rendered":"<h2>Fauna Marin Bacto Therapy bacteria cultures for your marine aquarium<\/h2>\n<p>Entdecken Sie die perfekte Mischung aus halophilen und probiotischen Bakterienkulturen, die Abfallprodukte aus Fischfutter effektiv eliminieren soll. Diese Mischung unterst\u00fctzt den Abbau partikul\u00e4rer organischer Ablagerungen und hilft bei der Beseitigung angesammelten Detritus. Mit der Zeit reduziert sie die Ansammlung organischer Abf\u00e4lle sowie das Vorhandensein von Krankheitserregern erheblich und minimiert so das Krankheitsrisiko f\u00fcr Fische und Korallen.<\/p>\n<p>Fauna Marin Bacto Reef Therapy ist eine unglaublich effiziente und konzentrierte Mischung aus marinen und probiotischen Bakterienst\u00e4mmen. Die Bakterien erreichen kurz nach der ersten Anwendung schnell ihre maximale Aktivit\u00e4t. Mit Fauna Marin Bacto Reef Therapy k\u00f6nnen Sie das ges\u00fcndeste und gew\u00e4sserfreundlichste Wasser f\u00fcr Ihr Aquarium erzielen.<\/p>\n<ul>\n<li>Extrem konzentrierte Mischung aus halophilen und probiotischen Bakterien<\/li>\n<li>Speziell ausgew\u00e4hlte St\u00e4mme f\u00fcr den Abbau von organischen Abf\u00e4llen und Schadstoffen<\/li>\n<li>Hydrolytische Enzyme zusammen mit speziellen nitrifizierenden und denitrifizierenden Bakterien f\u00fcr eine schnelle N\u00e4hrstoffentfernung<\/li>\n<li>Kein \u201efauler Eier\u201c-Geruch<\/li>\n<li>Verbessertes Wachstum und verbesserte Farben f\u00fcr Fische und Korallen<\/li>\n<li>Reduziert die langfristige Ansammlung von Detritus und anaeroben Abfallprodukten<\/li>\n<li>Senkt Stressfaktoren und minimiert das Risiko von Fisch- und Korallenkrankheiten<\/li>\n<li>Enth\u00e4lt eine hohe Konzentration direkt aktiver lebender Bakterien<\/li>\n<li>Superhohe Zelldichten erm\u00f6glichen kleine Dosierungen und gew\u00e4hrleisten eine hervorragende Kostenkontrolle<\/li>\n<li>Entwickelt und produziert von Fauna Marin in Deutschland<\/li>\n<\/ul>\n<p><strong>Dosierung:<\/strong><\/p>\n<p><strong>Anfangsdosierung:<\/strong> <br \/>\nTag 1 &#8211; Tag 3: 10 ml pro 100 Liter (26,5 US-Gallonen). Warten Sie nach dieser Anfangsdosierung 3 Tage und verabreichen Sie dann w\u00f6chentlich 5 ml pro 100 Liter (26,5 US-Gallonen).<\/p>\n<p><strong>Normale Dosis:<\/strong> <br \/>\n3 ml pro 100 Liter (26,5 US-Gallonen) w\u00f6chentlich. Beginnen Sie bei Becken, die \u00e4lter als 2 Jahre sind, mit 30 % der regul\u00e4ren Dosis und erh\u00f6hen Sie diese schrittweise \u00fcber mehrere Wochen.<\/p>\n","protected":false},"excerpt":{"rendered":"<p>Fauna Marin Bacto Therapy bacteria cultures for your marine aquarium<\/p>\n","protected":false},"featured_media":83852,"template":"","meta":[],"pwb-brand":[2177],"product_cat":[1484,1437],"product_tag":[],"class_list":{"0":"post-86593","1":"product","2":"type-product","3":"status-publish","4":"has-post-thumbnail","6":"pwb-brand-fauna-marin","7":"product_cat-bakterien","8":"product_cat-fauna-marin-de","9":"pa_inhoud-1000-ml-de","10":"pa_inhoud-250-ml-de","11":"pa_inhoud-500-ml-de","12":"pa_show-myparcel-options-male-de","14":"first","15":"instock","16":"taxable","17":"shipping-taxable","18":"purchasable","19":"product-type-variable"},"acf":[],"brands":[{"id":2177,"name":"Fauna Marin","slug":"fauna-marin"}],"_links":{"self":[{"href":"https:\/\/www.seaflowerstore.com\/de\/wp-json\/wp\/v2\/product\/86593","targetHints":{"allow":["GET"]}}],"collection":[{"href":"https:\/\/www.seaflowerstore.com\/de\/wp-json\/wp\/v2\/product"}],"about":[{"href":"https:\/\/www.seaflowerstore.com\/de\/wp-json\/wp\/v2\/types\/product"}],"wp:featuredmedia":[{"embeddable":true,"href":"https:\/\/www.seaflowerstore.com\/de\/wp-json\/wp\/v2\/media\/83852"}],"wp:attachment":[{"href":"https:\/\/www.seaflowerstore.com\/de\/wp-json\/wp\/v2\/media?parent=86593"}],"wp:term":[{"taxonomy":"pwb-brand","embeddable":true,"href":"https:\/\/www.seaflowerstore.com\/de\/wp-json\/wp\/v2\/pwb-brand?post=86593"},{"taxonomy":"product_cat","embeddable":true,"href":"https:\/\/www.seaflowerstore.com\/de\/wp-json\/wp\/v2\/product_cat?post=86593"},{"taxonomy":"product_tag","embeddable":true,"href":"https:\/\/www.seaflowerstore.com\/de\/wp-json\/wp\/v2\/product_tag?post=86593"}],"curies":[{"name":"wp","href":"https:\/\/api.w.org\/{rel}","templated":true}]}}