{"id":86597,"date":"2019-01-14T20:54:36","date_gmt":"2019-01-14T19:54:36","guid":{"rendered":"https:\/\/www.seaflowerstore.com\/nl\/aquaforest-lava-soil-5l-black\/"},"modified":"2024-03-20T16:57:15","modified_gmt":"2024-03-20T15:57:15","slug":"aquaforest-lava-soil-5l-black","status":"publish","type":"product","link":"https:\/\/www.seaflowerstore.com\/de\/aquaforest-lava-soil-5l-black\/","title":{"rendered":"Aquaforest Lava Soil 5L Black"},"content":{"rendered":"<h2>Aquaforest Lava Soil 5L Black is a natural substrate based on volcanic lava, which is enriched with essential minerals for aquarium plant growth<\/h2>\n<p><strong>Aquaforest Lava Soil<\/strong> ist ein fantastischer nat\u00fcrlicher Bodengrund aus vulkanischer Lava, der speziell mit lebenswichtigen Mineralien angereichert ist, um ein gesundes Pflanzenwachstum in Ihrem Aquarium zu unterst\u00fctzen. Dieser Bodengrund setzt N\u00e4hrstoffe nach und nach frei und versorgt die Pflanzen mit der Nahrung, die sie brauchen.<\/p>\n<p>Obwohl der Bodengrund vorgesp\u00fclt ist, stellen Sie m\u00f6glicherweise fest, dass das Aquarienwasser nach Zugabe des Produkts bis zu <strong>12 Stunden<\/strong> tr\u00fcb wird. Dies ist v\u00f6llig normal und hat keine negativen Auswirkungen. Nach etwa <strong>12 Stunden<\/strong> sollte sich die Tr\u00fcbung aufl\u00f6sen.<\/p>\n<p>Da Lava Soil reich an Mineralien ist, empfehlen wir, in den ersten sechs Monaten mit der Verwendung zus\u00e4tzlicher D\u00fcngemittel vorsichtig zu sein. Dieser Ansatz hilft, eine \u00dcberansammlung von Mikron\u00e4hrstoffen zu verhindern und eine ausgewogene Umgebung f\u00fcr Ihre Wasserpflanzen sicherzustellen. Die K\u00f6rnchengr\u00f6\u00dfe reicht von <strong>1 bis 8 mm<\/strong>.<\/p>\n<hr \/>\n<h4>ANWENDUNG:<\/h4>\n<ul>\n<li>Streuen Sie eine <strong>7 cm<\/strong> dicke Schicht AF Lava Soil \u00fcber den Boden des Aquariums.<\/li>\n<li>Bedecken Sie das Substrat mit Wasser und fahren Sie mit dem Bepflanzen fort.<\/li>\n<li>Nachdem Sie bepflanzt haben, f\u00fcllen Sie das Aquarium bis zum Rand mit Wasser.<\/li>\n<\/ul>\n","protected":false},"excerpt":{"rendered":"<p>Aquaforest Lava Soil 5L Black is a natural substrate based on volcanic lava, which is enriched with essential minerals for plant growth<\/p>\n","protected":false},"featured_media":81221,"template":"","meta":[],"pwb-brand":[2199],"product_cat":[1414,1491],"product_tag":[],"class_list":{"0":"post-86597","1":"product","2":"type-product","3":"status-publish","4":"has-post-thumbnail","6":"pwb-brand-aquaforest","7":"product_cat-aquaforest-de","8":"product_cat-aquariumboden","9":"pa_show-myparcel-options-male-de","11":"first","12":"outofstock","13":"sale","14":"taxable","15":"shipping-taxable","16":"purchasable","17":"product-type-simple"},"acf":[],"brands":[{"id":2199,"name":"Aquaforest","slug":"aquaforest"}],"_links":{"self":[{"href":"https:\/\/www.seaflowerstore.com\/de\/wp-json\/wp\/v2\/product\/86597","targetHints":{"allow":["GET"]}}],"collection":[{"href":"https:\/\/www.seaflowerstore.com\/de\/wp-json\/wp\/v2\/product"}],"about":[{"href":"https:\/\/www.seaflowerstore.com\/de\/wp-json\/wp\/v2\/types\/product"}],"wp:featuredmedia":[{"embeddable":true,"href":"https:\/\/www.seaflowerstore.com\/de\/wp-json\/wp\/v2\/media\/81221"}],"wp:attachment":[{"href":"https:\/\/www.seaflowerstore.com\/de\/wp-json\/wp\/v2\/media?parent=86597"}],"wp:term":[{"taxonomy":"pwb-brand","embeddable":true,"href":"https:\/\/www.seaflowerstore.com\/de\/wp-json\/wp\/v2\/pwb-brand?post=86597"},{"taxonomy":"product_cat","embeddable":true,"href":"https:\/\/www.seaflowerstore.com\/de\/wp-json\/wp\/v2\/product_cat?post=86597"},{"taxonomy":"product_tag","embeddable":true,"href":"https:\/\/www.seaflowerstore.com\/de\/wp-json\/wp\/v2\/product_tag?post=86597"}],"curies":[{"name":"wp","href":"https:\/\/api.w.org\/{rel}","templated":true}]}}