{"id":86602,"date":"2019-01-13T16:35:39","date_gmt":"2019-01-13T15:35:39","guid":{"rendered":"https:\/\/www.seaflowerstore.com\/nl\/ams-mixbed-resin-1000ml\/"},"modified":"2024-03-20T16:57:10","modified_gmt":"2024-03-20T15:57:10","slug":"ams-mixbed-resin-1000ml","status":"publish","type":"product","link":"https:\/\/www.seaflowerstore.com\/de\/ams-mixbed-resin-1000ml\/","title":{"rendered":"AMS Mixbed Resin &#8211; 1000ml"},"content":{"rendered":"<h2>AMS Mixbed Resin &#8211; 1000ml is used as filling for the DI-filter of your osmosis device<\/h2>\n<p>Es ist wichtig, das DI-Harz auszutauschen, wenn der TDS-Wert 3 \u00fcberschreitet. Sie k\u00f6nnen es jedoch auch fr\u00fcher austauschen, wenn Sie das m\u00f6chten. Dieses DI-Harz entfernt effektiv Silikate und Phosphate aus dem Wasser und stellt sicher, dass Ihr Osmoseger\u00e4t effizient arbeitet.<\/p>\n","protected":false},"excerpt":{"rendered":"<p>AMS Mixbed Resin is a filling for the DI filter used at an osmomis device<\/p>\n","protected":false},"featured_media":81208,"template":"","meta":[],"pwb-brand":[2207],"product_cat":[1463],"product_tag":[],"class_list":{"0":"post-86602","1":"product","2":"type-product","3":"status-publish","4":"has-post-thumbnail","6":"pwb-brand-ams-aqua-marine-supply","7":"product_cat-filter-und-zubehoer","8":"pa_show-myparcel-options-male-de","10":"first","11":"outofstock","12":"taxable","13":"shipping-taxable","14":"purchasable","15":"product-type-simple"},"acf":[],"brands":[{"id":2207,"name":"AMS &#8211; Aqua Marine Supply","slug":"ams-aqua-marine-supply"}],"_links":{"self":[{"href":"https:\/\/www.seaflowerstore.com\/de\/wp-json\/wp\/v2\/product\/86602","targetHints":{"allow":["GET"]}}],"collection":[{"href":"https:\/\/www.seaflowerstore.com\/de\/wp-json\/wp\/v2\/product"}],"about":[{"href":"https:\/\/www.seaflowerstore.com\/de\/wp-json\/wp\/v2\/types\/product"}],"wp:featuredmedia":[{"embeddable":true,"href":"https:\/\/www.seaflowerstore.com\/de\/wp-json\/wp\/v2\/media\/81208"}],"wp:attachment":[{"href":"https:\/\/www.seaflowerstore.com\/de\/wp-json\/wp\/v2\/media?parent=86602"}],"wp:term":[{"taxonomy":"pwb-brand","embeddable":true,"href":"https:\/\/www.seaflowerstore.com\/de\/wp-json\/wp\/v2\/pwb-brand?post=86602"},{"taxonomy":"product_cat","embeddable":true,"href":"https:\/\/www.seaflowerstore.com\/de\/wp-json\/wp\/v2\/product_cat?post=86602"},{"taxonomy":"product_tag","embeddable":true,"href":"https:\/\/www.seaflowerstore.com\/de\/wp-json\/wp\/v2\/product_tag?post=86602"}],"curies":[{"name":"wp","href":"https:\/\/api.w.org\/{rel}","templated":true}]}}