{"id":86603,"date":"2019-01-08T15:55:40","date_gmt":"2019-01-08T14:55:40","guid":{"rendered":"https:\/\/www.seaflowerstore.com\/nl\/orca-connect-150-gr\/"},"modified":"2024-03-20T16:57:09","modified_gmt":"2024-03-20T15:57:09","slug":"orca-connect-150-gr","status":"publish","type":"product","link":"https:\/\/www.seaflowerstore.com\/de\/orca-connect-150-gr\/","title":{"rendered":"Orca Connect 150 gr"},"content":{"rendered":"<h2>Orca Connect 150 gr<\/h2>\n<p><strong>ORCA CONNECT<\/strong> ist ein Schmelzkleber zum Fixieren von Korallen und Aquariendekorationen. Er ist sehr einfach und sauber zu verarbeiten, chemisch neutral und gibt keine unerw\u00fcnschten Stoffe an das Aquarienwasser ab.<\/p>\n<p>Um optimale Ergebnisse zu erzielen, achten Sie bitte darauf, dass die zu bearbeitende Oberfl\u00e4che sauber und fettfrei ist. Bei Bedarf die Oberfl\u00e4che leicht aufrauen.<\/p>\n<p>So verwenden Sie ORCA CONNECT:<\/p>\n<ul>\n<li>Gie\u00dfen Sie die ben\u00f6tigte Menge wei\u00dfer Kunststoffperlen in einen Beh\u00e4lter mit ca. 60 \u00b0C hei\u00dfem Wasser.<\/li>\n<li>Die Perlen verf\u00e4rben sich von wei\u00df zu transparent und k\u00f6nnen als Modelliermasse verwendet werden.<\/li>\n<li>Nach ein paar Minuten Abk\u00fchlen wird die Masse wieder wei\u00df und h\u00e4rtet vollst\u00e4ndig aus.<\/li>\n<\/ul>\n<p>Alle nicht verwendeten Materialreste k\u00f6nnen vollst\u00e4ndig wieder eingeschmolzen und wiederverwendet werden, was ORCA CONNECT zu einer praktischen Wahl f\u00fcr Ihre Aquarienbed\u00fcrfnisse macht.<\/p>\n","protected":false},"excerpt":{"rendered":"<p>ORCA CONNECT is a hotmelt connector for fixing corals and aquarium decoration.<\/p>\n","protected":false},"featured_media":81206,"template":"","meta":[],"pwb-brand":[2225],"product_cat":[1488],"product_tag":[],"class_list":{"0":"post-86603","1":"product","2":"type-product","3":"status-publish","4":"has-post-thumbnail","6":"pwb-brand-aquarium-munster","7":"product_cat-pflege","8":"pa_show-myparcel-options-male-de","10":"first","11":"instock","12":"taxable","13":"shipping-taxable","14":"purchasable","15":"product-type-simple"},"acf":[],"brands":[{"id":2225,"name":"Aquarium M\u00fcnster","slug":"aquarium-munster"}],"_links":{"self":[{"href":"https:\/\/www.seaflowerstore.com\/de\/wp-json\/wp\/v2\/product\/86603","targetHints":{"allow":["GET"]}}],"collection":[{"href":"https:\/\/www.seaflowerstore.com\/de\/wp-json\/wp\/v2\/product"}],"about":[{"href":"https:\/\/www.seaflowerstore.com\/de\/wp-json\/wp\/v2\/types\/product"}],"wp:featuredmedia":[{"embeddable":true,"href":"https:\/\/www.seaflowerstore.com\/de\/wp-json\/wp\/v2\/media\/81206"}],"wp:attachment":[{"href":"https:\/\/www.seaflowerstore.com\/de\/wp-json\/wp\/v2\/media?parent=86603"}],"wp:term":[{"taxonomy":"pwb-brand","embeddable":true,"href":"https:\/\/www.seaflowerstore.com\/de\/wp-json\/wp\/v2\/pwb-brand?post=86603"},{"taxonomy":"product_cat","embeddable":true,"href":"https:\/\/www.seaflowerstore.com\/de\/wp-json\/wp\/v2\/product_cat?post=86603"},{"taxonomy":"product_tag","embeddable":true,"href":"https:\/\/www.seaflowerstore.com\/de\/wp-json\/wp\/v2\/product_tag?post=86603"}],"curies":[{"name":"wp","href":"https:\/\/api.w.org\/{rel}","templated":true}]}}