{"id":86605,"date":"2019-01-06T16:47:54","date_gmt":"2019-01-06T15:47:54","guid":{"rendered":"https:\/\/www.seaflowerstore.com\/nl\/hanna-salinity-meter-seawater-hi98319\/"},"modified":"2024-03-20T16:57:00","modified_gmt":"2024-03-20T15:57:00","slug":"hanna-salinity-meter-seawater-hi98319","status":"publish","type":"product","link":"https:\/\/www.seaflowerstore.com\/de\/hanna-salinity-meter-seawater-hi98319\/","title":{"rendered":"Hanna salinity meter seawater HI98319"},"content":{"rendered":"<h2>HI98319 Hanna water-resistant salinity meter seawater<\/h2>\n<p>Der HI98319 ist ein digitaler Salztester, der speziell f\u00fcr Salzwasseraquarien entwickelt wurde und Messwerte in Promille (ppt), Practical Salinity Units (PSU) oder spezifischem Gewicht (SG) liefert. Dieses wasserdichte Ger\u00e4t verwendet eine amperometrische Leitf\u00e4higkeitssonde, um den Salzgehalt in Ihrem Wasser genau zu messen.<\/p>\n<p>Der Tester verf\u00fcgt \u00fcber einen gro\u00dfen LCD-Bildschirm und zeigt neben der Temperatur bequem die Messergebnisse an. Es ist robust und ergonomisch zugleich und liegt mit einer Dicke von nur 18 mm bequem in der Hand.<\/p>\n<p>Die Verwendung des HI98319 ist ein Kinderspiel, denn es gibt nur zwei Tasten: eine zum Ein- und Ausschalten des Ger\u00e4ts und die andere zur Kalibrierung.<\/p>\n<p><strong>Im Lieferumfang enthalten:<\/strong> 4 Beutel mit 35-ppt-Referenzfl\u00fcssigkeit.<\/p>\n<p><strong>Messbereich:<\/strong><\/p>\n<ul>\n<li>ppt: 0,0 bis 70,0 ppt (g\/l)<\/li>\n<li>PSU: 0,0 bis 70,0 PSU<\/li>\n<li>Spezifisches Gewicht (SG): 1,000\u20131,041<\/li>\n<li>Temperatur: 0,0 bis 50,0 \u00b0C \/ 32,0 bis 122,0 \u00b0F<\/li>\n<\/ul>\n<p><strong>Aufl\u00f6sung:<\/strong><\/p>\n<ul>\n<li>ppt: 0,1 ppt (g\/L)<\/li>\n<li>PSU: 0,1 PSU<\/li>\n<li>SG: 0,001<\/li>\n<li>Temperatur: 0,1 \u00b0C \/ 0,1 \u00b0F<\/li>\n<\/ul>\n<p><strong>Genauigkeit:<\/strong><\/p>\n<ul>\n<li>ppt: \u00b11,0 ppt f\u00fcr 0,0 &#8211; 40,0 ppt<\/li>\n<li>\u00b12,0 ppt f\u00fcr 40,0 &#8211; 70,0 ppt<\/li>\n<li>PSU: \u00b11,0 PSU f\u00fcr 0,0 &#8211; 40,0 PSU<\/li>\n<li>\u00b12,0 PSU f\u00fcr 40,0 &#8211; 70,0 PSU<\/li>\n<li>SG: \u00b10,001<\/li>\n<li>Temperatur: \u00b10,5 \u00b0C \/ \u00b11,0 \u00b0F<\/li>\n<\/ul>\n<p><strong>Kalibrierung:<\/strong> Automatisch, Einzelpunkt bei 35,00 ppt.<\/p>\n<p><strong>Batterietyp:<\/strong> CR2032 3 V Li-Ion (1 Stk.).<\/p>\n<p><strong>Batterielebensdauer:<\/strong> Ungef\u00e4hr 100 Stunden Dauerbetrieb.<\/p>\n<p><strong>Automatische Abschaltfunktion:<\/strong> Vom Benutzer w\u00e4hlbar; Optionen umfassen nach 8 Minuten, 60 Minuten oder deaktiviert.<\/p>\n","protected":false},"excerpt":{"rendered":"<p>HI98319 is a digital salt tester specially designed for saltwater aquariums<\/p>\n","protected":false},"featured_media":81196,"template":"","meta":[],"pwb-brand":[2229],"product_cat":[1503],"product_tag":[],"class_list":{"0":"post-86605","1":"product","2":"type-product","3":"status-publish","4":"has-post-thumbnail","6":"pwb-brand-hanna-instruments","7":"product_cat-salzmesser","8":"pa_show-myparcel-options-male-de","10":"first","11":"instock","12":"taxable","13":"shipping-taxable","14":"purchasable","15":"product-type-simple"},"acf":[],"brands":[{"id":2229,"name":"Hanna Instruments","slug":"hanna-instruments"}],"_links":{"self":[{"href":"https:\/\/www.seaflowerstore.com\/de\/wp-json\/wp\/v2\/product\/86605","targetHints":{"allow":["GET"]}}],"collection":[{"href":"https:\/\/www.seaflowerstore.com\/de\/wp-json\/wp\/v2\/product"}],"about":[{"href":"https:\/\/www.seaflowerstore.com\/de\/wp-json\/wp\/v2\/types\/product"}],"wp:featuredmedia":[{"embeddable":true,"href":"https:\/\/www.seaflowerstore.com\/de\/wp-json\/wp\/v2\/media\/81196"}],"wp:attachment":[{"href":"https:\/\/www.seaflowerstore.com\/de\/wp-json\/wp\/v2\/media?parent=86605"}],"wp:term":[{"taxonomy":"pwb-brand","embeddable":true,"href":"https:\/\/www.seaflowerstore.com\/de\/wp-json\/wp\/v2\/pwb-brand?post=86605"},{"taxonomy":"product_cat","embeddable":true,"href":"https:\/\/www.seaflowerstore.com\/de\/wp-json\/wp\/v2\/product_cat?post=86605"},{"taxonomy":"product_tag","embeddable":true,"href":"https:\/\/www.seaflowerstore.com\/de\/wp-json\/wp\/v2\/product_tag?post=86605"}],"curies":[{"name":"wp","href":"https:\/\/api.w.org\/{rel}","templated":true}]}}