{"id":86606,"date":"2019-01-06T16:04:39","date_gmt":"2019-01-06T15:04:39","guid":{"rendered":"https:\/\/www.seaflowerstore.com\/nl\/nyos-zeo-1000ml\/"},"modified":"2024-03-20T16:56:58","modified_gmt":"2024-03-20T15:56:58","slug":"nyos-zeo-1000ml","status":"publish","type":"product","link":"https:\/\/www.seaflowerstore.com\/de\/nyos-zeo-1000ml\/","title":{"rendered":"Nyos Zeo 1000ml"},"content":{"rendered":"<h2>Nyos Zeo 1000ml<\/h2>\n<p><strong>Nyos Zeo<\/strong> ist eine hochwertige Zeolithmischung speziell f\u00fcr Meerwasseraquarien. Die 1.000 ml-Gr\u00f6\u00dfe ist f\u00fcr bis zu 400 Liter Wasser geeignet und sollte alle 6 bis 8 Wochen ausgetauscht werden.<\/p>\n<p>Durch die regelm\u00e4\u00dfige Anwendung von Nyos Zeo k\u00f6nnen Sie den Nitratgehalt in Ihrem Aquarium auf einfache und sichere Weise effektiv senken. Es besteht aus reinen, hochwertigen nat\u00fcrlichen Inhaltsstoffen und ist frei von jeglichen Zus\u00e4tzen.<\/p>\n<p>In Kombination mit <strong>Nyos Bio Booster<\/strong>, <strong>Nyos Bac<\/strong> und <strong>Nyos Zero<\/strong> erreichen Sie ein biologisches Gleichgewicht, das dem von nat\u00fcrlichem Meerwasser sehr nahe kommt.<\/p>\n<ul>\n<li>Einfache und sichere Nitratreduzierung<\/li>\n<li>F\u00f6rdert nat\u00fcrliches Korallenwachstum<\/li>\n<li>Verhindert und beseitigt unerw\u00fcnschte Algensch\u00e4dlinge<\/li>\n<\/ul>\n","protected":false},"excerpt":{"rendered":"<p>Nyos Zeo is a high quality, specially adapted mix of zeolite for seawater aquariums<\/p>\n","protected":false},"featured_media":81194,"template":"","meta":[],"pwb-brand":[2209],"product_cat":[1391],"product_tag":[],"class_list":{"0":"post-86606","1":"product","2":"type-product","3":"status-publish","4":"has-post-thumbnail","6":"pwb-brand-nyos","7":"product_cat-ergaenzungen","8":"pa_show-myparcel-options-male-de","10":"first","11":"outofstock","12":"taxable","13":"shipping-taxable","14":"purchasable","15":"product-type-simple"},"acf":[],"brands":[{"id":2209,"name":"NYOS","slug":"nyos"}],"_links":{"self":[{"href":"https:\/\/www.seaflowerstore.com\/de\/wp-json\/wp\/v2\/product\/86606","targetHints":{"allow":["GET"]}}],"collection":[{"href":"https:\/\/www.seaflowerstore.com\/de\/wp-json\/wp\/v2\/product"}],"about":[{"href":"https:\/\/www.seaflowerstore.com\/de\/wp-json\/wp\/v2\/types\/product"}],"wp:featuredmedia":[{"embeddable":true,"href":"https:\/\/www.seaflowerstore.com\/de\/wp-json\/wp\/v2\/media\/81194"}],"wp:attachment":[{"href":"https:\/\/www.seaflowerstore.com\/de\/wp-json\/wp\/v2\/media?parent=86606"}],"wp:term":[{"taxonomy":"pwb-brand","embeddable":true,"href":"https:\/\/www.seaflowerstore.com\/de\/wp-json\/wp\/v2\/pwb-brand?post=86606"},{"taxonomy":"product_cat","embeddable":true,"href":"https:\/\/www.seaflowerstore.com\/de\/wp-json\/wp\/v2\/product_cat?post=86606"},{"taxonomy":"product_tag","embeddable":true,"href":"https:\/\/www.seaflowerstore.com\/de\/wp-json\/wp\/v2\/product_tag?post=86606"}],"curies":[{"name":"wp","href":"https:\/\/api.w.org\/{rel}","templated":true}]}}