{"id":86607,"date":"2019-01-05T17:28:13","date_gmt":"2019-01-05T16:28:13","guid":{"rendered":"https:\/\/www.seaflowerstore.com\/nl\/aquaforest-no3-nitrate-test\/"},"modified":"2024-03-20T16:56:56","modified_gmt":"2024-03-20T15:56:56","slug":"aquaforest-no3-nitrate-test","status":"publish","type":"product","link":"https:\/\/www.seaflowerstore.com\/de\/aquaforest-no3-nitrate-test\/","title":{"rendered":"Aquaforest NO3 (Nitrate) test"},"content":{"rendered":"<h2>Aquaforest NO3 (Nitrate) test is designed for quick measurement of nitrate in a marine aquarium<\/h2>\n<p>Der AF Nitrate Test Pro ist Ihre L\u00f6sung zur schnellen Messung von Nitrat-Ionen in Meerwasseraquarien. Nitrat im Wasser ist das Endprodukt der biologischen Filterung. Wenn der Nitratgehalt zu hoch wird, kann dies zum Wachstum unerw\u00fcnschter Algen f\u00fchren, was wir alle vermeiden m\u00f6chten. F\u00fcr Riffaquarien wird empfohlen, den Nitratgehalt zwischen <strong>2-5 mg\/l (ppm)<\/strong> zu halten. Dieses Testkit ist mit gen\u00fcgend Reagenzien ausgestattet, um <strong>40 Tests<\/strong> der Nitratkonzentration durchzuf\u00fchren.<\/p>\n<p><strong>Lieferumfang:<\/strong><\/p>\n<ul>\n<li>Beh\u00e4lter mit Reagenz A-NO3<\/li>\n<li>Flasche mit Reagenz B-NO3<\/li>\n<li>1 Testfl\u00e4schchen mit Schraubverschluss<\/li>\n<li>Spritze \u2013 1 ml<\/li>\n<li>Spritze \u2013 2 ml<\/li>\n<li>Messl\u00f6ffel<\/li>\n<li>Bedienungsanleitung<\/li>\n<li>Farbkarte<\/li>\n<\/ul>\n","protected":false},"excerpt":{"rendered":"<p>Aquaforest NO3 nitrate test is designed for quick measurement of nitrate ions in marine aquariums<\/p>\n","protected":false},"featured_media":81192,"template":"","meta":[],"pwb-brand":[2199],"product_cat":[1414,1400],"product_tag":[],"class_list":{"0":"post-86607","1":"product","2":"type-product","3":"status-publish","4":"has-post-thumbnail","6":"pwb-brand-aquaforest","7":"product_cat-aquaforest-de","8":"product_cat-tester","9":"pa_show-myparcel-options-male-de","11":"first","12":"instock","13":"taxable","14":"shipping-taxable","15":"purchasable","16":"product-type-simple"},"acf":[],"brands":[{"id":2199,"name":"Aquaforest","slug":"aquaforest"}],"_links":{"self":[{"href":"https:\/\/www.seaflowerstore.com\/de\/wp-json\/wp\/v2\/product\/86607","targetHints":{"allow":["GET"]}}],"collection":[{"href":"https:\/\/www.seaflowerstore.com\/de\/wp-json\/wp\/v2\/product"}],"about":[{"href":"https:\/\/www.seaflowerstore.com\/de\/wp-json\/wp\/v2\/types\/product"}],"wp:featuredmedia":[{"embeddable":true,"href":"https:\/\/www.seaflowerstore.com\/de\/wp-json\/wp\/v2\/media\/81192"}],"wp:attachment":[{"href":"https:\/\/www.seaflowerstore.com\/de\/wp-json\/wp\/v2\/media?parent=86607"}],"wp:term":[{"taxonomy":"pwb-brand","embeddable":true,"href":"https:\/\/www.seaflowerstore.com\/de\/wp-json\/wp\/v2\/pwb-brand?post=86607"},{"taxonomy":"product_cat","embeddable":true,"href":"https:\/\/www.seaflowerstore.com\/de\/wp-json\/wp\/v2\/product_cat?post=86607"},{"taxonomy":"product_tag","embeddable":true,"href":"https:\/\/www.seaflowerstore.com\/de\/wp-json\/wp\/v2\/product_tag?post=86607"}],"curies":[{"name":"wp","href":"https:\/\/api.w.org\/{rel}","templated":true}]}}