{"id":86608,"date":"2019-01-05T17:21:22","date_gmt":"2019-01-05T16:21:22","guid":{"rendered":"https:\/\/www.seaflowerstore.com\/nl\/aquaforest-po4-phosphate-test\/"},"modified":"2024-03-20T16:56:55","modified_gmt":"2024-03-20T15:56:55","slug":"aquaforest-po4-phosphate-test","status":"publish","type":"product","link":"https:\/\/www.seaflowerstore.com\/de\/aquaforest-po4-phosphate-test\/","title":{"rendered":"Aquaforest PO4 (Phosphate) test"},"content":{"rendered":"<h2>Aquaforest PO4 (Phosphate) test is designed for quick measurement of phosphate ions in a marine aquarium<\/h2>\n<p>Der AF Phosphate Test Pro ist ein praktisches Werkzeug zur schnellen Messung von Phosphationen in Ihrem Meerwasseraquarium. Da Phosphat das Wachstum unerw\u00fcnschter Algen f\u00f6rdern kann, ist die \u00dcberwachung seiner Werte f\u00fcr die Erhaltung eines gesunden Aquariums von entscheidender Bedeutung. Dar\u00fcber hinaus k\u00f6nnen hohe Phosphatkonzentrationen f\u00fcr Korallen sch\u00e4dlich sein.<\/p>\n<p>F\u00fcr optimale Bedingungen sollte der Phosphatgehalt in einem Meerwasseraquarium zwischen <strong>0,03 und 0,08 mg\/l (ppm)<\/strong> liegen.<\/p>\n<p>Dieses Testkit enth\u00e4lt gen\u00fcgend Reagenzien, um <strong>40 Tests<\/strong> der Phosphatkonzentration durchzuf\u00fchren. Folgendes finden Sie in der Box:<\/p>\n<ul>\n<li>Reagenz A &#8211; PO4-Flasche<\/li>\n<li>Reagenz B &#8211; PO4-Beh\u00e4lter<\/li>\n<li>1 Testfl\u00e4schchen mit Schraubverschluss<\/li>\n<li>Spritze \u2013 5 ml<\/li>\n<li>Spritze \u2013 1 ml<\/li>\n<li>Messl\u00f6ffel<\/li>\n<li>Bedienungsanleitung<\/li>\n<li>Farbkarte<\/li>\n<\/ul>\n","protected":false},"excerpt":{"rendered":"<p>Aquaforest PO4 phosphate test is designed for quick measurement of phosphate ions in a marine aquarium<\/p>\n","protected":false},"featured_media":81190,"template":"","meta":[],"pwb-brand":[2199],"product_cat":[1414,1400],"product_tag":[],"class_list":{"0":"post-86608","1":"product","2":"type-product","3":"status-publish","4":"has-post-thumbnail","6":"pwb-brand-aquaforest","7":"product_cat-aquaforest-de","8":"product_cat-tester","9":"pa_show-myparcel-options-male-de","11":"first","12":"instock","13":"taxable","14":"shipping-taxable","15":"purchasable","16":"product-type-simple"},"acf":[],"brands":[{"id":2199,"name":"Aquaforest","slug":"aquaforest"}],"_links":{"self":[{"href":"https:\/\/www.seaflowerstore.com\/de\/wp-json\/wp\/v2\/product\/86608","targetHints":{"allow":["GET"]}}],"collection":[{"href":"https:\/\/www.seaflowerstore.com\/de\/wp-json\/wp\/v2\/product"}],"about":[{"href":"https:\/\/www.seaflowerstore.com\/de\/wp-json\/wp\/v2\/types\/product"}],"wp:featuredmedia":[{"embeddable":true,"href":"https:\/\/www.seaflowerstore.com\/de\/wp-json\/wp\/v2\/media\/81190"}],"wp:attachment":[{"href":"https:\/\/www.seaflowerstore.com\/de\/wp-json\/wp\/v2\/media?parent=86608"}],"wp:term":[{"taxonomy":"pwb-brand","embeddable":true,"href":"https:\/\/www.seaflowerstore.com\/de\/wp-json\/wp\/v2\/pwb-brand?post=86608"},{"taxonomy":"product_cat","embeddable":true,"href":"https:\/\/www.seaflowerstore.com\/de\/wp-json\/wp\/v2\/product_cat?post=86608"},{"taxonomy":"product_tag","embeddable":true,"href":"https:\/\/www.seaflowerstore.com\/de\/wp-json\/wp\/v2\/product_tag?post=86608"}],"curies":[{"name":"wp","href":"https:\/\/api.w.org\/{rel}","templated":true}]}}