{"id":86614,"date":"2018-12-30T17:47:19","date_gmt":"2018-12-30T16:47:19","guid":{"rendered":"https:\/\/www.seaflowerstore.com\/nl\/pvc-knee-90-degrees\/"},"modified":"2024-10-14T12:29:46","modified_gmt":"2024-10-14T10:29:46","slug":"pvc-knee-90-degrees","status":"publish","type":"product","link":"https:\/\/www.seaflowerstore.com\/de\/pvc-knee-90-degrees\/","title":{"rendered":"PVC knee &#8211; 90 degrees"},"content":{"rendered":"<h2>PVC knee &#8211; 90 degrees<\/h2>\n<p>Dieses Druck-PVC-Kniest\u00fcck hat einen 90-Grad-Winkel. Es ist ratsam, diese Verbindung in einer F\u00f6rderleitung sparsam einzusetzen, da sie die Kapazit\u00e4t der Pumpe aufgrund der durch diesen Winkel verursachten Verz\u00f6gerung erheblich verringern kann. Erw\u00e4gen Sie stattdessen die Verwendung eines 90-Grad-Bogens oder zweier 45-Grad-B\u00f6gen f\u00fcr eine bessere Effizienz.<\/p>\n<p><strong>Druck-PVC<\/strong> ist ein robustes, dickwandiges PVC-Bauteil, das sich perfekt f\u00fcr den Einsatz in Aquarien eignet.<\/p>\n","protected":false},"excerpt":{"rendered":"<p>Pressure PVC Knee piece has a 90 degree angle<\/p>\n","protected":false},"featured_media":81146,"template":"","meta":[],"pwb-brand":[2133],"product_cat":[1595],"product_tag":[],"class_list":{"0":"post-86614","1":"product","2":"type-product","3":"status-publish","4":"has-post-thumbnail","6":"pwb-brand-divers","7":"product_cat-pvc-de","8":"pa_diameter-10-mm-de","9":"pa_diameter-12-mm-de","10":"pa_diameter-16-mm-de","11":"pa_diameter-20-mm-de","12":"pa_diameter-25-mm-de","13":"pa_diameter-32-mm-de","14":"pa_diameter-40-mm-de","15":"pa_diameter-50-mm-de","16":"pa_diameter-63-mm-de","17":"pa_show-myparcel-options-male-de","19":"first","20":"instock","21":"taxable","22":"shipping-taxable","23":"purchasable","24":"product-type-variable"},"acf":[],"brands":[{"id":2133,"name":"divers","slug":"divers"}],"_links":{"self":[{"href":"https:\/\/www.seaflowerstore.com\/de\/wp-json\/wp\/v2\/product\/86614","targetHints":{"allow":["GET"]}}],"collection":[{"href":"https:\/\/www.seaflowerstore.com\/de\/wp-json\/wp\/v2\/product"}],"about":[{"href":"https:\/\/www.seaflowerstore.com\/de\/wp-json\/wp\/v2\/types\/product"}],"wp:featuredmedia":[{"embeddable":true,"href":"https:\/\/www.seaflowerstore.com\/de\/wp-json\/wp\/v2\/media\/81146"}],"wp:attachment":[{"href":"https:\/\/www.seaflowerstore.com\/de\/wp-json\/wp\/v2\/media?parent=86614"}],"wp:term":[{"taxonomy":"pwb-brand","embeddable":true,"href":"https:\/\/www.seaflowerstore.com\/de\/wp-json\/wp\/v2\/pwb-brand?post=86614"},{"taxonomy":"product_cat","embeddable":true,"href":"https:\/\/www.seaflowerstore.com\/de\/wp-json\/wp\/v2\/product_cat?post=86614"},{"taxonomy":"product_tag","embeddable":true,"href":"https:\/\/www.seaflowerstore.com\/de\/wp-json\/wp\/v2\/product_tag?post=86614"}],"curies":[{"name":"wp","href":"https:\/\/api.w.org\/{rel}","templated":true}]}}