{"id":86625,"date":"2018-12-26T16:05:09","date_gmt":"2018-12-26T15:05:09","guid":{"rendered":"https:\/\/www.seaflowerstore.com\/nl\/bacto-reef-balls\/"},"modified":"2024-03-20T16:56:41","modified_gmt":"2024-03-20T15:56:41","slug":"bacto-reef-balls","status":"publish","type":"product","link":"https:\/\/www.seaflowerstore.com\/de\/bacto-reef-balls\/","title":{"rendered":"Bacto Reef Balls"},"content":{"rendered":"<h2>Fauna Marin Bacto Reef Balls contains millions of live reef-bacteria and enzymes in depot balls for easy dosing<\/h2>\n<p>Millionen lebender Riffbakterien und Enzyme sind in Depotkugeln eingeschlossen, sodass eine einfache Dosierung m\u00f6glich ist.<\/p>\n<p><strong>BACTO REEF BALLS WIRKUNG:<\/strong><\/p>\n<ul>\n<li>Kristallklares und gesundes Wasser mit effektiver N\u00e4hrstoffkontrolle und unkomplizierter Reduzierung von Ammoniak, Nitrit, Nitrat und Phosphaten.<\/li>\n<li>Beseitigt organische Abf\u00e4lle und unerw\u00fcnschten Detritus, verbessert das Absch\u00e4umen, reduziert den Filterwartungsaufwand und beseitigt unerw\u00fcnschte Bakterien und Algen.<\/li>\n<li>Einfache Dosierung dank der einzigartigen und lang anhaltenden Depotwirkung.<\/li>\n<\/ul>\n<p><strong>INHALT:<\/strong> Millionen lebender nat\u00fcrlicher Meeresbakterien in Depotkugeln f\u00fcr Meerwasseraquarien. Bacto Reef Balls 100 ml enthalten etwa 110 Kugeln mit einem durchschnittlichen Durchmesser von jeweils etwa 1 cm.<\/p>\n<p><strong>DOSIERUNG:<\/strong> Verwenden Sie alle 2 Wochen 2 Reef Balls pro 100 Liter (26,4 US-Gallonen) und legen Sie sie direkt in Ihren Filter. Bitte vermeiden Sie, dass die Kugeln in eine Pumpe gelangen. Reef Balls bestehen aus einem biologisch abbaubaren Polymer und Schwankungen in Gr\u00f6\u00dfe und Menge sind normal.<\/p>\n<p><strong>SICHERHEITSHINWEISE:<\/strong><\/p>\n<p><strong>Nur zur Verwendung in Riffaquarien; nicht f\u00fcr den menschlichen Verzehr bestimmt. Au\u00dferhalb der Reichweite von Kindern und Tieren aufbewahren. Bitte waschen Sie sich nach der Anwendung die H\u00e4nde.<\/strong><\/p>\n<hr\/>\n<p>Bacto Reef Balls sind das erste vollst\u00e4ndig erh\u00e4ltliche Meeresbakterienprodukt, das N\u00e4hrstoffkontrolle durch den Einsatz einer zeitgesteuerten Freisetzungstechnologie bietet und so ein depotgesteuertes N\u00e4hrstoffmanagement erm\u00f6glicht.<\/p>\n<p><strong>Hocheffiziente N\u00e4hrstoffkontrolle:<\/strong> BACTO REEF BALLS enthalten hochwirksame Bakterienkulturen, die den N\u00e4hrstoffgehalt regulieren und unansehnlichem Algenwachstum in Salzwasseraquarien vorbeugen. Diese Ergebnisse werden durch unser zeitgesteuertes Tr\u00e4germaterial erreicht.<\/p>\n<p><strong>Spezielle Zusammensetzung:<\/strong> Die einzigartige Formel unseres Tr\u00e4germaterials wurde speziell f\u00fcr die Verwendung in Meerwasser entwickelt und erm\u00f6glicht die stetige Versorgung des Aquariums mit verschiedenen Bakterienkulturen. Andere Materialien, wie z. B. Standardgel, wirken als zus\u00e4tzliche Kohlenstoffquelle, l\u00f6sen sich zu schnell auf und machen eine kontrollierte Abgabe unm\u00f6glich.<\/p>\n<p><strong>Genial vereinfachte Dosierung:<\/strong> Bacto Reef Balls sind unglaublich einfach zu verwenden. Geben Sie einfach die ben\u00f6tigte Menge Reef Balls in Ihren Filter und ersetzen Sie sie alle 2 Wochen, wenn sich die Originalkugel aufl\u00f6st. Unsere seewasserstabile Polymermatrix erm\u00f6glicht eine allm\u00e4hliche Freisetzung der Bakterien in das Aquarium, wodurch eine t\u00e4gliche Dosierung \u00fcberfl\u00fcssig wird und unerw\u00fcnschte Dosierungsspitzen vermieden werden.<\/p>\n<p><strong>Nat\u00fcrlich und riffsicher:<\/strong> Bacto Reef Balls ist das erste bakterienbasierte Produkt, das eine zeitverz\u00f6gerte Freisetzungstechnologie in einer Kugel nutzt. Sowohl die Bakterien als auch das Tr\u00e4germaterial sind 100 % riffsicher und f\u00f6rdern ein gesundes und nat\u00fcrliches Aquarium. Sobald die Bakterien eingef\u00fchrt sind, beginnen sie mit ihrer Arbeit und reduzieren Stickstoff und Phosphate. Unsere Bakterienmischung wurde speziell entwickelt, um die Bed\u00fcrfnisse von Riffaquarien zu erf\u00fcllen, indem sie eine stabile und vielf\u00e4ltige Kultur bietet. Eventuelle Bakterien\u00fcbersch\u00fcsse dienen Korallen und Protozoen als Nahrungsquelle und werden von einem Eiwei\u00dfabsch\u00e4umer abgesch\u00f6pft.<\/p>\n<p><strong>BACTO REEF BALLS im \u00dcberblick:<\/strong><\/p>\n<ul>\n<li>Kristallklares, gesundes Wasser<\/li>\n<li>Vereinfacht die N\u00e4hrstoffkontrolle: reduziert Stickstoff und Phosphate<\/li>\n<li>Reduziert unerw\u00fcnschtes Algenwachstum<\/li>\n<li>Bietet eine kosteng\u00fcnstige und effiziente M\u00f6glichkeit zur N\u00e4hrstoffkontrolle<\/li>\n<li>Unterst\u00fctzt die nat\u00fcrliche Bakterienflora<\/li>\n<li>Beseitigt l\u00e4stige bakterielle Plaque- und Detritusablagerungen<\/li>\n<li>Entfernt organische Abfallprodukte<\/li>\n<li>Verst\u00e4rkt den Absch\u00e4umprozess und minimiert Reinigungsintervalle<\/li>\n<li>Einfach zu befolgender Dosierungsplan<\/li>\n<li>Einzigartiger Depoteffekt, wochenlang wirksam pro Dosis<\/li>\n<\/ul>\n<p><strong>DOSIERUNG:<\/strong> Anwendung zwei (2) BACTO REEF BALLS pro 100 Liter (26,4 US-Gallonen) und alle 2 Wochen ersetzen. Beginnen Sie mit der H\u00e4lfte der empfohlenen Dosierung, um den spezifischen Bedarf Ihres Aquariums zu ermitteln. Platzieren Sie Bacto Reef Balls in einem Bereich mit hoher Str\u00f6mung Ihres Filters. Wir empfehlen die Verwendung eines Filterbeutels oder -strumpfs. Beginnen Sie in Aquarien ohne Absch\u00e4umer mit einem Viertel der Dosierung.<\/p>\n<p><strong>TIPPS:<\/strong><\/p>\n<ul>\n<li>Stellen Sie sicher, dass die Kugeln nicht in der N\u00e4he der Saug\u00f6ffnung einer Pumpe platziert werden.<\/li>\n<li>BACTO REEF BALLS l\u00f6sen sich bei Kontakt mit Wasser im Laufe der n\u00e4chsten 2-4 Wochen langsam auf und f\u00fchren dem Wasser nat\u00fcrliche Bakterien und eine hochwirksame Enzyml\u00f6sung zu.<\/li>\n<li>Nach dem Hinzuf\u00fcgen von BACTO REEF BALLS stellen Sie m\u00f6glicherweise eine deutliche Leistungssteigerung des Absch\u00e4umers fest. Dies ist das erste Anzeichen f\u00fcr einen verst\u00e4rkten N\u00e4hrstoffabbau. Durch Anpassen der Menge an BACTO REEF BALLS k\u00f6nnen Sie die spezifischen Bed\u00fcrfnisse Ihres Aquariums bestimmen.<\/li>\n<li>Eine allgemeine Dosierung kann aufgrund der Individualit\u00e4t von Aquarien und ihrer Besatzdichte nicht angegeben werden.<\/li>\n<li>Wir empfehlen, mit der H\u00e4lfte der empfohlenen Dosis zu beginnen und die Menge an BACTO REEF BALLS schrittweise zu erh\u00f6hen, bis Sie Ihre gew\u00fcnschten Werte erreichen. Regelm\u00e4\u00dfige Wassertests werden empfohlen.<\/li>\n<\/ul>\n<p><strong>LAGERUNG:<\/strong> BACTO REEF BALLS enthalten lebende Bakterien, die sicher in ihrer sch\u00fctzenden Gelh\u00fclle untergebracht sind. Nach dem \u00d6ffnen das Produkt bitte dunkel und k\u00fchl lagern. Verbrauchen Sie die Packung BACTO REEF BALLS innerhalb von 6-9 Monaten nach dem \u00d6ffnen.<\/p>\n","protected":false},"excerpt":{"rendered":"<p>Fauna Marin Bacto Reef Balls contains millions of live reef-bacteria and enzymes in depot balls for easy dosing<\/p>\n","protected":false},"featured_media":81138,"template":"","meta":[],"pwb-brand":[2177],"product_cat":[1484,1437,515,741],"product_tag":[],"class_list":{"0":"post-86625","1":"product","2":"type-product","3":"status-publish","4":"has-post-thumbnail","6":"pwb-brand-fauna-marin","7":"product_cat-bakterien","8":"product_cat-fauna-marin-de","9":"product_cat-additives","10":"product_cat-brands","11":"pa_inhoud-100-ml-de","12":"pa_inhoud-250-ml-de","13":"pa_inhoud-500-ml-de","14":"pa_show-myparcel-options-male-de","16":"first","17":"instock","18":"sale","19":"taxable","20":"shipping-taxable","21":"purchasable","22":"product-type-variable"},"acf":[],"brands":[{"id":2177,"name":"Fauna Marin","slug":"fauna-marin"}],"_links":{"self":[{"href":"https:\/\/www.seaflowerstore.com\/de\/wp-json\/wp\/v2\/product\/86625","targetHints":{"allow":["GET"]}}],"collection":[{"href":"https:\/\/www.seaflowerstore.com\/de\/wp-json\/wp\/v2\/product"}],"about":[{"href":"https:\/\/www.seaflowerstore.com\/de\/wp-json\/wp\/v2\/types\/product"}],"wp:featuredmedia":[{"embeddable":true,"href":"https:\/\/www.seaflowerstore.com\/de\/wp-json\/wp\/v2\/media\/81138"}],"wp:attachment":[{"href":"https:\/\/www.seaflowerstore.com\/de\/wp-json\/wp\/v2\/media?parent=86625"}],"wp:term":[{"taxonomy":"pwb-brand","embeddable":true,"href":"https:\/\/www.seaflowerstore.com\/de\/wp-json\/wp\/v2\/pwb-brand?post=86625"},{"taxonomy":"product_cat","embeddable":true,"href":"https:\/\/www.seaflowerstore.com\/de\/wp-json\/wp\/v2\/product_cat?post=86625"},{"taxonomy":"product_tag","embeddable":true,"href":"https:\/\/www.seaflowerstore.com\/de\/wp-json\/wp\/v2\/product_tag?post=86625"}],"curies":[{"name":"wp","href":"https:\/\/api.w.org\/{rel}","templated":true}]}}