{"id":86628,"date":"2018-12-18T15:54:53","date_gmt":"2018-12-18T14:54:53","guid":{"rendered":"https:\/\/www.seaflowerstore.com\/nl\/stax-rock-two-little-fishies\/"},"modified":"2026-03-13T17:05:34","modified_gmt":"2026-03-13T16:05:34","slug":"stax-rock-two-little-fishies","status":"publish","type":"product","link":"https:\/\/www.seaflowerstore.com\/de\/stax-rock-two-little-fishies\/","title":{"rendered":"STAX rock &#8211; Two Little Fishies"},"content":{"rendered":"<h2>Stax rock for building layered aquascapes in marine aquariums made by Two Little Fishies<\/h2>\n<p><strong>STAX<\/strong> ist ein vielseitiger, flacher und por\u00f6ser oolithischer Kalkstein, der f\u00fcr die Gestaltung atemberaubender mehrschichtiger Aquascapes in Meerwasseraquarien entwickelt wurde. Er bietet eine stabile Struktur und endlose M\u00f6glichkeiten f\u00fcr Kreativit\u00e4t!<\/p>\n<p>Wenn Sie mit STAX arbeiten, k\u00f6nnen Sie:<\/p>\n<ul>\n<li>Das Einschleppen von Sch\u00e4dlingen vermeiden.<\/li>\n<li>Ihr Traum-Aquascape zum Leben erwecken.<\/li>\n<li>Kombinieren Sie es mit <strong>STIX<\/strong>-Zement, um offene, der Schwerkraft trotzende Strukturen zu konstruieren, die reichlich horizontale Fl\u00e4chen zum Anbringen lebender Korallen bieten.<\/li>\n<\/ul>\n<p>Die Gr\u00f6\u00dfe der St\u00fccke reicht normalerweise von <strong>3 x 4 Zoll<\/strong> bis <strong>4 x 6 Zoll<\/strong>.<\/p>\n","protected":false},"excerpt":{"rendered":"<p>Stax rock for building layered aquascapes in marine aquariums made by Two Little Fishies<\/p>\n","protected":false},"featured_media":81132,"template":"","meta":[],"pwb-brand":[2231],"product_cat":[1386,1534],"product_tag":[],"class_list":{"0":"post-86628","1":"product","2":"type-product","3":"status-publish","4":"has-post-thumbnail","6":"pwb-brand-two-little-fishies","7":"product_cat-steine","8":"product_cat-verschiedene","9":"pa_inhoud-18-kg-de","10":"pa_inhoud-227-kg-de","11":"pa_inhoud-9-kg-de","12":"pa_show-myparcel-options-male-de","14":"first","15":"instock","16":"taxable","17":"shipping-taxable","18":"purchasable","19":"product-type-variable"},"acf":[],"brands":[{"id":2231,"name":"Two Little Fishies","slug":"two-little-fishies"}],"_links":{"self":[{"href":"https:\/\/www.seaflowerstore.com\/de\/wp-json\/wp\/v2\/product\/86628","targetHints":{"allow":["GET"]}}],"collection":[{"href":"https:\/\/www.seaflowerstore.com\/de\/wp-json\/wp\/v2\/product"}],"about":[{"href":"https:\/\/www.seaflowerstore.com\/de\/wp-json\/wp\/v2\/types\/product"}],"wp:featuredmedia":[{"embeddable":true,"href":"https:\/\/www.seaflowerstore.com\/de\/wp-json\/wp\/v2\/media\/81132"}],"wp:attachment":[{"href":"https:\/\/www.seaflowerstore.com\/de\/wp-json\/wp\/v2\/media?parent=86628"}],"wp:term":[{"taxonomy":"pwb-brand","embeddable":true,"href":"https:\/\/www.seaflowerstore.com\/de\/wp-json\/wp\/v2\/pwb-brand?post=86628"},{"taxonomy":"product_cat","embeddable":true,"href":"https:\/\/www.seaflowerstore.com\/de\/wp-json\/wp\/v2\/product_cat?post=86628"},{"taxonomy":"product_tag","embeddable":true,"href":"https:\/\/www.seaflowerstore.com\/de\/wp-json\/wp\/v2\/product_tag?post=86628"}],"curies":[{"name":"wp","href":"https:\/\/api.w.org\/{rel}","templated":true}]}}