{"id":86632,"date":"2018-12-18T11:16:13","date_gmt":"2018-12-18T10:16:13","guid":{"rendered":"https:\/\/www.seaflowerstore.com\/nl\/sander-ozonizers-certizon-c300-eu\/"},"modified":"2025-07-07T22:00:58","modified_gmt":"2025-07-07T20:00:58","slug":"sander-ozonizers-certizon-c300-eu","status":"publish","type":"product","link":"https:\/\/www.seaflowerstore.com\/de\/sander-ozonizers-certizon-c300-eu\/","title":{"rendered":"Sander Ozonizers Certizon C300 EU"},"content":{"rendered":"<h2>Sander Ozonizers Certizon C300 EU<\/h2>\n<p>Der Sander Ozonisator ist ein regelbares Ger\u00e4t, das Ozon von 50 bis 300 mg\/h erzeugen kann und somit vielseitig einsetzbar ist.<\/p>\n<p>Mit einem Stromverbrauch von nur 10 W wird dieser Ozonisator f\u00fcr Meerwasseraquarien mit einem Fassungsverm\u00f6gen von bis zu 3.000 Litern und f\u00fcr S\u00fc\u00dfwasseraquarien von bis zu 6.000 Litern empfohlen.<\/p>\n<p>F\u00fcr eine optimale Leistung wird empfohlen, einen Luftstrom zwischen 200 und 500 l\/h einzuhalten.<\/p>\n","protected":false},"excerpt":{"rendered":"<p>Sander Ozonizers Certizon C300 to enhance the Redox of the aquarium water<\/p>\n","protected":false},"featured_media":81130,"template":"","meta":[],"pwb-brand":[2267],"product_cat":[1427],"product_tag":[],"class_list":{"0":"post-86632","1":"product","2":"type-product","3":"status-publish","4":"has-post-thumbnail","6":"pwb-brand-sander","7":"product_cat-ozon-de","8":"pa_show-myparcel-options-male-de","10":"first","11":"outofstock","12":"taxable","13":"shipping-taxable","14":"purchasable","15":"product-type-simple"},"acf":[],"brands":[{"id":2267,"name":"Sander","slug":"sander"}],"_links":{"self":[{"href":"https:\/\/www.seaflowerstore.com\/de\/wp-json\/wp\/v2\/product\/86632","targetHints":{"allow":["GET"]}}],"collection":[{"href":"https:\/\/www.seaflowerstore.com\/de\/wp-json\/wp\/v2\/product"}],"about":[{"href":"https:\/\/www.seaflowerstore.com\/de\/wp-json\/wp\/v2\/types\/product"}],"wp:featuredmedia":[{"embeddable":true,"href":"https:\/\/www.seaflowerstore.com\/de\/wp-json\/wp\/v2\/media\/81130"}],"wp:attachment":[{"href":"https:\/\/www.seaflowerstore.com\/de\/wp-json\/wp\/v2\/media?parent=86632"}],"wp:term":[{"taxonomy":"pwb-brand","embeddable":true,"href":"https:\/\/www.seaflowerstore.com\/de\/wp-json\/wp\/v2\/pwb-brand?post=86632"},{"taxonomy":"product_cat","embeddable":true,"href":"https:\/\/www.seaflowerstore.com\/de\/wp-json\/wp\/v2\/product_cat?post=86632"},{"taxonomy":"product_tag","embeddable":true,"href":"https:\/\/www.seaflowerstore.com\/de\/wp-json\/wp\/v2\/product_tag?post=86632"}],"curies":[{"name":"wp","href":"https:\/\/api.w.org\/{rel}","templated":true}]}}