{"id":86636,"date":"2018-12-18T10:16:26","date_gmt":"2018-12-18T09:16:26","guid":{"rendered":"https:\/\/www.seaflowerstore.com\/nl\/ro-membrane-190-ltr-dagaquamedic\/"},"modified":"2024-03-20T16:56:23","modified_gmt":"2024-03-20T15:56:23","slug":"ro-membrane-190-ltr-dagaquamedic","status":"publish","type":"product","link":"https:\/\/www.seaflowerstore.com\/de\/ro-membrane-190-ltr-dagaquamedic\/","title":{"rendered":"RO membrane 190 ltr\/dag(AquaMedic)"},"content":{"rendered":"<h2>AquaMedic RO membrane 190 l \/ day, fits in every brand osmosis device<\/h2>\n<p>Diese <strong>AquaMedic RO-Membran<\/strong> hat eine Kapazit\u00e4t von <strong>190 Litern pro Tag<\/strong> und ist vielseitig genug, um in Osmoseger\u00e4te aller Marken zu passen. Sie wird h\u00e4ufig im <strong>Aqua Medic Easy Line 190<\/strong> verwendet.<\/p>\n<p>Wenn Sie nach einer zuverl\u00e4ssigen und effizienten Membran f\u00fcr Ihr Osmosesystem suchen, ist diese Option eine gute Wahl. Sie gew\u00e4hrleistet eine hohe Leistung und liefert eine hervorragende Wasserqualit\u00e4t.<\/p>\n<p>Wenn Sie Fragen haben oder Hilfe bei Ihrer Auswahl ben\u00f6tigen, k\u00f6nnen Sie sich gerne an uns wenden!<\/p>\n","protected":false},"excerpt":{"rendered":"<p>AquaMedic RO membrane 190 ltr \/ day, fits in every brand osmosis device<\/p>\n","protected":false},"featured_media":81122,"template":"","meta":[],"pwb-brand":[2149],"product_cat":[1421,1463],"product_tag":[],"class_list":{"0":"post-86636","1":"product","2":"type-product","3":"status-publish","4":"has-post-thumbnail","6":"pwb-brand-aqua-medic","7":"product_cat-aqua-medic-de","8":"product_cat-filter-und-zubehoer","9":"pa_show-myparcel-options-male-de","11":"first","12":"instock","13":"taxable","14":"shipping-taxable","15":"purchasable","16":"product-type-simple"},"acf":[],"brands":[{"id":2149,"name":"Aqua Medic","slug":"aqua-medic"}],"_links":{"self":[{"href":"https:\/\/www.seaflowerstore.com\/de\/wp-json\/wp\/v2\/product\/86636","targetHints":{"allow":["GET"]}}],"collection":[{"href":"https:\/\/www.seaflowerstore.com\/de\/wp-json\/wp\/v2\/product"}],"about":[{"href":"https:\/\/www.seaflowerstore.com\/de\/wp-json\/wp\/v2\/types\/product"}],"wp:featuredmedia":[{"embeddable":true,"href":"https:\/\/www.seaflowerstore.com\/de\/wp-json\/wp\/v2\/media\/81122"}],"wp:attachment":[{"href":"https:\/\/www.seaflowerstore.com\/de\/wp-json\/wp\/v2\/media?parent=86636"}],"wp:term":[{"taxonomy":"pwb-brand","embeddable":true,"href":"https:\/\/www.seaflowerstore.com\/de\/wp-json\/wp\/v2\/pwb-brand?post=86636"},{"taxonomy":"product_cat","embeddable":true,"href":"https:\/\/www.seaflowerstore.com\/de\/wp-json\/wp\/v2\/product_cat?post=86636"},{"taxonomy":"product_tag","embeddable":true,"href":"https:\/\/www.seaflowerstore.com\/de\/wp-json\/wp\/v2\/product_tag?post=86636"}],"curies":[{"name":"wp","href":"https:\/\/api.w.org\/{rel}","templated":true}]}}