{"id":86637,"date":"2018-12-18T09:07:45","date_gmt":"2018-12-18T08:07:45","guid":{"rendered":"https:\/\/www.seaflowerstore.com\/nl\/triton-bio-base-ulns-100ml\/"},"modified":"2024-03-20T16:56:22","modified_gmt":"2024-03-20T15:56:22","slug":"triton-bio-base-ulns-100ml","status":"publish","type":"product","link":"https:\/\/www.seaflowerstore.com\/de\/triton-bio-base-ulns-100ml\/","title":{"rendered":"Triton Bio-base ULNS 100ml"},"content":{"rendered":"<h2>Triton Biobase ULNS 100ml is an organic supply system for reef aquariums with low nutrient content<\/h2>\n<p>Triton Biobase ULNS 100 ml wurde entwickelt, um die Gesundheit Ihres Riffaquariums durch die Bereitstellung einer n\u00e4hrstoffarmen Umgebung zu verbessern. Hier sind einige wichtige Vorteile:<\/p>\n<ul>\n<li><strong>Beschleunigt die Bioverf\u00fcgbarkeit von Spurenelementen<\/strong><\/li>\n<li><strong>F\u00f6rdert n\u00fctzliche Stoffwechselprozesse im Riff<\/strong><\/li>\n<li><strong>Verhindert Cyanobakterien<\/strong><\/li>\n<li><strong>Hilft bei der Anpassung des Triton-N\u00e4hrstoffverh\u00e4ltnisses<\/strong><\/li>\n<\/ul>\n<p><strong>Dosierung:<\/strong> Es wird empfohlen, 1 ml pro 4 x 50 ml Core 7 zu dosieren. Sie k\u00f6nnen die Dosierung erh\u00f6hen, achten Sie jedoch darauf, dass sie maximal 5 ml pro 4 x 50 ml Core 7 nicht \u00fcberschreitet.<\/p>\n","protected":false},"excerpt":{"rendered":"<p>Triton Bio-base ULNS 100ml is an organic supply system for reef aquariums with low nutrient content<\/p>\n","protected":false},"featured_media":81121,"template":"","meta":[],"pwb-brand":[2181],"product_cat":[1391,1392,515,741],"product_tag":[],"class_list":{"0":"post-86637","1":"product","2":"type-product","3":"status-publish","4":"has-post-thumbnail","6":"pwb-brand-triton","7":"product_cat-ergaenzungen","8":"product_cat-triton-de","9":"product_cat-additives","10":"product_cat-brands","11":"pa_inhoud-100-ml-de","12":"pa_show-myparcel-options-male-de","14":"first","15":"instock","16":"taxable","17":"shipping-taxable","18":"purchasable","19":"product-type-simple"},"acf":[],"brands":[{"id":2181,"name":"Triton","slug":"triton"}],"_links":{"self":[{"href":"https:\/\/www.seaflowerstore.com\/de\/wp-json\/wp\/v2\/product\/86637","targetHints":{"allow":["GET"]}}],"collection":[{"href":"https:\/\/www.seaflowerstore.com\/de\/wp-json\/wp\/v2\/product"}],"about":[{"href":"https:\/\/www.seaflowerstore.com\/de\/wp-json\/wp\/v2\/types\/product"}],"wp:featuredmedia":[{"embeddable":true,"href":"https:\/\/www.seaflowerstore.com\/de\/wp-json\/wp\/v2\/media\/81121"}],"wp:attachment":[{"href":"https:\/\/www.seaflowerstore.com\/de\/wp-json\/wp\/v2\/media?parent=86637"}],"wp:term":[{"taxonomy":"pwb-brand","embeddable":true,"href":"https:\/\/www.seaflowerstore.com\/de\/wp-json\/wp\/v2\/pwb-brand?post=86637"},{"taxonomy":"product_cat","embeddable":true,"href":"https:\/\/www.seaflowerstore.com\/de\/wp-json\/wp\/v2\/product_cat?post=86637"},{"taxonomy":"product_tag","embeddable":true,"href":"https:\/\/www.seaflowerstore.com\/de\/wp-json\/wp\/v2\/product_tag?post=86637"}],"curies":[{"name":"wp","href":"https:\/\/api.w.org\/{rel}","templated":true}]}}