{"id":86638,"date":"2018-12-18T09:03:50","date_gmt":"2018-12-18T08:03:50","guid":{"rendered":"https:\/\/www.seaflowerstore.com\/nl\/triton-bio-base-100ml\/"},"modified":"2024-03-20T16:56:20","modified_gmt":"2024-03-20T15:56:20","slug":"triton-bio-base-100ml","status":"publish","type":"product","link":"https:\/\/www.seaflowerstore.com\/de\/triton-bio-base-100ml\/","title":{"rendered":"Triton Bio-base 100ml"},"content":{"rendered":"<h2>Triton Biobase 100ml is an organic supply system for reef aquariums with normal nutrient content<\/h2>\n<p><strong>Triton Biobase 100 ml<\/strong> spielt eine entscheidende Rolle bei der Verbesserung des \u00d6kosystems Ihres Riffaquariums. Es <em>beschleunigt die Bioverf\u00fcgbarkeit von Spurenelementen<\/em> und f\u00f6rdert vorteilhafte Stoffwechselprozesse innerhalb der Riffumgebung.<\/p>\n<p>Dieses Produkt hilft auch, <strong>Cyanobakterien vorzubeugen<\/strong> und unterst\u00fctzt bei der <strong>Anpassung des Triton-N\u00e4hrstoffverh\u00e4ltnisses<\/strong>.<\/p>\n<p><strong>Dosierungsanleitung:<\/strong><\/p>\n<ul>\n<li>Verwenden Sie 1 ml pro 4 x 50 ml Core 7.<\/li>\n<li>Die Dosierung kann erh\u00f6ht werden, es ist jedoch wichtig, dass sie maximal 5 ml pro 4 x 50 ml Core 7 nicht \u00fcberschreitet.<\/li>\n<\/ul>\n","protected":false},"excerpt":{"rendered":"<p>Triton Bio-base is an organic supply system for reef aquariums with normal nutrient content<\/p>\n","protected":false},"featured_media":81120,"template":"","meta":[],"pwb-brand":[2181],"product_cat":[1391,1392],"product_tag":[],"class_list":{"0":"post-86638","1":"product","2":"type-product","3":"status-publish","4":"has-post-thumbnail","6":"pwb-brand-triton","7":"product_cat-ergaenzungen","8":"product_cat-triton-de","9":"pa_inhoud-100-ml-de","10":"pa_show-myparcel-options-male-de","12":"first","13":"instock","14":"taxable","15":"shipping-taxable","16":"purchasable","17":"product-type-simple"},"acf":[],"brands":[{"id":2181,"name":"Triton","slug":"triton"}],"_links":{"self":[{"href":"https:\/\/www.seaflowerstore.com\/de\/wp-json\/wp\/v2\/product\/86638","targetHints":{"allow":["GET"]}}],"collection":[{"href":"https:\/\/www.seaflowerstore.com\/de\/wp-json\/wp\/v2\/product"}],"about":[{"href":"https:\/\/www.seaflowerstore.com\/de\/wp-json\/wp\/v2\/types\/product"}],"wp:featuredmedia":[{"embeddable":true,"href":"https:\/\/www.seaflowerstore.com\/de\/wp-json\/wp\/v2\/media\/81120"}],"wp:attachment":[{"href":"https:\/\/www.seaflowerstore.com\/de\/wp-json\/wp\/v2\/media?parent=86638"}],"wp:term":[{"taxonomy":"pwb-brand","embeddable":true,"href":"https:\/\/www.seaflowerstore.com\/de\/wp-json\/wp\/v2\/pwb-brand?post=86638"},{"taxonomy":"product_cat","embeddable":true,"href":"https:\/\/www.seaflowerstore.com\/de\/wp-json\/wp\/v2\/product_cat?post=86638"},{"taxonomy":"product_tag","embeddable":true,"href":"https:\/\/www.seaflowerstore.com\/de\/wp-json\/wp\/v2\/product_tag?post=86638"}],"curies":[{"name":"wp","href":"https:\/\/api.w.org\/{rel}","templated":true}]}}