{"id":86639,"date":"2018-12-18T09:03:00","date_gmt":"2018-12-18T08:03:00","guid":{"rendered":"https:\/\/www.seaflowerstore.com\/nl\/triton-p-beta-100ml\/"},"modified":"2024-03-20T16:56:19","modified_gmt":"2024-03-20T15:56:19","slug":"triton-p-beta-100ml","status":"publish","type":"product","link":"https:\/\/www.seaflowerstore.com\/de\/triton-p-beta-100ml\/","title":{"rendered":"Triton P beta 100ml"},"content":{"rendered":"<h2>Triton P beta 100ml is an organic \/ inorganic phosphorus compounds for reef aquariums.<\/h2>\n<p>Triton P beta 100 ml ist eine ausgezeichnete Wahl zur Verbesserung Ihres Riffaquariums. Hier sind einige wichtige Vorteile:<\/p>\n<ul>\n<li><strong>Beschleunigt die Bioverf\u00fcgbarkeit von Spurenelementen.<\/strong><\/li>\n<li><strong>Hilft bei der Anpassung des Triton-N\u00e4hrstoffverh\u00e4ltnisses.<\/strong><\/li>\n<li><strong>Die empfohlene Dosierung sollte auf der Triton N-DOC-Analyse basieren.<\/strong><\/li>\n<\/ul>\n<p>Dieses Produkt wurde entwickelt, um die Gesundheit und Vitalit\u00e4t Ihrer Wasserumgebung zu unterst\u00fctzen und ist somit eine wertvolle Erg\u00e4nzung Ihrer Aquarienpflegeroutine.<\/p>\n","protected":false},"excerpt":{"rendered":"<p>P beta 100ml is an organic \/ inorganic phosphorus compounds for reef aquariums<\/p>\n","protected":false},"featured_media":81119,"template":"","meta":[],"pwb-brand":[2181],"product_cat":[1391,1392],"product_tag":[],"class_list":{"0":"post-86639","1":"product","2":"type-product","3":"status-publish","4":"has-post-thumbnail","6":"pwb-brand-triton","7":"product_cat-ergaenzungen","8":"product_cat-triton-de","9":"pa_inhoud-100-ml-de","10":"pa_show-myparcel-options-male-de","12":"first","13":"instock","14":"taxable","15":"shipping-taxable","16":"purchasable","17":"product-type-simple"},"acf":[],"brands":[{"id":2181,"name":"Triton","slug":"triton"}],"_links":{"self":[{"href":"https:\/\/www.seaflowerstore.com\/de\/wp-json\/wp\/v2\/product\/86639","targetHints":{"allow":["GET"]}}],"collection":[{"href":"https:\/\/www.seaflowerstore.com\/de\/wp-json\/wp\/v2\/product"}],"about":[{"href":"https:\/\/www.seaflowerstore.com\/de\/wp-json\/wp\/v2\/types\/product"}],"wp:featuredmedia":[{"embeddable":true,"href":"https:\/\/www.seaflowerstore.com\/de\/wp-json\/wp\/v2\/media\/81119"}],"wp:attachment":[{"href":"https:\/\/www.seaflowerstore.com\/de\/wp-json\/wp\/v2\/media?parent=86639"}],"wp:term":[{"taxonomy":"pwb-brand","embeddable":true,"href":"https:\/\/www.seaflowerstore.com\/de\/wp-json\/wp\/v2\/pwb-brand?post=86639"},{"taxonomy":"product_cat","embeddable":true,"href":"https:\/\/www.seaflowerstore.com\/de\/wp-json\/wp\/v2\/product_cat?post=86639"},{"taxonomy":"product_tag","embeddable":true,"href":"https:\/\/www.seaflowerstore.com\/de\/wp-json\/wp\/v2\/product_tag?post=86639"}],"curies":[{"name":"wp","href":"https:\/\/api.w.org\/{rel}","templated":true}]}}