{"id":86642,"date":"2018-12-18T08:58:56","date_gmt":"2018-12-18T07:58:56","guid":{"rendered":"https:\/\/www.seaflowerstore.com\/nl\/triton-nh-alpha-100ml\/"},"modified":"2024-03-20T16:56:15","modified_gmt":"2024-03-20T15:56:15","slug":"triton-nh-alpha-100ml","status":"publish","type":"product","link":"https:\/\/www.seaflowerstore.com\/de\/triton-nh-alpha-100ml\/","title":{"rendered":"Triton Nh alpha 100ml"},"content":{"rendered":"<h2>Triton Nh alpha 100ml is an organic \/ inorganic nitrogen compounds for reef aquariums<\/h2>\n<p>Triton Nh alpha 100 ml wurde speziell f\u00fcr Riffaquarien entwickelt und kombiniert sowohl organische als auch anorganische Stickstoffverbindungen. Dieses Produkt kann eine wertvolle Erg\u00e4nzung Ihrer Aquarienpflegeroutine sein.<\/p>\n<ul>\n<li><strong>Beschleunigt die Bioverf\u00fcgbarkeit von Spurenelementen:<\/strong> Dies bedeutet, dass wichtige N\u00e4hrstoffe f\u00fcr Ihr Wasserleben leichter zug\u00e4nglich werden.<\/li>\n<li><strong>Hilft bei der Anpassung des Triton-N\u00e4hrstoffverh\u00e4ltnisses:<\/strong> Es spielt eine entscheidende Rolle bei der Feinabstimmung des N\u00e4hrstoffgleichgewichts in Ihrem Aquarium.<\/li>\n<li><strong>Nach der Triton N-DOC-Analyse empfohlene Dosierung:<\/strong> Befolgen Sie f\u00fcr optimale Ergebnisse unbedingt die Dosierungsanleitung basierend auf Ihrer spezifischen Analyse.<\/li>\n<\/ul>\n<p>Die Verwendung von Triton Nh alpha 100 ml kann Ihnen helfen, eine ges\u00fcndere Umgebung f\u00fcr Ihr Riffaquarium zu schaffen und das Wohlbefinden Ihrer Wasserbewohner zu f\u00f6rdern.<\/p>\n","protected":false},"excerpt":{"rendered":"<p>Nh alpha is an organic \/ inorganic nitrogen compounds for reef aquariums<\/p>\n","protected":false},"featured_media":81113,"template":"","meta":[],"pwb-brand":[2181],"product_cat":[1391,1392],"product_tag":[],"class_list":{"0":"post-86642","1":"product","2":"type-product","3":"status-publish","4":"has-post-thumbnail","6":"pwb-brand-triton","7":"product_cat-ergaenzungen","8":"product_cat-triton-de","9":"pa_inhoud-100-ml-de","10":"pa_show-myparcel-options-male-de","12":"first","13":"instock","14":"taxable","15":"shipping-taxable","16":"purchasable","17":"product-type-simple"},"acf":[],"brands":[{"id":2181,"name":"Triton","slug":"triton"}],"_links":{"self":[{"href":"https:\/\/www.seaflowerstore.com\/de\/wp-json\/wp\/v2\/product\/86642","targetHints":{"allow":["GET"]}}],"collection":[{"href":"https:\/\/www.seaflowerstore.com\/de\/wp-json\/wp\/v2\/product"}],"about":[{"href":"https:\/\/www.seaflowerstore.com\/de\/wp-json\/wp\/v2\/types\/product"}],"wp:featuredmedia":[{"embeddable":true,"href":"https:\/\/www.seaflowerstore.com\/de\/wp-json\/wp\/v2\/media\/81113"}],"wp:attachment":[{"href":"https:\/\/www.seaflowerstore.com\/de\/wp-json\/wp\/v2\/media?parent=86642"}],"wp:term":[{"taxonomy":"pwb-brand","embeddable":true,"href":"https:\/\/www.seaflowerstore.com\/de\/wp-json\/wp\/v2\/pwb-brand?post=86642"},{"taxonomy":"product_cat","embeddable":true,"href":"https:\/\/www.seaflowerstore.com\/de\/wp-json\/wp\/v2\/product_cat?post=86642"},{"taxonomy":"product_tag","embeddable":true,"href":"https:\/\/www.seaflowerstore.com\/de\/wp-json\/wp\/v2\/product_tag?post=86642"}],"curies":[{"name":"wp","href":"https:\/\/api.w.org\/{rel}","templated":true}]}}