{"id":86643,"date":"2018-12-17T19:33:03","date_gmt":"2018-12-17T18:33:03","guid":{"rendered":"https:\/\/www.seaflowerstore.com\/nl\/triton-n-doc-test\/"},"modified":"2024-03-20T16:56:14","modified_gmt":"2024-03-20T15:56:14","slug":"triton-n-doc-test","status":"publish","type":"product","link":"https:\/\/www.seaflowerstore.com\/de\/triton-n-doc-test\/","title":{"rendered":"Triton N-DOC Test"},"content":{"rendered":"<h2>Triton N-DOC is a comprehensive testing for nitrogen, alkalinity and dissolved carbon<\/h2>\n<p>Einf\u00fchrung erweiterter, hochaufl\u00f6sender Tests f\u00fcr wichtige Stickstoffverbindungen, gel\u00f6sten organischen Kohlenstoff und erweiterte Alkalinit\u00e4t. Endlich k\u00f6nnen Riffpfleger die N\u00e4hrstoffe ausgleichen und kontrollieren, die den Bestand an Bakterien, Cyanobakterien und Algen in geschlossenen Riffsystemen beeinflussen.<\/p>\n<h3>Anwendung:<\/h3>\n<ul>\n<li>Erhalten Einblicke in komplexe organische Systeme im Meerwasser: Kohlenstoff und Stickstoff<\/li>\n<li>Nutzen Sie das N\/C\/P-Verh\u00e4ltnis, um Kohlenstoff- und Aminos\u00e4urequellen zu verwalten und ihren Einfluss auf Bakterien und Korallen in Riffaquarien zu kontrollieren. <strong>Hinweis:<\/strong> P-Wert separat \u00fcber einen aktuellen ICP-Test oder manuell gemessen.<\/li>\n<li>Beseitigt Probleme, die durch Blinddosierung verursacht werden.<\/li>\n<li>Hilfe bei der Probleml\u00f6sung und Ermittlung der Notwendigkeit von Wasserwechseln.<\/li>\n<li>Behebt h\u00e4ufige Probleme wie Gewebenekrose und Cyanobakterien.<\/li>\n<li>Messt die wahre Alkalinit\u00e4t, frei von \u00e4u\u00dferen Einfl\u00fcssen.<\/li>\n<\/ul>\n","protected":false},"excerpt":{"rendered":"<p>Triton N-DOC is a comprehensive testing for nitrogen, alkalinity and dissolved carbon<\/p>\n","protected":false},"featured_media":81111,"template":"","meta":[],"pwb-brand":[2181],"product_cat":[1452,1392],"product_tag":[],"class_list":{"0":"post-86643","1":"product","2":"type-product","3":"status-publish","4":"has-post-thumbnail","6":"pwb-brand-triton","7":"product_cat-labortest","8":"product_cat-triton-de","9":"pa_show-myparcel-options-male-de","11":"first","12":"instock","13":"taxable","14":"shipping-taxable","15":"purchasable","16":"product-type-simple"},"acf":[],"brands":[{"id":2181,"name":"Triton","slug":"triton"}],"_links":{"self":[{"href":"https:\/\/www.seaflowerstore.com\/de\/wp-json\/wp\/v2\/product\/86643","targetHints":{"allow":["GET"]}}],"collection":[{"href":"https:\/\/www.seaflowerstore.com\/de\/wp-json\/wp\/v2\/product"}],"about":[{"href":"https:\/\/www.seaflowerstore.com\/de\/wp-json\/wp\/v2\/types\/product"}],"wp:featuredmedia":[{"embeddable":true,"href":"https:\/\/www.seaflowerstore.com\/de\/wp-json\/wp\/v2\/media\/81111"}],"wp:attachment":[{"href":"https:\/\/www.seaflowerstore.com\/de\/wp-json\/wp\/v2\/media?parent=86643"}],"wp:term":[{"taxonomy":"pwb-brand","embeddable":true,"href":"https:\/\/www.seaflowerstore.com\/de\/wp-json\/wp\/v2\/pwb-brand?post=86643"},{"taxonomy":"product_cat","embeddable":true,"href":"https:\/\/www.seaflowerstore.com\/de\/wp-json\/wp\/v2\/product_cat?post=86643"},{"taxonomy":"product_tag","embeddable":true,"href":"https:\/\/www.seaflowerstore.com\/de\/wp-json\/wp\/v2\/product_tag?post=86643"}],"curies":[{"name":"wp","href":"https:\/\/api.w.org\/{rel}","templated":true}]}}