{"id":86644,"date":"2018-12-16T10:07:05","date_gmt":"2018-12-16T09:07:05","guid":{"rendered":"https:\/\/www.seaflowerstore.com\/nl\/arka-reef-cave-with-2-holes-15cm\/"},"modified":"2024-03-20T16:56:13","modified_gmt":"2024-03-20T15:56:13","slug":"arka-reef-cave-with-2-holes-15cm","status":"publish","type":"product","link":"https:\/\/www.seaflowerstore.com\/de\/arka-reef-cave-with-2-holes-15cm\/","title":{"rendered":"Arka reef cave with 2 holes 15cm"},"content":{"rendered":"<h2><strong>Arka reef cave with 2 holes 15cm<\/strong><\/h2>\n<p>Die Ma\u00dfe der Riffh\u00f6hle betragen (LxBxH):<\/p>\n<p>RH20 = 22 x 22 x 12 cm<\/p>\n<p>Bitte beachten Sie, dass unsere Riffkeramik handgefertigt ist, die Ma\u00dfe k\u00f6nnen daher leicht abweichen.<\/p>\n<p>Wir sind stolz darauf, f\u00fcr unsere Riffkeramik nur die hochwertigsten Rohstoffe ohne k\u00fcnstliche Zus\u00e4tze zu verwenden.<\/p>\n<p>Jedes Produkt ist ein Unikat und wird mit Sorgfalt in Deutschland gefertigt.<\/p>\n<p><strong>Merkmale und Vorteile:<\/strong><\/p>\n<ul>\n<li>Sehr hohe Porosit\u00e4t<\/li>\n<li>Naturnah<\/li>\n<li>Biologisch aktiv innerhalb kurzer Zeit<\/li>\n<li>Frei von k\u00fcnstlichen Zus\u00e4tzen<\/li>\n<li>Hilft, die Einschleppung von Glasrosen und anderen ungebetenen G\u00e4sten zu verhindern<\/li>\n<li>F\u00f6rdert sehr schnelles Wachstum von Kalkalgen<\/li>\n<li>Tr\u00e4gt aktiv zum Umweltschutz bei Schutz durch Verhinderung nat\u00fcrlicher Entbehrungen<\/li>\n<li>Geeignet f\u00fcr Meer- und S\u00fc\u00dfwasser<\/li>\n<\/ul>\n<p><strong>Wir verpacken dieses Produkt mit gro\u00dfer Sorgfalt, \u00fcbernehmen jedoch keine Verantwortung f\u00fcr Sch\u00e4den, die w\u00e4hrend des Transports auftreten k\u00f6nnen.<\/strong><\/p>\n","protected":false},"excerpt":{"rendered":"<p>15 cm Small cave with 2 holes made of ceramic material<\/p>\n","protected":false},"featured_media":81109,"template":"","meta":[],"pwb-brand":[2253],"product_cat":[1386],"product_tag":[],"class_list":{"0":"post-86644","1":"product","2":"type-product","3":"status-publish","4":"has-post-thumbnail","6":"pwb-brand-arka","7":"product_cat-steine","8":"pa_diameter-15-cm-de","9":"pa_show-myparcel-options-male-de","11":"first","12":"outofstock","13":"taxable","14":"shipping-taxable","15":"purchasable","16":"product-type-simple"},"acf":[],"brands":[{"id":2253,"name":"Arka","slug":"arka"}],"_links":{"self":[{"href":"https:\/\/www.seaflowerstore.com\/de\/wp-json\/wp\/v2\/product\/86644","targetHints":{"allow":["GET"]}}],"collection":[{"href":"https:\/\/www.seaflowerstore.com\/de\/wp-json\/wp\/v2\/product"}],"about":[{"href":"https:\/\/www.seaflowerstore.com\/de\/wp-json\/wp\/v2\/types\/product"}],"wp:featuredmedia":[{"embeddable":true,"href":"https:\/\/www.seaflowerstore.com\/de\/wp-json\/wp\/v2\/media\/81109"}],"wp:attachment":[{"href":"https:\/\/www.seaflowerstore.com\/de\/wp-json\/wp\/v2\/media?parent=86644"}],"wp:term":[{"taxonomy":"pwb-brand","embeddable":true,"href":"https:\/\/www.seaflowerstore.com\/de\/wp-json\/wp\/v2\/pwb-brand?post=86644"},{"taxonomy":"product_cat","embeddable":true,"href":"https:\/\/www.seaflowerstore.com\/de\/wp-json\/wp\/v2\/product_cat?post=86644"},{"taxonomy":"product_tag","embeddable":true,"href":"https:\/\/www.seaflowerstore.com\/de\/wp-json\/wp\/v2\/product_tag?post=86644"}],"curies":[{"name":"wp","href":"https:\/\/api.w.org\/{rel}","templated":true}]}}