{"id":86645,"date":"2018-12-16T10:01:55","date_gmt":"2018-12-16T09:01:55","guid":{"rendered":"https:\/\/www.seaflowerstore.com\/nl\/arka-reef-cave-with-2-holes-10cm\/"},"modified":"2024-03-20T16:56:11","modified_gmt":"2024-03-20T15:56:11","slug":"arka-reef-cave-with-2-holes-10cm","status":"publish","type":"product","link":"https:\/\/www.seaflowerstore.com\/de\/arka-reef-cave-with-2-holes-10cm\/","title":{"rendered":"Arka reef cave with 2 holes 10cm"},"content":{"rendered":"<h2><strong>Arka reef cave with 2 holes 10cm<\/strong><\/h2>\n<p>Hier die Ma\u00dfe der Riffh\u00f6hle (LxBxH):<\/p>\n<p>RH20 = 22 x 22 x 12 cm<\/p>\n<p>Bitte beachten Sie, dass unsere Riffkeramik handgefertigt ist, daher k\u00f6nnen die Gr\u00f6\u00dfen leicht abweichen.<\/p>\n<p>F\u00fcr unsere Riffkeramik verwenden wir ausschlie\u00dflich hochwertigste Rohstoffe, v\u00f6llig frei von k\u00fcnstlichen Zus\u00e4tzen.<\/p>\n<p>Jedes Produkt ist ein Unikat und wird mit Sorgfalt in Deutschland gefertigt.<\/p>\n<p><strong>Eigenschaften und Vorteile:<\/strong><\/p>\n<ul>\n<li>Sehr hohe Porosit\u00e4t<\/li>\n<li>Naturnah<\/li>\n<li>Biologisch aktiv innerhalb kurzer Zeit<\/li>\n<li>Ohne k\u00fcnstliche Zus\u00e4tze<\/li>\n<li>Verhindert das Einschleppen von Glasrosen und anderen ungebetenen G\u00e4sten<\/li>\n<li>Sehr schnelles Wachstum mit Kalkalgen<\/li>\n<li>Aktiver Beitrag zum Umweltschutz durch Verhinderung von nat\u00fcrlichem Entzug<\/li>\n<li>Geeignet f\u00fcr Meer- und S\u00fc\u00dfwasser<\/li>\n<\/ul>\n<p><strong>Wir verpacken dieses Produkt mit gro\u00dfer Sorgfalt, sind jedoch nicht f\u00fcr Transportsch\u00e4den verantwortlich.<\/strong><\/p>\n","protected":false},"excerpt":{"rendered":"<p>10 cm Small cave with 2 holes made of ceramic material<\/p>\n","protected":false},"featured_media":81107,"template":"","meta":[],"pwb-brand":[2253],"product_cat":[1534],"product_tag":[],"class_list":{"0":"post-86645","1":"product","2":"type-product","3":"status-publish","4":"has-post-thumbnail","6":"pwb-brand-arka","7":"product_cat-verschiedene","8":"pa_diameter-10-cm-de","9":"pa_show-myparcel-options-male-de","11":"first","12":"instock","13":"taxable","14":"shipping-taxable","15":"purchasable","16":"product-type-simple"},"acf":[],"brands":[{"id":2253,"name":"Arka","slug":"arka"}],"_links":{"self":[{"href":"https:\/\/www.seaflowerstore.com\/de\/wp-json\/wp\/v2\/product\/86645","targetHints":{"allow":["GET"]}}],"collection":[{"href":"https:\/\/www.seaflowerstore.com\/de\/wp-json\/wp\/v2\/product"}],"about":[{"href":"https:\/\/www.seaflowerstore.com\/de\/wp-json\/wp\/v2\/types\/product"}],"wp:featuredmedia":[{"embeddable":true,"href":"https:\/\/www.seaflowerstore.com\/de\/wp-json\/wp\/v2\/media\/81107"}],"wp:attachment":[{"href":"https:\/\/www.seaflowerstore.com\/de\/wp-json\/wp\/v2\/media?parent=86645"}],"wp:term":[{"taxonomy":"pwb-brand","embeddable":true,"href":"https:\/\/www.seaflowerstore.com\/de\/wp-json\/wp\/v2\/pwb-brand?post=86645"},{"taxonomy":"product_cat","embeddable":true,"href":"https:\/\/www.seaflowerstore.com\/de\/wp-json\/wp\/v2\/product_cat?post=86645"},{"taxonomy":"product_tag","embeddable":true,"href":"https:\/\/www.seaflowerstore.com\/de\/wp-json\/wp\/v2\/product_tag?post=86645"}],"curies":[{"name":"wp","href":"https:\/\/api.w.org\/{rel}","templated":true}]}}