{"id":86646,"date":"2018-12-11T16:47:00","date_gmt":"2018-12-11T15:47:00","guid":{"rendered":"https:\/\/www.seaflowerstore.com\/nl\/fauna-marin-min-s\/"},"modified":"2024-03-20T16:56:33","modified_gmt":"2024-03-20T15:56:33","slug":"fauna-marin-min-s","status":"publish","type":"product","link":"https:\/\/www.seaflowerstore.com\/de\/fauna-marin-min-s\/","title":{"rendered":"Fauna Marin Min S"},"content":{"rendered":"<h2>Fauna Marin Min S is a liquid food that helps achieve healthy growth, rich colors and extraordinary tissue fluorescence.<\/h2>\n<p>Fauna Marin Min S ist ein fantastischer Fl\u00fcssigd\u00fcnger, der das kr\u00e4ftige Wachstum, leuchtende Farben und eine beeindruckende Gewebefluoreszenz Ihrer Korallen f\u00f6rdert. Mit seiner einzigartigen Mischung aus nat\u00fcrlichen Futterpartikeln, marinen Biopolymeren und organischen N\u00e4hrstoffen versorgt Min S Ihre Korallen mit den lebenswichtigen N\u00e4hrstoffen, die sie ben\u00f6tigen, \u00e4hnlich wie sie sie in ihrem nat\u00fcrlichen Lebensraum vorfinden w\u00fcrden.<\/p>\n<ul>\n<li>Nat\u00fcrliches Futterkonzentrat aus hochwertigen Rohstoffen<\/li>\n<li>Perfektes Gleichgewicht aus Futterpartikeln und Feststoffen kombiniert mit Aminos\u00e4uren, Vitaminen und Spurenelementen<\/li>\n<li>Ideal f\u00fcr n\u00e4hrstoffarme Riffsysteme<\/li>\n<li>Geeignet f\u00fcr alle Korallenarten<\/li>\n<li>Sehr effektiv aufgrund der hohen Konzentration<\/li>\n<li>F\u00f6rdert extreme Polypenausdehnung und -wachstum<\/li>\n<\/ul>\n<p><strong>Dosierung:<\/strong> Beginnen Sie mit 0,5 ml pro 250 Liter (66 US-Gallonen) alle zwei Tage.<\/p>\n<p><strong>Zutaten:<\/strong> Plankton, Planktonextrakte, Spurenelemente.<\/p>\n","protected":false},"excerpt":{"rendered":"<p>Fauna Marin Min S is a liquid food that helps achieve healthy growth, rich colors and extraordinary tissue fluorescence<\/p>\n","protected":false},"featured_media":81105,"template":"","meta":[],"pwb-brand":[2177],"product_cat":[1437,1424,1436,741],"product_tag":[],"class_list":{"0":"post-86646","1":"product","2":"type-product","3":"status-publish","4":"has-post-thumbnail","6":"pwb-brand-fauna-marin","7":"product_cat-fauna-marin-de","8":"product_cat-futter","9":"product_cat-korallenfutter","10":"product_cat-brands","11":"pa_inhoud-100-ml-de","12":"pa_inhoud-1000-ml-de","13":"pa_inhoud-250-ml-de","14":"pa_inhoud-500-ml-de","15":"pa_show-myparcel-options-male-de","17":"first","18":"instock","19":"sale","20":"taxable","21":"shipping-taxable","22":"purchasable","23":"product-type-variable"},"acf":[],"brands":[{"id":2177,"name":"Fauna Marin","slug":"fauna-marin"}],"_links":{"self":[{"href":"https:\/\/www.seaflowerstore.com\/de\/wp-json\/wp\/v2\/product\/86646","targetHints":{"allow":["GET"]}}],"collection":[{"href":"https:\/\/www.seaflowerstore.com\/de\/wp-json\/wp\/v2\/product"}],"about":[{"href":"https:\/\/www.seaflowerstore.com\/de\/wp-json\/wp\/v2\/types\/product"}],"wp:featuredmedia":[{"embeddable":true,"href":"https:\/\/www.seaflowerstore.com\/de\/wp-json\/wp\/v2\/media\/81105"}],"wp:attachment":[{"href":"https:\/\/www.seaflowerstore.com\/de\/wp-json\/wp\/v2\/media?parent=86646"}],"wp:term":[{"taxonomy":"pwb-brand","embeddable":true,"href":"https:\/\/www.seaflowerstore.com\/de\/wp-json\/wp\/v2\/pwb-brand?post=86646"},{"taxonomy":"product_cat","embeddable":true,"href":"https:\/\/www.seaflowerstore.com\/de\/wp-json\/wp\/v2\/product_cat?post=86646"},{"taxonomy":"product_tag","embeddable":true,"href":"https:\/\/www.seaflowerstore.com\/de\/wp-json\/wp\/v2\/product_tag?post=86646"}],"curies":[{"name":"wp","href":"https:\/\/api.w.org\/{rel}","templated":true}]}}