{"id":86655,"date":"2018-12-09T11:29:39","date_gmt":"2018-12-09T10:29:39","guid":{"rendered":"https:\/\/www.seaflowerstore.com\/nl\/tunze-comline-doc-skimmer-9012dc\/"},"modified":"2024-03-20T16:56:03","modified_gmt":"2024-03-20T15:56:03","slug":"tunze-comline-doc-skimmer-9012dc","status":"publish","type":"product","link":"https:\/\/www.seaflowerstore.com\/de\/tunze-comline-doc-skimmer-9012dc\/","title":{"rendered":"Tunze Comline DOC Skimmer 9012DC"},"content":{"rendered":"<h2>Tunze 9012DC skimmer is suitable for an aquarium of 200-1400 liters depending on the occupation<\/h2>\n<p>Der Absch\u00e4umer Tunze 9012DC ist f\u00fcr Aquarien mit einem Wasserinhalt von <strong>200 bis 1.400 Litern<\/strong> (ca. 53 bis 370 US-Gallonen) sehr zu empfehlen, abh\u00e4ngig von der Beladung des Beckens.<\/p>\n<p>Hier sind einige wichtige Spezifikationen:<\/p>\n<ul>\n<li><strong>Eintauchtiefe:<\/strong> ca. 255 bis 285 mm (10 bis 11 Zoll)<\/li>\n<li><strong>Absch\u00e4umerbechervolumen:<\/strong> 0,7 Liter (0,18 US-Gallonen)<\/li>\n<li><strong>Luftkapazit\u00e4t:<\/strong> ca. 450 l\/h (118,9 US-Gallonen pro Stunde)<\/li>\n<li><strong>Energieverbrauch:<\/strong> ca. 17 W (maximal 21 W)<\/li>\n<li><strong>Netzteil:<\/strong> 100-240 V \/ 50-60 Hz<\/li>\n<li><strong>Kabell\u00e4nge:<\/strong> 3 m (118,1 Zoll) zum Turbelle\u00ae-Controller<\/li>\n<li><strong>Abmessungen:<\/strong> 140 x 110 x 415 mm (5,5 x 4,3 x 16,3 Zoll)<\/li>\n<li><strong>Magnethalter:<\/strong> geeignet f\u00fcr Glasdicken bis zu 15 mm (1\/2 Zoll)<\/li>\n<\/ul>\n<p>Mit seinem effizienten Design und seiner soliden Leistung ist der Tunze 9012DC-Absch\u00e4umer eine gro\u00dfartige Wahl f\u00fcr die Aufrechterhaltung einer gesunden Aquarienumgebung.<\/p>\n","protected":false},"excerpt":{"rendered":"<p>Tunze 9012DC skimmer is suitable for an aquarium of 200-1400 liters depending on the occupation<\/p>\n","protected":false},"featured_media":81093,"template":"","meta":[],"pwb-brand":[2123],"product_cat":[1494],"product_tag":[],"class_list":{"0":"post-86655","1":"product","2":"type-product","3":"status-publish","4":"has-post-thumbnail","6":"pwb-brand-tunze","7":"product_cat-eiwitafschuerzen","8":"pa_show-myparcel-options-male-de","10":"first","11":"outofstock","12":"taxable","13":"shipping-taxable","14":"purchasable","15":"product-type-simple"},"acf":[],"brands":[{"id":2123,"name":"Tunze","slug":"tunze"}],"_links":{"self":[{"href":"https:\/\/www.seaflowerstore.com\/de\/wp-json\/wp\/v2\/product\/86655","targetHints":{"allow":["GET"]}}],"collection":[{"href":"https:\/\/www.seaflowerstore.com\/de\/wp-json\/wp\/v2\/product"}],"about":[{"href":"https:\/\/www.seaflowerstore.com\/de\/wp-json\/wp\/v2\/types\/product"}],"wp:featuredmedia":[{"embeddable":true,"href":"https:\/\/www.seaflowerstore.com\/de\/wp-json\/wp\/v2\/media\/81093"}],"wp:attachment":[{"href":"https:\/\/www.seaflowerstore.com\/de\/wp-json\/wp\/v2\/media?parent=86655"}],"wp:term":[{"taxonomy":"pwb-brand","embeddable":true,"href":"https:\/\/www.seaflowerstore.com\/de\/wp-json\/wp\/v2\/pwb-brand?post=86655"},{"taxonomy":"product_cat","embeddable":true,"href":"https:\/\/www.seaflowerstore.com\/de\/wp-json\/wp\/v2\/product_cat?post=86655"},{"taxonomy":"product_tag","embeddable":true,"href":"https:\/\/www.seaflowerstore.com\/de\/wp-json\/wp\/v2\/product_tag?post=86655"}],"curies":[{"name":"wp","href":"https:\/\/api.w.org\/{rel}","templated":true}]}}