{"id":86656,"date":"2018-12-07T10:55:35","date_gmt":"2018-12-07T09:55:35","guid":{"rendered":"https:\/\/www.seaflowerstore.com\/nl\/flipper-max-abs-blade-for-acrylic-tanks\/"},"modified":"2024-03-20T16:56:02","modified_gmt":"2024-03-20T15:56:02","slug":"flipper-max-abs-blade-for-acrylic-tanks","status":"publish","type":"product","link":"https:\/\/www.seaflowerstore.com\/de\/flipper-max-abs-blade-for-acrylic-tanks\/","title":{"rendered":"Flipper Max ABS blade for acrylic tanks"},"content":{"rendered":"<h2>Flipper Max ABS blades for acrylic aquariums<\/h2>\n<p>Im Lieferumfang sind <strong>drei Kunststoffklingen (ABS)<\/strong> enthalten, die f\u00fcr den Flipper Cleaner MAX geeignet sind. Diese Klingen eignen sich perfekt f\u00fcr Aquarien aus Acryl oder anderen Kunststoffarten. Bitte beachten Sie, dass Metallklingen hierf\u00fcr nicht geeignet sind, da sie den Kunststoff schnell zerkratzen k\u00f6nnen.<\/p>\n","protected":false},"excerpt":{"rendered":"<p>3 Flipper Max ABS blades for acrylic aquariums<\/p>\n","protected":false},"featured_media":81076,"template":"","meta":[],"pwb-brand":[2247],"product_cat":[1428],"product_tag":[],"class_list":{"0":"post-86656","1":"product","2":"type-product","3":"status-publish","4":"has-post-thumbnail","6":"pwb-brand-flipper","7":"product_cat-algenmagnet","8":"pa_show-myparcel-options-male-de","10":"first","11":"instock","12":"taxable","13":"shipping-taxable","14":"purchasable","15":"product-type-simple"},"acf":[],"brands":[{"id":2247,"name":"Flipper","slug":"flipper"}],"_links":{"self":[{"href":"https:\/\/www.seaflowerstore.com\/de\/wp-json\/wp\/v2\/product\/86656","targetHints":{"allow":["GET"]}}],"collection":[{"href":"https:\/\/www.seaflowerstore.com\/de\/wp-json\/wp\/v2\/product"}],"about":[{"href":"https:\/\/www.seaflowerstore.com\/de\/wp-json\/wp\/v2\/types\/product"}],"wp:featuredmedia":[{"embeddable":true,"href":"https:\/\/www.seaflowerstore.com\/de\/wp-json\/wp\/v2\/media\/81076"}],"wp:attachment":[{"href":"https:\/\/www.seaflowerstore.com\/de\/wp-json\/wp\/v2\/media?parent=86656"}],"wp:term":[{"taxonomy":"pwb-brand","embeddable":true,"href":"https:\/\/www.seaflowerstore.com\/de\/wp-json\/wp\/v2\/pwb-brand?post=86656"},{"taxonomy":"product_cat","embeddable":true,"href":"https:\/\/www.seaflowerstore.com\/de\/wp-json\/wp\/v2\/product_cat?post=86656"},{"taxonomy":"product_tag","embeddable":true,"href":"https:\/\/www.seaflowerstore.com\/de\/wp-json\/wp\/v2\/product_tag?post=86656"}],"curies":[{"name":"wp","href":"https:\/\/api.w.org\/{rel}","templated":true}]}}