{"id":86661,"date":"2018-12-05T14:17:28","date_gmt":"2018-12-05T13:17:28","guid":{"rendered":"https:\/\/www.seaflowerstore.com\/nl\/carbon-cartridge-for-10-housings-aqua-medic\/"},"modified":"2024-03-20T16:55:58","modified_gmt":"2024-03-20T15:55:58","slug":"carbon-cartridge-for-10-housings-aqua-medic","status":"publish","type":"product","link":"https:\/\/www.seaflowerstore.com\/de\/carbon-cartridge-for-10-housings-aqua-medic\/","title":{"rendered":"Carbon cartridge for 10&#8243; housings (Aqua Medic)"},"content":{"rendered":"<h2> Aqua Medic carbon cartridge for osmosis devices and fits in every 10 &#8222;filter cartridge <\/h2>\n<p> Die Aktivkohlekartusche ist f\u00fcr alle Osmoseger\u00e4te geeignet, die ein 10-Zoll-Filtergeh\u00e4use mit Schraubverschluss verwenden. Diese Kartusche ist mit hochwertiger Aktivkohle gef\u00fcllt und entfernt effektiv Farbe, Chlor und verschiedene Verunreinigungen aus Ihrem Leitungswasser. <\/p>\n<p> Wir empfehlen, die Kartusche etwa alle sechs Monate oder sp\u00e4testens einmal im Jahr auszutauschen, um eine optimale Leistung zu gew\u00e4hrleisten. <\/p>\n","protected":false},"excerpt":{"rendered":"<p> Suitable for all brands of osmosis devices <\/p>\n","protected":false},"featured_media":81069,"template":"","meta":[],"pwb-brand":[2149],"product_cat":[1421,1537,1463,741],"product_tag":[],"class_list":{"0":"post-86661","1":"product","2":"type-product","3":"status-publish","4":"has-post-thumbnail","6":"pwb-brand-aqua-medic","7":"product_cat-aqua-medic-de","8":"product_cat-aquarientechnik","9":"product_cat-filter-und-zubehoer","10":"product_cat-brands","12":"first","13":"instock","14":"taxable","15":"shipping-taxable","16":"purchasable","17":"product-type-simple"},"acf":[],"brands":[{"id":2149,"name":"Aqua Medic","slug":"aqua-medic"}],"_links":{"self":[{"href":"https:\/\/www.seaflowerstore.com\/de\/wp-json\/wp\/v2\/product\/86661","targetHints":{"allow":["GET"]}}],"collection":[{"href":"https:\/\/www.seaflowerstore.com\/de\/wp-json\/wp\/v2\/product"}],"about":[{"href":"https:\/\/www.seaflowerstore.com\/de\/wp-json\/wp\/v2\/types\/product"}],"wp:featuredmedia":[{"embeddable":true,"href":"https:\/\/www.seaflowerstore.com\/de\/wp-json\/wp\/v2\/media\/81069"}],"wp:attachment":[{"href":"https:\/\/www.seaflowerstore.com\/de\/wp-json\/wp\/v2\/media?parent=86661"}],"wp:term":[{"taxonomy":"pwb-brand","embeddable":true,"href":"https:\/\/www.seaflowerstore.com\/de\/wp-json\/wp\/v2\/pwb-brand?post=86661"},{"taxonomy":"product_cat","embeddable":true,"href":"https:\/\/www.seaflowerstore.com\/de\/wp-json\/wp\/v2\/product_cat?post=86661"},{"taxonomy":"product_tag","embeddable":true,"href":"https:\/\/www.seaflowerstore.com\/de\/wp-json\/wp\/v2\/product_tag?post=86661"}],"curies":[{"name":"wp","href":"https:\/\/api.w.org\/{rel}","templated":true}]}}