{"id":86662,"date":"2018-12-05T13:21:37","date_gmt":"2018-12-05T13:21:37","guid":{"rendered":"https:\/\/www.seaflowerstore.com\/nl\/ati-nutrition-p-500ml\/"},"modified":"2024-03-20T16:55:57","modified_gmt":"2024-03-20T15:55:57","slug":"ati-nutrition-p-500ml","status":"publish","type":"product","link":"https:\/\/www.seaflowerstore.com\/de\/ati-nutrition-p-500ml\/","title":{"rendered":"ATI Nutrition P 500ml"},"content":{"rendered":"<h2>ATI Nutrition P is a phosphorus source that will eventually end up in phosphate<\/h2>\n<p>F\u00fcr die Bildung eines starken Skeletts ben\u00f6tigen Steinkorallen Kalzium, Karbonate, Magnesium, Strontium und Barium. Dar\u00fcber hinaus sind Spurenelemente, organische Verbindungen und N\u00e4hrstoffe wie Kohlenstoff (C), Stickstoff (N) und Phosphor (P) f\u00fcr den Aufbau der Biomasse unerl\u00e4sslich.<\/p>\n<p>ATI Nutrition P bietet ein umfassendes Sortiment dieser lebenswichtigen Produkte, indem es die notwendigen organischen Verbindungen und N\u00e4hrstoffe liefert. Dieses Produkt unterst\u00fctzt die Versorgung mit diesen lebenswichtigen Komponenten effektiv mit organischen Verbindungen und Mineralien und sorgt so f\u00fcr ein perfektes N\u00e4hrstoffgleichgewicht gem\u00e4\u00df dem Redfield-Verh\u00e4ltnis. Es beugt aktiv N\u00e4hrstoffmangel vor.<\/p>\n<p>Dar\u00fcber hinaus aktiviert ATI Nutrition P die Bildung von Chromoproteinen in Korallen und f\u00f6rdert so das allgemeine Wachstum und die Vitalit\u00e4t aller Riffbewohner.<\/p>\n<p><strong>Detaillierte Dosierungsberechnungen finden Sie unter folgendem Link:<\/strong> <a href=\"https:\/\/atiaquaristik.com\/de\/?page_id=1519\" target=\"_blank\" rel=\"noopener noreferrer nofollow\">Link zu ATI f\u00fcr Dosierungsberechnungen<\/a><\/p>\n","protected":false},"excerpt":{"rendered":"<p>ATI Nutrition P is a phosphorus source that will eventually end up in phosphate<\/p>\n","protected":false},"featured_media":81067,"template":"","meta":[],"pwb-brand":[2131],"product_cat":[1391,1395],"product_tag":[],"class_list":{"0":"post-86662","1":"product","2":"type-product","3":"status-publish","4":"has-post-thumbnail","6":"pwb-brand-ati","7":"product_cat-ergaenzungen","8":"product_cat-ati-de","9":"pa_inhoud-500-ml-de","10":"pa_show-myparcel-options-male-de","12":"first","13":"outofstock","14":"taxable","15":"shipping-taxable","16":"purchasable","17":"product-type-simple"},"acf":[],"brands":[{"id":2131,"name":"ATI","slug":"ati"}],"_links":{"self":[{"href":"https:\/\/www.seaflowerstore.com\/de\/wp-json\/wp\/v2\/product\/86662","targetHints":{"allow":["GET"]}}],"collection":[{"href":"https:\/\/www.seaflowerstore.com\/de\/wp-json\/wp\/v2\/product"}],"about":[{"href":"https:\/\/www.seaflowerstore.com\/de\/wp-json\/wp\/v2\/types\/product"}],"wp:featuredmedia":[{"embeddable":true,"href":"https:\/\/www.seaflowerstore.com\/de\/wp-json\/wp\/v2\/media\/81067"}],"wp:attachment":[{"href":"https:\/\/www.seaflowerstore.com\/de\/wp-json\/wp\/v2\/media?parent=86662"}],"wp:term":[{"taxonomy":"pwb-brand","embeddable":true,"href":"https:\/\/www.seaflowerstore.com\/de\/wp-json\/wp\/v2\/pwb-brand?post=86662"},{"taxonomy":"product_cat","embeddable":true,"href":"https:\/\/www.seaflowerstore.com\/de\/wp-json\/wp\/v2\/product_cat?post=86662"},{"taxonomy":"product_tag","embeddable":true,"href":"https:\/\/www.seaflowerstore.com\/de\/wp-json\/wp\/v2\/product_tag?post=86662"}],"curies":[{"name":"wp","href":"https:\/\/api.w.org\/{rel}","templated":true}]}}