{"id":86664,"date":"2018-12-04T16:13:04","date_gmt":"2018-12-04T15:13:04","guid":{"rendered":"https:\/\/www.seaflowerstore.com\/nl\/ati-essentials-pro-set-2-x-2000ml\/"},"modified":"2024-03-20T16:55:54","modified_gmt":"2024-03-20T15:55:54","slug":"ati-essentials-pro-set-2-x-2000ml","status":"publish","type":"product","link":"https:\/\/www.seaflowerstore.com\/de\/ati-essentials-pro-set-2-x-2000ml\/","title":{"rendered":"ATI Essentials pro Set 2 x 2000ml"},"content":{"rendered":"<h2>ATI Essentials pro Set 2 x 2000ml Contains all essential elements and trace elements<\/h2>\n<p><strong>Vorteile:<\/strong><\/p>\n<ul>\n<li>Platzsparendes Design: 2 x 2 Liter k\u00f6nnen 3 x 10 Liter herk\u00f6mmlicher Elementversorgung ersetzen.<\/li>\n<li>Hochkonzentrierte L\u00f6sung (27.300 \u00b0dKH und 195.000 mg Calcium pro Set), sofort einsatzbereit.<\/li>\n<li>F\u00f6rdert das Korallenwachstum, verbessert die Farbgebung und steigert die Vitalit\u00e4t.<\/li>\n<\/ul>\n<p>ATI Essentials pro Set 2 x 2000ml ist ein innovatives Pflegesystem. Mit Erkenntnissen aus \u00fcber 20.000 Meerwasseranalysen haben wir die erfolgreiche Essentials-Formel optimiert. Essentials <em>pro<\/em> versorgt Ihr Aquarium nicht nur mit allen Hauptelementen (u.a. KH, Ca und Mg), sondern liefert auch lebenswichtige Spurenelemente wie Eisen, Jod, Molybd\u00e4n, Mangan, Vanadium und Zink und hilft, diese im optimalen Konzentrationsbereich zu halten.<\/p>\n<div class=\"two-thirds column alpha\">\n<strong>Clever kombiniert \u2013 kein \u00c4rger mehr mit dem Mischen von Elementen:<\/strong> Mit Essentials <em>pro<\/em> ersetzen Sie problemlos 3 x 10 Liter herk\u00f6mmliche Elementversorgung. Alle essentiellen Elemente sind bereits in den beiden Essentials <em>pro<\/em>-Flaschen vorgemischt. Das Konzentrat in Laborqualit\u00e4t l\u00e4sst sich sofort dosieren und muss nicht verd\u00fcnnt werden.\n<\/div>\n<div class=\"two-thirds column alpha\">\n<strong>T\u00e4glicher Verbrauch<\/strong><span>Ihr Riffaquarium ist ein einzigartiges aquatisches \u00d6kosystem mit vielf\u00e4ltigen Organismen. Diese Organismen entnehmen dem Aquarienwasser kontinuierlich N\u00e4hrstoffe f\u00fcr ihr Wachstum.<\/span>\n<\/div>\n<div class=\"two-thirds column alpha\">\n<strong>Kontinuit\u00e4t z\u00e4hlt<\/strong> Durch den Einsatz von Essentials <em>pro<\/em> k\u00f6nnen Sie den typischen Verbrauchsbedarf Ihrer Riffbewohner effektiv ausgleichen. Dies tr\u00e4gt zur Erhaltung der nat\u00fcrlichen Wasserwerte bei, die f\u00fcr jedes erfolgreiche Riffaquarium unerl\u00e4sslich sind.\n<\/div>\n<div class=\"two-thirds column alpha\">\n<strong>Nur das Beste f\u00fcr Ihr Riff:<\/strong> Die Herstellung unserer Wasserpflegeprodukte wird von unserem hauseigenen Labor streng \u00fcberwacht. Unser Qualit\u00e4tssicherungsprozess erm\u00f6glicht es uns, die reinsten Rohstoffe auszuw\u00e4hlen, was zu einem Endprodukt h\u00f6chster Qualit\u00e4t f\u00fchrt. Mit ATI Essentials pro Set 2 x 2000ml erhalten Sie eines der reinsten auf dem Markt erh\u00e4ltlichen Produkte zur Unterst\u00fctzung von Riffaquarien.\n<\/div>\n<div class=\"two-thirds column alpha\">\n<strong>Grundlagen der Dosierung:<\/strong> Normalerweise wird das ATI Essentials pro Set 2 x 2000ml in der gleichen Menge verbraucht. In diesem Fall k\u00f6nnen Sie die Dosierung von Essentials <em>pro<\/em> 1 und 2 basierend auf dem KH-Verbrauch Ihres Beckens anpassen. Wenn sich der Kalziumspiegel im Laufe der Zeit \u00e4ndert, passen Sie die Dosierung von Essentials <em>pro<\/em> 2 entsprechend dem Kalziumverbrauch an.\n<\/div>\n<div class=\"two-thirds column alpha\">\n<a href=\"http:\/\/atiaquaristik.com\/en\/?page_id=1488\" target=\"_blank\" rel=\"noopener noreferrer nofollow\">Klicken Sie hier, um die unverzichtbaren Rechner f\u00fcr Profis anzuzeigen<\/a><br \/>\n<a href=\"http:\/\/atiaquaristik.com\/en\/?page_id=1458\" target=\"_blank\" rel=\"noopener noreferrer nofollow\">Klicken Sie hier, um die Rechner zur Anpassung der Dosierung anzuzeigen<\/a>\n<\/div>\n","protected":false},"excerpt":{"rendered":"<p>ATI Essentials pro Set 2 x 2000ml Contains all essential elements and trace elements<\/p>\n","protected":false},"featured_media":81063,"template":"","meta":[],"pwb-brand":[2131],"product_cat":[1391,1395],"product_tag":[],"class_list":{"0":"post-86664","1":"product","2":"type-product","3":"status-publish","4":"has-post-thumbnail","6":"pwb-brand-ati","7":"product_cat-ergaenzungen","8":"product_cat-ati-de","9":"pa_show-myparcel-options-male-de","11":"first","12":"outofstock","13":"sale","14":"taxable","15":"shipping-taxable","16":"purchasable","17":"product-type-simple"},"acf":[],"brands":[{"id":2131,"name":"ATI","slug":"ati"}],"_links":{"self":[{"href":"https:\/\/www.seaflowerstore.com\/de\/wp-json\/wp\/v2\/product\/86664","targetHints":{"allow":["GET"]}}],"collection":[{"href":"https:\/\/www.seaflowerstore.com\/de\/wp-json\/wp\/v2\/product"}],"about":[{"href":"https:\/\/www.seaflowerstore.com\/de\/wp-json\/wp\/v2\/types\/product"}],"wp:featuredmedia":[{"embeddable":true,"href":"https:\/\/www.seaflowerstore.com\/de\/wp-json\/wp\/v2\/media\/81063"}],"wp:attachment":[{"href":"https:\/\/www.seaflowerstore.com\/de\/wp-json\/wp\/v2\/media?parent=86664"}],"wp:term":[{"taxonomy":"pwb-brand","embeddable":true,"href":"https:\/\/www.seaflowerstore.com\/de\/wp-json\/wp\/v2\/pwb-brand?post=86664"},{"taxonomy":"product_cat","embeddable":true,"href":"https:\/\/www.seaflowerstore.com\/de\/wp-json\/wp\/v2\/product_cat?post=86664"},{"taxonomy":"product_tag","embeddable":true,"href":"https:\/\/www.seaflowerstore.com\/de\/wp-json\/wp\/v2\/product_tag?post=86664"}],"curies":[{"name":"wp","href":"https:\/\/api.w.org\/{rel}","templated":true}]}}