{"id":86667,"date":"2018-12-04T13:31:44","date_gmt":"2018-12-04T12:31:44","guid":{"rendered":"https:\/\/www.seaflowerstore.com\/nl\/double-junction-ph-probe\/"},"modified":"2024-03-20T16:55:51","modified_gmt":"2024-03-20T15:55:51","slug":"double-junction-ph-probe","status":"publish","type":"product","link":"https:\/\/www.seaflowerstore.com\/de\/double-junction-ph-probe\/","title":{"rendered":"Double Junction pH Probe"},"content":{"rendered":"<h2>Neptune System Double Junction pH Probe<\/h2>\n<p>Die pH-Sonde verf\u00fcgt \u00fcber einen BNC-Anschluss. Doppelverbindungssonden sind mit einem zweiten Beh\u00e4lter im Hauptelektrolyt ausgestattet, der eine zweite interne Verbindung enth\u00e4lt. Diese Konstruktion stellt sicher, dass Aquarienwasser, selbst wenn es in das erste Fach eindringt, immer noch die zweite Verbindung passieren muss, bevor es den Elektrolyten um die Referenzelektrode herum beeinflussen kann.<\/p>\n","protected":false},"excerpt":{"rendered":"<p>Neptune Systems Double Junction pH Probe For reliably measuring the pH value.<\/p>\n","protected":false},"featured_media":81056,"template":"","meta":[],"pwb-brand":[2179],"product_cat":[1419,1423],"product_tag":[],"class_list":{"0":"post-86667","1":"product","2":"type-product","3":"status-publish","4":"has-post-thumbnail","6":"pwb-brand-neptune-systems","7":"product_cat-messstifte","8":"product_cat-neptune-systems-de","9":"pa_show-myparcel-options-male-de","11":"first","12":"outofstock","13":"taxable","14":"shipping-taxable","15":"purchasable","16":"product-type-simple"},"acf":[],"brands":[{"id":2179,"name":"Neptune Systems","slug":"neptune-systems"}],"_links":{"self":[{"href":"https:\/\/www.seaflowerstore.com\/de\/wp-json\/wp\/v2\/product\/86667","targetHints":{"allow":["GET"]}}],"collection":[{"href":"https:\/\/www.seaflowerstore.com\/de\/wp-json\/wp\/v2\/product"}],"about":[{"href":"https:\/\/www.seaflowerstore.com\/de\/wp-json\/wp\/v2\/types\/product"}],"wp:featuredmedia":[{"embeddable":true,"href":"https:\/\/www.seaflowerstore.com\/de\/wp-json\/wp\/v2\/media\/81056"}],"wp:attachment":[{"href":"https:\/\/www.seaflowerstore.com\/de\/wp-json\/wp\/v2\/media?parent=86667"}],"wp:term":[{"taxonomy":"pwb-brand","embeddable":true,"href":"https:\/\/www.seaflowerstore.com\/de\/wp-json\/wp\/v2\/pwb-brand?post=86667"},{"taxonomy":"product_cat","embeddable":true,"href":"https:\/\/www.seaflowerstore.com\/de\/wp-json\/wp\/v2\/product_cat?post=86667"},{"taxonomy":"product_tag","embeddable":true,"href":"https:\/\/www.seaflowerstore.com\/de\/wp-json\/wp\/v2\/product_tag?post=86667"}],"curies":[{"name":"wp","href":"https:\/\/api.w.org\/{rel}","templated":true}]}}