{"id":86682,"date":"2018-11-30T14:56:28","date_gmt":"2018-11-30T13:56:28","guid":{"rendered":"https:\/\/www.seaflowerstore.com\/nl\/nyos-torq-body-2-0-g2\/"},"modified":"2024-03-20T16:55:37","modified_gmt":"2024-03-20T15:55:37","slug":"nyos-torq-body-2-0-g2","status":"publish","type":"product","link":"https:\/\/www.seaflowerstore.com\/de\/nyos-torq-body-2-0-g2\/","title":{"rendered":"NYOS Torq Body 2.0 G2"},"content":{"rendered":"<h2>NYOS Torq Body 2.0 G2 to make a fluidized bed filter together with a NYOS Torq dock<\/h2>\n<p><strong>Bitte beachten Sie, dass ein separates NYOS Torq Dock erworben werden muss.<\/strong><\/p>\n<p><strong>Spezifikationen f\u00fcr den TORQ Body 2.0: <\/strong><\/p>\n<ul>\n<li>GEN2-Upgrade: Twistlock-Oberteil, passt auch auf einen G1-Body<\/li>\n<li>Mikrogitter statt Schwamm<\/li>\n<li>Modifizierte Wasserd\u00fcse<\/li>\n<li>Volumen: 2000 ml (68 fl oz)<\/li>\n<li>Verwendung von zwei Filtermedien: Ja<\/li>\n<li>Volumen mit Kammertrenner: 1000 ml + 1000 ml (34 fl oz + 34 fl oz)<\/li>\n<li>Durchmesser: 100 mm (4 in)<\/li>\n<li>Mikrogitter enthalten: Ja<\/li>\n<li>H\u00f6he inklusive Dock: 53 cm (21 in)<\/li>\n<\/ul>\n<p><strong>Das Problem:<\/strong><\/p>\n<p>Filtermedien spielen eine entscheidende Rolle bei der Aufrechterhaltung einer ausgezeichneten Wasserqualit\u00e4t in einem Aquarium. Sie helfen dabei, \u00fcbersch\u00fcssige Schadstoffe zu entfernen und die allgemeine Wasserqualit\u00e4t zu verbessern. Oft werden Medien jedoch einfach in Filterbeutel gelegt, was zur Bildung von Kan\u00e4len f\u00fchren kann, in denen nicht alle Medien mit dem Wasser in Kontakt kommen. Folglich bleibt die volle Kapazit\u00e4t ungenutzt.<\/p>\n<p><strong>Die L\u00f6sung:<\/strong><\/p>\n<p>Nyos hat den innovativen TORQ-Systemreaktor eingef\u00fchrt, der eine einfache und elegante L\u00f6sung f\u00fcr die Herausforderungen der Aquarienfilterung bietet. Der TORQ sorgt f\u00fcr einen gleichm\u00e4\u00dfigen Wasserfluss durch den Zylinder und ist daher ideal f\u00fcr jede Wahl von Filtermedien.<\/p>\n<p><strong>Die Vorteile:<\/strong><\/p>\n<ul>\n<li><strong>Modular:<\/strong> Der Nyos TORQ ist ein vielseitiger Systemreaktor, der f\u00fcr alle Arten von Filtermedien geeignet ist. Das TORQ-Dock verf\u00fcgt \u00fcber eine integrierte Pumpe und dient als Grundeinheit. Es verf\u00fcgt \u00fcber einen Universalanschluss, der das Einsetzen von TORQ-Zylindern aller verf\u00fcgbaren Gr\u00f6\u00dfen erm\u00f6glicht.<\/li>\n<li><strong>Frustfrei:<\/strong> Beim Nyos TORQ haben wir bewusst auf Schrauben, Schl\u00e4uche und Ventile verzichtet. Der Wechsel des Filtermediums kann m\u00fchelos in Sekundenschnelle erfolgen, sodass Frustrationen vermieden werden.<\/li>\n<li><strong>Einstellbar:<\/strong> Durch Drehen der Kappe k\u00f6nnen Sie den Durchfluss problemlos und pr\u00e4zise von Hand einstellen, ohne ins Wasser greifen zu m\u00fcssen. Diese erweiterte Steuerbarkeit erm\u00f6glicht eine optimale Anpassung der Durchflussrate an die jeweilige Art und Menge des verwendeten Filtermediums.<\/li>\n<li><strong>Hohe Kapazit\u00e4t:<\/strong> Die Pumpe in der TORQ-Dockingstation verf\u00fcgt \u00fcber eine hohe maximale Kapazit\u00e4t von bis zu 1.000 l\/h (264 gph). Dadurch wird das Filtermaterial effektiv ausgenutzt und Kanalbildung sowie ineffiziente Nutzung vermieden.<\/li>\n<li><strong>Zwei in Eins:<\/strong> Ein Reaktor, zwei Medien \u2013 mit den TORQ-Zylindern 1.0 und 2.0 ist es durch Einsetzen eines Kammertrenners m\u00f6glich, zwei unterschiedliche Filtermedien gleichzeitig zu verwenden.<\/li>\n<li><strong>Plug and Play:<\/strong> Die notwendige Pumpe ist bereits im TORQ-Dock enthalten. Einfach den Zylinder mit dem Medium auf das Dock stellen <strong>(Dock nicht im Lieferumfang enthalten)<\/strong>.<\/li>\n<\/ul>\n","protected":false},"excerpt":{"rendered":"<p>NYOS Torq Body 2.0 is the cylinder with 2 liter capacity to click on a NYOS Torq dock (order separately)<\/p>\n","protected":false},"featured_media":83809,"template":"","meta":[],"pwb-brand":[2209],"product_cat":[1389],"product_tag":[],"class_list":{"0":"post-86682","1":"product","2":"type-product","3":"status-publish","4":"has-post-thumbnail","6":"pwb-brand-nyos","7":"product_cat-wervelbedfilter-media-filter-de","8":"pa_show-myparcel-options-male-de","10":"first","11":"instock","12":"sale","13":"taxable","14":"shipping-taxable","15":"purchasable","16":"product-type-simple"},"acf":[],"brands":[{"id":2209,"name":"NYOS","slug":"nyos"}],"_links":{"self":[{"href":"https:\/\/www.seaflowerstore.com\/de\/wp-json\/wp\/v2\/product\/86682","targetHints":{"allow":["GET"]}}],"collection":[{"href":"https:\/\/www.seaflowerstore.com\/de\/wp-json\/wp\/v2\/product"}],"about":[{"href":"https:\/\/www.seaflowerstore.com\/de\/wp-json\/wp\/v2\/types\/product"}],"wp:featuredmedia":[{"embeddable":true,"href":"https:\/\/www.seaflowerstore.com\/de\/wp-json\/wp\/v2\/media\/83809"}],"wp:attachment":[{"href":"https:\/\/www.seaflowerstore.com\/de\/wp-json\/wp\/v2\/media?parent=86682"}],"wp:term":[{"taxonomy":"pwb-brand","embeddable":true,"href":"https:\/\/www.seaflowerstore.com\/de\/wp-json\/wp\/v2\/pwb-brand?post=86682"},{"taxonomy":"product_cat","embeddable":true,"href":"https:\/\/www.seaflowerstore.com\/de\/wp-json\/wp\/v2\/product_cat?post=86682"},{"taxonomy":"product_tag","embeddable":true,"href":"https:\/\/www.seaflowerstore.com\/de\/wp-json\/wp\/v2\/product_tag?post=86682"}],"curies":[{"name":"wp","href":"https:\/\/api.w.org\/{rel}","templated":true}]}}