{"id":86683,"date":"2018-11-30T14:42:13","date_gmt":"2018-11-30T13:42:13","guid":{"rendered":"https:\/\/www.seaflowerstore.com\/nl\/nyos-torq-body-1-0-g2\/"},"modified":"2024-03-20T16:55:26","modified_gmt":"2024-03-20T15:55:26","slug":"nyos-torq-body-1-0-g2","status":"publish","type":"product","link":"https:\/\/www.seaflowerstore.com\/de\/nyos-torq-body-1-0-g2\/","title":{"rendered":"NYOS Torq Body 1.0 G2"},"content":{"rendered":"<h2>NYOS Torq Body 1.0 G2 to make a fluidized bed filter together with a NYOS Torq dock<\/h2>\n<p><strong>Es muss ein separates NYOS Torq Dock erworben werden.<\/strong><\/p>\n<p><strong>Spezifikationen von TORQ Body 1.0:<\/strong><\/p>\n<ul>\n<li>GEN2-Upgrade: Twistlock-Oberteil, passt auch auf einen G1-Body<\/li>\n<li>Mikrogitter statt Schwamm<\/li>\n<li>Modifizierte Wasserd\u00fcse<\/li>\n<li>Volumen: 1000 ml (34 fl oz)<\/li>\n<li>Verwendung von zwei Filtermedien: Ja<\/li>\n<li>Volumen mit Kammertrenner: 500 ml + 500 ml (17 fl oz + 17 fl oz)<\/li>\n<li>Durchmesser: 70 mm (2,75 in)<\/li>\n<li>Mikrogitter enthalten: Ja<\/li>\n<li>H\u00f6he inklusive Dock: 53 cm (21 in)<\/li>\n<\/ul>\n<p><strong>Das Problem:<\/strong><br \/>\nFiltermedien spielen eine entscheidende Rolle bei der Aufrechterhaltung einer guten Wasserqualit\u00e4t in einem Aquarium. Sie helfen dabei, \u00fcbersch\u00fcssige Schadstoffe zu entfernen und die Wasserqualit\u00e4t zu verbessern. Allerdings werden Medien oft in Filterbeuteln platziert, wodurch sich Kan\u00e4le bilden k\u00f6nnen, die verhindern, dass alle Medien effektiv mit dem Wasser in Kontakt kommen. Dies f\u00fchrt zu einer Unterauslastung der vollen Kapazit\u00e4t.<\/p>\n<p><strong>Die L\u00f6sung:<\/strong><br \/>\nNyos hat den innovativen TORQ-Systemreaktor eingef\u00fchrt, der eine einfache und elegante L\u00f6sung f\u00fcr Aquarienfilterprobleme bietet. Der TORQ sorgt f\u00fcr einen gleichm\u00e4\u00dfigen Wasserfluss durch den Zylinder und ist daher perfekt f\u00fcr jede Art von Filtermedium geeignet.<\/p>\n<p><strong>Die Vorteile:<\/strong><\/p>\n<ul>\n<li><strong>Modular:<\/strong> Der Nyos TORQ ist ein innovativer Systemreaktor, der mit allen Arten von Filtermedien kompatibel ist. Das TORQ-Dock verf\u00fcgt \u00fcber eine integrierte Pumpe, die als Grundeinheit dient, und einen Universalanschluss zum Einsetzen von TORQ-Zylindern verschiedener Gr\u00f6\u00dfen.<\/li>\n<li><strong>Frustfrei:<\/strong> Beim Nyos TORQ haben wir bewusst auf Schrauben, Schl\u00e4uche und Ventile verzichtet. Dies erm\u00f6glicht einen schnellen und einfachen Filtermedienwechsel in nur wenigen Sekunden.<\/li>\n<li><strong>Einstellbar:<\/strong> Durch einfaches Drehen der Kappe k\u00f6nnen Benutzer den Durchfluss nahtlos und pr\u00e4zise von Hand einstellen, ohne ins Wasser greifen zu m\u00fcssen. Diese erweiterte Steuerbarkeit erm\u00f6glicht optimale Durchflussanpassungen basierend auf Art und Menge des Filtermediums.<\/li>\n<li><strong>Hohe Kapazit\u00e4t:<\/strong> Die Pumpe in der TORQ-Dockingstation verf\u00fcgt \u00fcber eine hohe maximale Kapazit\u00e4t von bis zu 1.000 l\/h (264 gph). Dadurch wird sichergestellt, dass das Filtermaterial effektiv genutzt wird, wodurch Kanalbildung und ineffiziente Nutzung verhindert werden.<\/li>\n<li><strong>Zwei in Eins:<\/strong> Die TORQ-Zylinder 1.0 und 2.0 erm\u00f6glichen durch den Einbau eines Kammertrenners die gleichzeitige Nutzung zweier unterschiedlicher Filtermedien.<\/li>\n<li><strong>Plug and Play:<\/strong> Die notwendige Pumpe ist bereits im TORQ-Dock enthalten. Stellen Sie den Zylinder mit dem Medium einfach auf das Dock <strong>(Dock nicht im Lieferumfang enthalten)<\/strong>.<\/li>\n<\/ul>\n","protected":false},"excerpt":{"rendered":"<p>NYOS Torq Body 1.0 is the cylinder with 1 liter capacity to click on a NYOS Torq dock (order separately)<\/p>\n","protected":false},"featured_media":83810,"template":"","meta":[],"pwb-brand":[2209],"product_cat":[1389],"product_tag":[],"class_list":{"0":"post-86683","1":"product","2":"type-product","3":"status-publish","4":"has-post-thumbnail","6":"pwb-brand-nyos","7":"product_cat-wervelbedfilter-media-filter-de","8":"pa_show-myparcel-options-male-de","10":"first","11":"outofstock","12":"sale","13":"taxable","14":"shipping-taxable","15":"purchasable","16":"product-type-simple"},"acf":[],"brands":[{"id":2209,"name":"NYOS","slug":"nyos"}],"_links":{"self":[{"href":"https:\/\/www.seaflowerstore.com\/de\/wp-json\/wp\/v2\/product\/86683","targetHints":{"allow":["GET"]}}],"collection":[{"href":"https:\/\/www.seaflowerstore.com\/de\/wp-json\/wp\/v2\/product"}],"about":[{"href":"https:\/\/www.seaflowerstore.com\/de\/wp-json\/wp\/v2\/types\/product"}],"wp:featuredmedia":[{"embeddable":true,"href":"https:\/\/www.seaflowerstore.com\/de\/wp-json\/wp\/v2\/media\/83810"}],"wp:attachment":[{"href":"https:\/\/www.seaflowerstore.com\/de\/wp-json\/wp\/v2\/media?parent=86683"}],"wp:term":[{"taxonomy":"pwb-brand","embeddable":true,"href":"https:\/\/www.seaflowerstore.com\/de\/wp-json\/wp\/v2\/pwb-brand?post=86683"},{"taxonomy":"product_cat","embeddable":true,"href":"https:\/\/www.seaflowerstore.com\/de\/wp-json\/wp\/v2\/product_cat?post=86683"},{"taxonomy":"product_tag","embeddable":true,"href":"https:\/\/www.seaflowerstore.com\/de\/wp-json\/wp\/v2\/product_tag?post=86683"}],"curies":[{"name":"wp","href":"https:\/\/api.w.org\/{rel}","templated":true}]}}