{"id":86684,"date":"2018-11-30T14:20:32","date_gmt":"2018-11-30T13:20:32","guid":{"rendered":"https:\/\/www.seaflowerstore.com\/nl\/nyos-torq-dock-g2\/"},"modified":"2024-03-20T16:55:24","modified_gmt":"2024-03-20T15:55:24","slug":"nyos-torq-dock-g2","status":"publish","type":"product","link":"https:\/\/www.seaflowerstore.com\/de\/nyos-torq-dock-g2\/","title":{"rendered":"NYOS Torq Dock G2"},"content":{"rendered":"<h2>NYOS Torq Dock Gen 2 housing with pump to click a NYOS Torq fluidized bed cylinder<\/h2>\n<p><strong>Es muss ein separater NYOS Torq-Zylinder erworben werden.<\/strong><\/p>\n<p><strong>Spezifikationen f\u00fcr NYOS TORQ Dock:<\/strong><\/p>\n<ul>\n<li>Abmessungen (L x B x H): 162 x 162 x 110 mm (6,4 x 6,4 x 4,3 Zoll)<\/li>\n<li>Max. Durchfluss: 1.000 l\/h (264 gph)<\/li>\n<li>Leistung: 12 W<\/li>\n<li><strong>Das Upgrade der Gen 2 umfasst Silikon-Saugn\u00e4pfe anstelle von F\u00fc\u00dfen.<\/strong><\/li>\n<\/ul>\n<h4><strong>Das Problem:<\/strong><\/h4>\n<p>Filtermedien spielen eine entscheidende Rolle bei der Aufrechterhaltung einer hervorragenden Wasserqualit\u00e4t in Ihrem Aquarium. Sie helfen dabei, \u00fcbersch\u00fcssige Schadstoffe zu entfernen und die allgemeinen Wasserbedingungen zu verbessern. Oft werden Medien einfach in Filterbeutel gesteckt, was zur Bildung von Kan\u00e4len f\u00fchren kann, in denen nicht alle Medien mit dem Wasser in Ber\u00fchrung kommen, was zu Kapazit\u00e4tsverschwendung f\u00fchrt.<\/p>\n<h4><strong>Die L\u00f6sung:<\/strong><\/h4>\n<p>Nyos hat den innovativen TORQ-Systemreaktor entwickelt, um eine unkomplizierte und effektive L\u00f6sung f\u00fcr Aquarienfilterprobleme zu bieten. Der TORQ sorgt f\u00fcr einen gleichm\u00e4\u00dfigen Wasserfluss durch den Zylinder und ist daher perfekt f\u00fcr jede Art von Filtermedium geeignet, die Sie w\u00e4hlen.<\/p>\n<h4><strong>Die Vorteile:<\/strong><\/h4>\n<ul>\n<li><strong>Modular:<\/strong> Der Nyos TORQ ist ein vielseitiger Systemreaktor, der mit verschiedenen Arten von Filtermedien kompatibel ist. Das TORQ-Dock verf\u00fcgt \u00fcber eine integrierte Pumpe, die als Grundeinheit dient. Dar\u00fcber hinaus verf\u00fcgt es \u00fcber einen Universalanschluss, der das Einsetzen von TORQ-Zylindern aller verf\u00fcgbaren Gr\u00f6\u00dfen erm\u00f6glicht.<\/li>\n<li><strong>Frustfrei:<\/strong> Beim Nyos TORQ haben wir bewusst auf die Verwendung von Schrauben, Schl\u00e4uchen und Ventilen verzichtet. Sie k\u00f6nnen das Filtermedium problemlos in Sekundenschnelle wechseln.<\/li>\n<li><strong>Einstellbar:<\/strong> Durch einfaches Drehen der Kappe k\u00f6nnen Sie den Durchfluss nahtlos und pr\u00e4zise von Hand einstellen, ohne ins Wasser greifen zu m\u00fcssen. Diese erweiterte Steuerbarkeit erm\u00f6glicht es Ihnen, die Durchflussrate f\u00fcr die spezifische Art und Menge des von Ihnen verwendeten Filtermediums zu optimieren.<\/li>\n<li><strong>Hohe Kapazit\u00e4t:<\/strong> Die Pumpe in der NYOS TORQ-Dockingstation verf\u00fcgt \u00fcber eine hohe maximale Kapazit\u00e4t von bis zu 1.000 l\/h (264 gph). Dadurch wird das Filtermaterial effektiv ausgenutzt und Kanalbildung und Ineffizienz werden vermieden.<\/li>\n<li><strong>Zwei in Eins:<\/strong> Die TORQ-Zylinder 1.0 und 2.0 erm\u00f6glichen durch Einsetzen eines Kammertrenners die gleichzeitige Nutzung zweier unterschiedlicher Filtermedien.<\/li>\n<\/ul>\n<p><strong>Plug and Play:<\/strong> Die ben\u00f6tigte Pumpe ist bereits im TORQ-Dock enthalten. Legen Sie einfach den Zylinder <strong>(nicht im Lieferumfang enthalten)<\/strong> mit dem von Ihnen gew\u00e4hlten Medium auf das Dock.<\/p>\n","protected":false},"excerpt":{"rendered":"<p>NYOS Torq Dock Gen 2 is the base to click on a Torq cylinder (order separately)<\/p>\n","protected":false},"featured_media":83685,"template":"","meta":[],"pwb-brand":[2209],"product_cat":[1389],"product_tag":[],"class_list":{"0":"post-86684","1":"product","2":"type-product","3":"status-publish","4":"has-post-thumbnail","6":"pwb-brand-nyos","7":"product_cat-wervelbedfilter-media-filter-de","8":"pa_show-myparcel-options-male-de","10":"first","11":"instock","12":"sale","13":"taxable","14":"shipping-taxable","15":"purchasable","16":"product-type-simple"},"acf":[],"brands":[{"id":2209,"name":"NYOS","slug":"nyos"}],"_links":{"self":[{"href":"https:\/\/www.seaflowerstore.com\/de\/wp-json\/wp\/v2\/product\/86684","targetHints":{"allow":["GET"]}}],"collection":[{"href":"https:\/\/www.seaflowerstore.com\/de\/wp-json\/wp\/v2\/product"}],"about":[{"href":"https:\/\/www.seaflowerstore.com\/de\/wp-json\/wp\/v2\/types\/product"}],"wp:featuredmedia":[{"embeddable":true,"href":"https:\/\/www.seaflowerstore.com\/de\/wp-json\/wp\/v2\/media\/83685"}],"wp:attachment":[{"href":"https:\/\/www.seaflowerstore.com\/de\/wp-json\/wp\/v2\/media?parent=86684"}],"wp:term":[{"taxonomy":"pwb-brand","embeddable":true,"href":"https:\/\/www.seaflowerstore.com\/de\/wp-json\/wp\/v2\/pwb-brand?post=86684"},{"taxonomy":"product_cat","embeddable":true,"href":"https:\/\/www.seaflowerstore.com\/de\/wp-json\/wp\/v2\/product_cat?post=86684"},{"taxonomy":"product_tag","embeddable":true,"href":"https:\/\/www.seaflowerstore.com\/de\/wp-json\/wp\/v2\/product_tag?post=86684"}],"curies":[{"name":"wp","href":"https:\/\/api.w.org\/{rel}","templated":true}]}}