{"id":86685,"date":"2018-11-30T13:31:44","date_gmt":"2018-11-30T12:31:44","guid":{"rendered":"https:\/\/www.seaflowerstore.com\/nl\/calcium-reference-kit-hi758-11\/"},"modified":"2024-03-20T16:55:22","modified_gmt":"2024-03-20T15:55:22","slug":"calcium-reference-kit-hi758-11","status":"publish","type":"product","link":"https:\/\/www.seaflowerstore.com\/de\/calcium-reference-kit-hi758-11\/","title":{"rendered":"Calcium reference kit HI758-11"},"content":{"rendered":"<h2>Calcium reference kit HI758-11<\/h2>\n<h2>Calcium-Referenzkit HI758-11 f\u00fcr den Hanna HI758 Calcium-Checker<\/h2>\n<p>Dieses Kit enth\u00e4lt zwei versiegelte Flaschen: eine mit einem Referenzwert von 0 und eine andere mit einer Fl\u00fcssigkeit, die einen Calciumspiegel von 400 ppm simuliert.<\/p>\n<p><strong>Verwendung:<\/strong><\/p>\n<ul>\n<li>Reinigen Sie zun\u00e4chst beide K\u00fcvetten mit einem weichen, kratzfreien Tuch. Fassen Sie sie nur an der Kappe an, um Fingerabdr\u00fccke zu vermeiden, die den Test beeintr\u00e4chtigen k\u00f6nnten.<\/li>\n<li>Schalten Sie anschlie\u00dfend den Checker ein, setzen Sie die klare K\u00fcvette (mit der Bezeichnung A) in den Halter und dr\u00fccken Sie dann die Taste.<\/li>\n<li>Wenn \u201eC. 2\u201c auf dem Display erscheint, wechseln Sie die K\u00fcvetten. Setzen Sie die K\u00fcvette mit der dunklen Fl\u00fcssigkeit in den Beh\u00e4lter ein und dr\u00fccken Sie erneut den Knopf.<\/li>\n<li>Der angezeigte Wert sollte bei 25 \u00b0C etwa zwischen 380 und 420 ppm liegen.<\/li>\n<\/ul>\n","protected":false},"excerpt":{"rendered":"<p>Calcium reference kit HI758-11 for the Hanna HI758 Calcium checker<\/p>\n","protected":false},"featured_media":81025,"template":"","meta":[],"pwb-brand":[2229],"product_cat":[1399],"product_tag":[],"class_list":{"0":"post-86685","1":"product","2":"type-product","3":"status-publish","4":"has-post-thumbnail","6":"pwb-brand-hanna-instruments","7":"product_cat-referenz-fluessigkeiten","8":"pa_show-myparcel-options-male-de","10":"first","11":"instock","12":"taxable","13":"shipping-taxable","14":"purchasable","15":"product-type-simple"},"acf":[],"brands":[{"id":2229,"name":"Hanna Instruments","slug":"hanna-instruments"}],"_links":{"self":[{"href":"https:\/\/www.seaflowerstore.com\/de\/wp-json\/wp\/v2\/product\/86685","targetHints":{"allow":["GET"]}}],"collection":[{"href":"https:\/\/www.seaflowerstore.com\/de\/wp-json\/wp\/v2\/product"}],"about":[{"href":"https:\/\/www.seaflowerstore.com\/de\/wp-json\/wp\/v2\/types\/product"}],"wp:featuredmedia":[{"embeddable":true,"href":"https:\/\/www.seaflowerstore.com\/de\/wp-json\/wp\/v2\/media\/81025"}],"wp:attachment":[{"href":"https:\/\/www.seaflowerstore.com\/de\/wp-json\/wp\/v2\/media?parent=86685"}],"wp:term":[{"taxonomy":"pwb-brand","embeddable":true,"href":"https:\/\/www.seaflowerstore.com\/de\/wp-json\/wp\/v2\/pwb-brand?post=86685"},{"taxonomy":"product_cat","embeddable":true,"href":"https:\/\/www.seaflowerstore.com\/de\/wp-json\/wp\/v2\/product_cat?post=86685"},{"taxonomy":"product_tag","embeddable":true,"href":"https:\/\/www.seaflowerstore.com\/de\/wp-json\/wp\/v2\/product_tag?post=86685"}],"curies":[{"name":"wp","href":"https:\/\/api.w.org\/{rel}","templated":true}]}}