{"id":86687,"date":"2018-11-16T18:08:17","date_gmt":"2018-11-16T17:08:17","guid":{"rendered":"https:\/\/www.seaflowerstore.com\/nl\/practical-manual-marine-aquarium-part-2\/"},"modified":"2024-03-20T16:55:20","modified_gmt":"2024-03-20T15:55:20","slug":"practical-manual-marine-aquarium-part-2","status":"publish","type":"product","link":"https:\/\/www.seaflowerstore.com\/de\/practical-manual-marine-aquarium-part-2\/","title":{"rendered":"Practical Manual Marine aquarium part 2"},"content":{"rendered":"<h2>Practical Manual Marine aquarium part 2 written in Dutch by Tanne Hoff<\/h2>\n<p>Wir freuen uns, Ihnen die neueste Erg\u00e4nzung Ihrer Aquarienbibliothek vorstellen zu k\u00f6nnen: ein neuer Teil mit 240 Seiten, der jetzt erh\u00e4ltlich ist! Ein Muss f\u00fcr jeden Aquarienliebhaber. Teil 2 des beliebtesten niederl\u00e4ndischen Buches \u00fcber Meerwasseraquarien ist vollgepackt mit einzigartigem Bildmaterial und wertvollen, sehr praktischen Informationen.<\/p>\n<p>Dieses umfassende und benutzerfreundliche Buch kombiniert neue und bestehende Erkenntnisse auf leicht verst\u00e4ndliche Weise. Mit dem richtigen Wissen und der richtigen Anwendung ist Ihr Erfolg bei der Pflege eines Meerwasseraquariums weitgehend reproduzierbar. Das Buch pr\u00e4sentiert auf klare Weise praktische Tipps und Ratschl\u00e4ge.<\/p>\n<p>Dieses Buch behandelt eine Vielzahl von Themen, darunter:<\/p>\n<ul>\n<li>Der Weg vom Meer zum Meeresaquarium<\/li>\n<li>Umzug von Aquarien<\/li>\n<li>Tierkombinationen<\/li>\n<li>Ungew\u00f6hnliche Arten<\/li>\n<li>Wachstumstechniken<\/li>\n<li>Kommerzielle Methoden<\/li>\n<li>Chemie<\/li>\n<li>Fragen- und Antworten-Abschnitt<\/li>\n<\/ul>\n<p>Es ist sowohl f\u00fcr Anf\u00e4nger als auch f\u00fcr fortgeschrittene Aquarienliebhaber konzipiert. Sie finden einzigartige Informationen und Bildmaterial, das Aquarien aus dem In- und Ausland pr\u00e4sentiert. Dar\u00fcber hinaus wurden Bildinhalte an verschiedenen Riffen auf der ganzen Welt aufgenommen. Das Buch enth\u00e4lt Kooperationen mit f\u00fchrenden Unternehmen der Wasserindustrie, Top-Aquarianern und Wissenschaftlern.<\/p>\n<p>Die Autorin Tanne Hoff ist eine engagierte Biologielehrerin, die seit \u00fcber zwanzig Jahren Meerwasseraquarien pflegt. Sie hat mehrere Artikel im In- und Ausland ver\u00f6ffentlicht und Vortr\u00e4ge \u00fcber Meerwasseraquarien gehalten. Insbesondere Teil 1 dieses Buches ist seit Jahren das meistverkaufte niederl\u00e4ndischsprachige Buch \u00fcber Meerwasseraquarien.<\/p>\n","protected":false},"excerpt":{"rendered":"<p>Practical Manual Marine aquarium part 2 written in Dutch by Tanne Hoff<\/p>\n","protected":false},"featured_media":81019,"template":"","meta":[],"pwb-brand":[2161],"product_cat":[1582],"product_tag":[],"class_list":{"0":"post-86687","1":"product","2":"type-product","3":"status-publish","4":"has-post-thumbnail","6":"pwb-brand-seaflower","7":"product_cat-buecher","8":"pa_show-myparcel-options-male-de","10":"first","11":"instock","12":"taxable","13":"shipping-taxable","14":"purchasable","15":"product-type-simple"},"acf":[],"brands":[{"id":2161,"name":"Seaflower","slug":"seaflower"}],"_links":{"self":[{"href":"https:\/\/www.seaflowerstore.com\/de\/wp-json\/wp\/v2\/product\/86687","targetHints":{"allow":["GET"]}}],"collection":[{"href":"https:\/\/www.seaflowerstore.com\/de\/wp-json\/wp\/v2\/product"}],"about":[{"href":"https:\/\/www.seaflowerstore.com\/de\/wp-json\/wp\/v2\/types\/product"}],"wp:featuredmedia":[{"embeddable":true,"href":"https:\/\/www.seaflowerstore.com\/de\/wp-json\/wp\/v2\/media\/81019"}],"wp:attachment":[{"href":"https:\/\/www.seaflowerstore.com\/de\/wp-json\/wp\/v2\/media?parent=86687"}],"wp:term":[{"taxonomy":"pwb-brand","embeddable":true,"href":"https:\/\/www.seaflowerstore.com\/de\/wp-json\/wp\/v2\/pwb-brand?post=86687"},{"taxonomy":"product_cat","embeddable":true,"href":"https:\/\/www.seaflowerstore.com\/de\/wp-json\/wp\/v2\/product_cat?post=86687"},{"taxonomy":"product_tag","embeddable":true,"href":"https:\/\/www.seaflowerstore.com\/de\/wp-json\/wp\/v2\/product_tag?post=86687"}],"curies":[{"name":"wp","href":"https:\/\/api.w.org\/{rel}","templated":true}]}}