{"id":86689,"date":"2018-11-11T13:17:52","date_gmt":"2018-11-11T12:17:52","guid":{"rendered":"https:\/\/www.seaflowerstore.com\/nl\/aqua-medic-k2-skimmer\/"},"modified":"2024-03-20T16:55:16","modified_gmt":"2024-03-20T15:55:16","slug":"aqua-medic-k2-skimmer","status":"publish","type":"product","link":"https:\/\/www.seaflowerstore.com\/de\/aqua-medic-k2-skimmer\/","title":{"rendered":"Aqua Medic K2 Skimmer"},"content":{"rendered":"<h2>Aqua Medic K2 Skimmer<\/h2>\n<h3>Aqua Medic K2 Eiwei\u00dfabsch\u00e4umer ist ein einstellbarer und sehr leistungsstarker Absch\u00e4umer f\u00fcr den Einsatz im Filtersumpf<\/h3>\n<p><strong>Eigenschaften:<\/strong><\/p>\n<ul>\n<li>Einstellbare 24 V Pumpe DC Runner inklusive Controller mit Taste zum vor\u00fcbergehenden Abschalten des Absch\u00e4umers.<\/li>\n<li>0-10 V Anschluss m\u00f6glich, um die Geschwindigkeit mit Ger\u00e4ten wie einem APEX- oder Profilux-Computer zu steuern.<\/li>\n<li>Hoher Lufteinlass.<\/li>\n<li>Optimale Luftblasen dank des neuen Power Wheel.<\/li>\n<li>Nahezu ger\u00e4uschloser Betrieb dank des Wasserauslasses an der Unterseite des Geh\u00e4uses.<\/li>\n<li>D\u00e4mpfer kann frei positioniert werden.<\/li>\n<li>Schaumbildung ist sowohl elektronisch als auch manuell einstellbar.<\/li>\n<li>Kompaktes Design, geeignet f\u00fcr kleine R\u00e4ume.<\/li>\n<li>Komplett zerlegbar, daher leicht zu sauber.<\/li>\n<\/ul>\n<table border=\"1\">\n<tbody>\n<tr>\n<td>Ausf\u00fchrung<\/td>\n<td><strong>K1<\/strong><\/td>\n<td><strong>K2<\/strong><\/td>\n<td><strong>K3<\/strong><\/td>\n<\/tr>\n<tr>\n<td>F\u00fcr Aquarien<\/td>\n<td>100 &#8211; 500 l<\/td>\n<td>200 &#8211; 1.000 l<\/td>\n<td>300 &#8211; 1.500 l<\/td>\n<\/tr>\n<tr>\n<td>Gesamtverbrauch<\/td>\n<td>max. 18 Watt<\/td>\n<td>max. 31 Watt<\/td>\n<td>max. 58 Watt<\/td>\n<\/tr>\n<tr>\n<td>Pumpe<\/td>\n<td>DC Runner K1<\/td>\n<td>DC Runner K2<\/td>\n<td>DC Runner K3<\/td>\n<\/tr>\n<tr>\n<td>Luftdurchsatz<\/td>\n<td>max. 1.000 l\/h<\/td>\n<td>max. 1.800 l\/h<\/td>\n<td>max. 3.100 l\/h<\/td>\n<\/tr>\n<tr>\n<td>Gesamth\u00f6he<\/td>\n<td>ca. 45 cm<\/td>\n<td>ca. 48 cm<\/td>\n<td>ca. 54 cm<\/td>\n<\/tr>\n<tr>\n<td>H\u00f6he Schaumbecher<\/td>\n<td>ca. 48 cm<\/td>\n<td>ca. 51 cm<\/td>\n<td>ca. 57 cm<\/td>\n<\/tr>\n<tr>\n<td>Platzbedarf<\/td>\n<td>ca. 20 x 24 cm<\/td>\n<td>ca. 35 x 24 cm<\/td>\n<td>40 x 25 cm<\/td>\n<\/tr>\n<tr>\n<td>Optimaler Wasserstand im Filterbecken<\/td>\n<td>ca. 14 &#8211; 18 cm<\/td>\n<td>ca. 18 &#8211; 23 cm<\/td>\n<td>ca. 18 &#8211; 23 cm<\/td>\n<\/tr>\n<\/tbody>\n<\/table>\n","protected":false},"excerpt":{"rendered":"<p>The Aqua Medic K2 skimmer is suitable for aquariums from 200 to 1000 liters<\/p>\n","protected":false},"featured_media":81012,"template":"","meta":[],"pwb-brand":[2149],"product_cat":[1421,1537,741],"product_tag":[],"class_list":{"0":"post-86689","1":"product","2":"type-product","3":"status-publish","4":"has-post-thumbnail","6":"pwb-brand-aqua-medic","7":"product_cat-aqua-medic-de","8":"product_cat-aquarientechnik","9":"product_cat-brands","10":"pa_show-myparcel-options-male-de","12":"first","13":"instock","14":"taxable","15":"shipping-taxable","16":"purchasable","17":"product-type-simple"},"acf":[],"brands":[{"id":2149,"name":"Aqua Medic","slug":"aqua-medic"}],"_links":{"self":[{"href":"https:\/\/www.seaflowerstore.com\/de\/wp-json\/wp\/v2\/product\/86689","targetHints":{"allow":["GET"]}}],"collection":[{"href":"https:\/\/www.seaflowerstore.com\/de\/wp-json\/wp\/v2\/product"}],"about":[{"href":"https:\/\/www.seaflowerstore.com\/de\/wp-json\/wp\/v2\/types\/product"}],"wp:featuredmedia":[{"embeddable":true,"href":"https:\/\/www.seaflowerstore.com\/de\/wp-json\/wp\/v2\/media\/81012"}],"wp:attachment":[{"href":"https:\/\/www.seaflowerstore.com\/de\/wp-json\/wp\/v2\/media?parent=86689"}],"wp:term":[{"taxonomy":"pwb-brand","embeddable":true,"href":"https:\/\/www.seaflowerstore.com\/de\/wp-json\/wp\/v2\/pwb-brand?post=86689"},{"taxonomy":"product_cat","embeddable":true,"href":"https:\/\/www.seaflowerstore.com\/de\/wp-json\/wp\/v2\/product_cat?post=86689"},{"taxonomy":"product_tag","embeddable":true,"href":"https:\/\/www.seaflowerstore.com\/de\/wp-json\/wp\/v2\/product_tag?post=86689"}],"curies":[{"name":"wp","href":"https:\/\/api.w.org\/{rel}","templated":true}]}}