{"id":86694,"date":"2018-10-23T15:54:02","date_gmt":"2018-10-23T13:54:02","guid":{"rendered":"https:\/\/www.seaflowerstore.com\/nl\/aquaforest-reef-mineral-salt-800-g\/"},"modified":"2024-03-20T16:55:05","modified_gmt":"2024-03-20T15:55:05","slug":"aquaforest-reef-mineral-salt-800-g","status":"publish","type":"product","link":"https:\/\/www.seaflowerstore.com\/de\/aquaforest-reef-mineral-salt-800-g\/","title":{"rendered":"Aquaforest Reef Mineral Salt 800 g"},"content":{"rendered":"<h2>Aquaforest Reef Mineral Salt 800 g<\/h2>\n<p><strong>Aquaforest Reef Mineral Salt 800 g<\/strong> ist unerl\u00e4sslich, um einen konstanten Mineralgehalt in Riffaquarien aufrechtzuerhalten. Um es effektiv zu nutzen, m\u00fcssen Sie 25 g in 1000 ml demineralisiertem Wasser aufl\u00f6sen. Um ein angemessenes Ionengleichgewicht zu erreichen, ist es wichtig, auch Kh-Puffer, Magnesium und Kalzium von Aquaforest zu verwenden.<\/p>\n<p>Dieses Produkt dient als wichtiges Mittel, um den Mineralgehalt in Ihrem Riffaquarium stabil zu halten. Die Verwendung von Reef Mineral Salt ist eine der Schl\u00fcsselkomponenten bei der Erg\u00e4nzung von Kalziumchlorid und Natriumbikarbonat, insbesondere wenn Sie die Balling-Methode anwenden. Ohne ausreichend Reef Mineral Salt kann es in Ihrem Aquarium zu gef\u00e4hrlichen Mineralmangelerscheinungen kommen. Mit der Zeit kann ein Mangel an essentiellen Mikro- und Makron\u00e4hrstoffen zu einer merklichen Verlangsamung des Wachstums f\u00fchren und dazu, dass Korallen eine blasse oder ung\u00fcltige F\u00e4rbung aufweisen.<\/p>\n<p><strong>Bitte beachten Sie:<\/strong> Die Dosierung von Reef Mineral Salt sollte nicht als Ersatz f\u00fcr notwendige Wasserwechsel angesehen werden, die weiterhin ein entscheidender Teil der Aquarienpflege sind.<\/p>\n<p>Dieses Produkt ist speziell f\u00fcr die Verwendung in einem Aquarium konzipiert.<\/p>\n","protected":false},"excerpt":{"rendered":"<p>To obtain an ion balance, one must also use Kh buffer, Magnesium and Calcium Aquaforest.<\/p>\n","protected":false},"featured_media":83286,"template":"","meta":[],"pwb-brand":[2199],"product_cat":[1414,1391],"product_tag":[],"class_list":{"0":"post-86694","1":"product","2":"type-product","3":"status-publish","4":"has-post-thumbnail","6":"pwb-brand-aquaforest","7":"product_cat-aquaforest-de","8":"product_cat-ergaenzungen","9":"pa_show-myparcel-options-male-de","11":"first","12":"instock","13":"taxable","14":"shipping-taxable","15":"purchasable","16":"product-type-simple"},"acf":[],"brands":[{"id":2199,"name":"Aquaforest","slug":"aquaforest"}],"_links":{"self":[{"href":"https:\/\/www.seaflowerstore.com\/de\/wp-json\/wp\/v2\/product\/86694","targetHints":{"allow":["GET"]}}],"collection":[{"href":"https:\/\/www.seaflowerstore.com\/de\/wp-json\/wp\/v2\/product"}],"about":[{"href":"https:\/\/www.seaflowerstore.com\/de\/wp-json\/wp\/v2\/types\/product"}],"wp:featuredmedia":[{"embeddable":true,"href":"https:\/\/www.seaflowerstore.com\/de\/wp-json\/wp\/v2\/media\/83286"}],"wp:attachment":[{"href":"https:\/\/www.seaflowerstore.com\/de\/wp-json\/wp\/v2\/media?parent=86694"}],"wp:term":[{"taxonomy":"pwb-brand","embeddable":true,"href":"https:\/\/www.seaflowerstore.com\/de\/wp-json\/wp\/v2\/pwb-brand?post=86694"},{"taxonomy":"product_cat","embeddable":true,"href":"https:\/\/www.seaflowerstore.com\/de\/wp-json\/wp\/v2\/product_cat?post=86694"},{"taxonomy":"product_tag","embeddable":true,"href":"https:\/\/www.seaflowerstore.com\/de\/wp-json\/wp\/v2\/product_tag?post=86694"}],"curies":[{"name":"wp","href":"https:\/\/api.w.org\/{rel}","templated":true}]}}