{"id":86699,"date":"2018-10-13T07:35:33","date_gmt":"2018-10-13T05:35:33","guid":{"rendered":"https:\/\/www.seaflowerstore.com\/nl\/aqua-medic-reef-salt-coral-20-kg\/"},"modified":"2024-03-20T16:54:52","modified_gmt":"2024-03-20T15:54:52","slug":"aqua-medic-reef-salt-coral-20-kg","status":"publish","type":"product","link":"https:\/\/www.seaflowerstore.com\/de\/aqua-medic-reef-salt-coral-20-kg\/","title":{"rendered":"Aqua Medic Reef Salt coral 20 kg"},"content":{"rendered":"<h2>Aqua Medic Reef Salt coral 20 kg<\/h2>\n<p><strong>Aqua Medic Reef Salt Coral 20 kg Eimer ist perfekt f\u00fcr die einfache Herstellung von Meerwasser.<\/strong><\/p>\n<p>Dieses Riffsalz enth\u00e4lt einen Vitamin-B-Komplex, der speziell f\u00fcr Korallen entwickelt wurde und das essentielle Vitamin B12 enth\u00e4lt, wie durch wissenschaftliche Forschung unterst\u00fctzt wird. Es bietet optimale nat\u00fcrliche Bedingungen, die das Wachstum und die leuchtenden Farben von SPS- und LPS-Korallen f\u00f6rdern.<\/p>\n<p>Hier sind einige wichtige Vorteile dieses Produkts:<\/p>\n<ul>\n<li>Hergestellt aus reinen chemischen Rohstoffen, st\u00e4ndige Qualit\u00e4ts\u00fcberwachung.<\/li>\n<li>Enth\u00e4lt einen pH-Puffer sowie hohe Mengen an Kalzium und Magnesium.<\/li>\n<li>Enth\u00e4lt alle notwendigen Spurenelemente f\u00fcr eine gesunde Korallenentwicklung.<\/li>\n<li>L\u00f6st sich leicht auf und hinterl\u00e4sst keine R\u00fcckst\u00e4nde, sodass eine schnelle Verwendung m\u00f6glich ist.<\/li>\n<\/ul>\n<p>Hier sind die spezifischen N\u00e4hrstoffwerte in der Mischung:<\/p>\n<ul>\n<li><strong>Na \u2013 Natrium:<\/strong> ~ 10500<\/li>\n<li><strong>Mg \u2013 Magnesium:<\/strong> ~ 1450<\/li>\n<li><strong>Ca \u2013 Kalzium:<\/strong> ~ 500<\/li>\n<li><strong>K \u2013 Kalium:<\/strong> ~ 420<\/li>\n<li><strong>Cl &#8211; Chlorid:<\/strong> ~ 19800<\/li>\n<li><strong>SO4 &#8211; Sulfat:<\/strong> ~ 2200<\/li>\n<li><strong>HCO3 &#8211; Bicarbonat:<\/strong> ~ 210<\/li>\n<li><strong>Sr &#8211; Strontium:<\/strong> ~ 16<\/li>\n<\/ul>\n<p>Dieses Produkt ist eine gro\u00dfartige Wahl, um sicherzustellen, dass Ihre Koralle in einer idealen Umgebung gedeiht.<\/p>\n","protected":false},"excerpt":{"rendered":"<p>Aqua Medic reef salt coral is of a special high quality composition suitable for all modern reef aquariums<\/p>\n","protected":false},"featured_media":80987,"template":"","meta":[],"pwb-brand":[2149],"product_cat":[1421,1443,515,741],"product_tag":[],"class_list":{"0":"post-86699","1":"product","2":"type-product","3":"status-publish","4":"has-post-thumbnail","6":"pwb-brand-aqua-medic","7":"product_cat-aqua-medic-de","8":"product_cat-salzig","9":"product_cat-additives","10":"product_cat-brands","11":"pa_show-myparcel-options-male-de","13":"first","14":"instock","15":"taxable","16":"shipping-taxable","17":"purchasable","18":"product-type-simple"},"acf":[],"brands":[{"id":2149,"name":"Aqua Medic","slug":"aqua-medic"}],"_links":{"self":[{"href":"https:\/\/www.seaflowerstore.com\/de\/wp-json\/wp\/v2\/product\/86699","targetHints":{"allow":["GET"]}}],"collection":[{"href":"https:\/\/www.seaflowerstore.com\/de\/wp-json\/wp\/v2\/product"}],"about":[{"href":"https:\/\/www.seaflowerstore.com\/de\/wp-json\/wp\/v2\/types\/product"}],"wp:featuredmedia":[{"embeddable":true,"href":"https:\/\/www.seaflowerstore.com\/de\/wp-json\/wp\/v2\/media\/80987"}],"wp:attachment":[{"href":"https:\/\/www.seaflowerstore.com\/de\/wp-json\/wp\/v2\/media?parent=86699"}],"wp:term":[{"taxonomy":"pwb-brand","embeddable":true,"href":"https:\/\/www.seaflowerstore.com\/de\/wp-json\/wp\/v2\/pwb-brand?post=86699"},{"taxonomy":"product_cat","embeddable":true,"href":"https:\/\/www.seaflowerstore.com\/de\/wp-json\/wp\/v2\/product_cat?post=86699"},{"taxonomy":"product_tag","embeddable":true,"href":"https:\/\/www.seaflowerstore.com\/de\/wp-json\/wp\/v2\/product_tag?post=86699"}],"curies":[{"name":"wp","href":"https:\/\/api.w.org\/{rel}","templated":true}]}}