{"id":86707,"date":"2018-10-05T13:17:22","date_gmt":"2018-10-05T11:17:22","guid":{"rendered":"https:\/\/www.seaflowerstore.com\/nl\/ai-nero-5-submersible-pump\/"},"modified":"2024-03-20T16:54:33","modified_gmt":"2024-03-20T15:54:33","slug":"ai-nero-5-submersible-pump","status":"publish","type":"product","link":"https:\/\/www.seaflowerstore.com\/de\/ai-nero-5-submersible-pump\/","title":{"rendered":"AI Nero 5 Submersible Pump"},"content":{"rendered":"<h2>AI Nero 5 Submersible Pump Wave Pump with a max capacity of 11300 liter\/hr<\/h2>\n<p>Die Tauchwellenpumpe Nero 5 ist die neuste Innovation im Bereich der Str\u00f6mungspumpen f\u00fcr Aquarien und wird Ihnen von Aqua Illumination pr\u00e4sentiert. Diese Pumpe bietet Aquarienliebhabern au\u00dfergew\u00f6hnliche Durchflussleistungen in einem kompakten Design, das sowohl stilvoll als auch minimalistisch ist.<\/p>\n<p>Mithilfe der \u201eMyAI\u201c-App k\u00f6nnen Sie den Nero 5 ganz einfach auf ein bestimmtes Programm einstellen und so das Durchflussmuster an die individuellen Bed\u00fcrfnisse Ihrer Wasserbewohner anpassen.<\/p>\n<h5><strong>Spezifikationen:<\/strong><\/h5>\n<ul>\n<li>Abmessungen: 2,1 Zoll L\u00e4nge x 2,8 Zoll Durchmesser<\/li>\n<li>Maximale Glasdicke: 13 mm \/ 0,5 Zoll<\/li>\n<li>Durchfluss: bis zu 3000 Gallonen\/Stunde \/ 11.300 Liter\/Stunde<\/li>\n<li>Eingang: 100\u2013240 VAC, 50\/60 Hz, 1 A<\/li>\n<li>Stromverbrauch: 30 W max<\/li>\n<\/ul>\n<h5><strong>Funktionen:<\/strong><\/h5>\n<ul>\n<li>Kompaktes Design mit erheblicher Durchflusskapazit\u00e4t; bis zu 3000 Gallonen \/ 11.300 Liter<\/li>\n<li>Vier Durchflussmodi:\n<ul>\n<li>Zuf\u00e4llig<\/li>\n<li>Puls<\/li>\n<li>Konstant<\/li>\n<li>Zeitplan<\/li>\n<\/ul>\n<\/li>\n<li>Einfache Einrichtung; einfach anschlie\u00dfen und los geht&#8217;s<\/li>\n<li>Zeitplaneinstellungen \u00fcber die MyAI-App verf\u00fcgbar, sodass Sie eine Routine erstellen k\u00f6nnen, die den Anforderungen Ihres Tanks entspricht<\/li>\n<li>Au\u00dfergew\u00f6hnlicher Durchfluss bei geringem Platzbedarf im Tank<\/li>\n<\/ul>\n","protected":false},"excerpt":{"rendered":"<p>The AI Nero 5 Submersible Wave Pump is latest in Aquarium Flow Pumps up to 11.300 ltr\/hr<\/p>\n","protected":false},"featured_media":80964,"template":"","meta":[],"pwb-brand":[2175],"product_cat":[1388,1383],"product_tag":[],"class_list":{"0":"post-86707","1":"product","2":"type-product","3":"status-publish","4":"has-post-thumbnail","6":"pwb-brand-aqua-illumination","7":"product_cat-stroemungspumpen","8":"product_cat-aqua-illumination-de","9":"pa_show-myparcel-options-male-de","11":"first","12":"outofstock","13":"taxable","14":"shipping-taxable","15":"purchasable","16":"product-type-simple"},"acf":[],"brands":[{"id":2175,"name":"Aqua Illumination","slug":"aqua-illumination"}],"_links":{"self":[{"href":"https:\/\/www.seaflowerstore.com\/de\/wp-json\/wp\/v2\/product\/86707","targetHints":{"allow":["GET"]}}],"collection":[{"href":"https:\/\/www.seaflowerstore.com\/de\/wp-json\/wp\/v2\/product"}],"about":[{"href":"https:\/\/www.seaflowerstore.com\/de\/wp-json\/wp\/v2\/types\/product"}],"wp:featuredmedia":[{"embeddable":true,"href":"https:\/\/www.seaflowerstore.com\/de\/wp-json\/wp\/v2\/media\/80964"}],"wp:attachment":[{"href":"https:\/\/www.seaflowerstore.com\/de\/wp-json\/wp\/v2\/media?parent=86707"}],"wp:term":[{"taxonomy":"pwb-brand","embeddable":true,"href":"https:\/\/www.seaflowerstore.com\/de\/wp-json\/wp\/v2\/pwb-brand?post=86707"},{"taxonomy":"product_cat","embeddable":true,"href":"https:\/\/www.seaflowerstore.com\/de\/wp-json\/wp\/v2\/product_cat?post=86707"},{"taxonomy":"product_tag","embeddable":true,"href":"https:\/\/www.seaflowerstore.com\/de\/wp-json\/wp\/v2\/product_tag?post=86707"}],"curies":[{"name":"wp","href":"https:\/\/api.w.org\/{rel}","templated":true}]}}